{"id":739,"date":"2023-12-26T23:52:59","date_gmt":"2023-12-26T16:52:59","guid":{"rendered":"https:\/\/tthpharma.com\/?post_type=product&#038;p=739"},"modified":"2026-04-16T09:43:17","modified_gmt":"2026-04-16T02:43:17","slug":"tinh-chat-chong-lao-hoa-timeless-matrixyl-3000-serum","status":"publish","type":"product","link":"https:\/\/tthpharma.com\/en\/product\/tinh-chat-chong-lao-hoa-timeless-matrixyl-3000-serum\/","title":{"rendered":"TIMELESS MATRIXYL\u00ae\ufe0f 3000 SERUM"},"content":{"rendered":"<p><strong>The Builder<\/strong> &#8211; T\u00e1i t\u1ea1o l\u00e0n da c\u1ee7a b\u1ea1n t\u1eeb trong ra ngo\u00e0i v\u1edbi Matrixyl\u00ae\ufe0f 3000\u00a0 Tinh ch\u1ea5t ch\u1ed1ng l\u00e3o h\u00f3a m\u1ea1nh m\u1ebd ph\u1ee5c h\u1ed3i c\u01a1 ch\u1ebf s\u1eeda ch\u1eefa collagen c\u1ee7a da gi\u00fap c\u1ea3i thi\u1ec7n \u0111\u1ed9 \u0111\u00e0n h\u1ed3i, \u0111\u1ed9 s\u0103n ch\u1eafc v\u00e0 k\u1ebft c\u1ea5u t\u1ed5ng th\u1ec3 c\u1ee7a da. L\u1ee3i \u00edch b\u1ed5 sung c\u1ee7a Axit Hyaluronic l\u00e0m t\u0103ng v\u00e0 duy tr\u00ec m\u1ee9c \u0111\u1ed9 hydrat h\u00f3a t\u1ed1i \u01b0u cho l\u00e0n da m\u1ecbn m\u00e0ng, kh\u1ecfe m\u1ea1nh h\u01a1n. C\u00f3 l\u1ee3i cho c\u1ed5 v\u00e0 ng\u1ef1c.<\/p>\n<p><strong>Recommended for:<\/strong> All skin types, especially sensitive skin.<\/p>\n<p><strong>Size:<\/strong> 1 oz ( 30 ml ) &amp; 2 oz ( 60 ml )<\/p>\n<p><strong>Made in:<\/strong> USA<\/p>\n<p><strong>SHELF-LIFE:<\/strong> Effective for 24 months from date of manufacture.<\/p>","protected":false},"excerpt":{"rendered":"<p><strong>The Builder<\/strong> - Rebuild your skin from the inside out with Matrixyl\u00ae\ufe0f 3000. The potent age-fighting serum restores the skin\u2019s collagen repair mechanisms which improve overall skin elasticity, firmness, and texture. The added benefit of Hyaluronic Acid increases and maintains optimal hydration levels for smoother, healthier-looking skin. Beneficial for neck and d\u00e9collet\u00e9.<\/p>\n<p><strong>Recommended for:<\/strong> All skin types, especially sensitive skin.<\/p>\n<p><strong>Size:<\/strong> 1 oz ( 30 ml ) &amp; 2 oz ( 60 ml )<\/p>\n<p><strong>Made in:<\/strong> USA<\/p>","protected":false},"featured_media":742,"comment_status":"open","ping_status":"closed","template":"","meta":[],"product_cat":[41],"product_tag":[55],"acf":[],"_links":{"self":[{"href":"https:\/\/tthpharma.com\/en\/wp-json\/wp\/v2\/product\/739"}],"collection":[{"href":"https:\/\/tthpharma.com\/en\/wp-json\/wp\/v2\/product"}],"about":[{"href":"https:\/\/tthpharma.com\/en\/wp-json\/wp\/v2\/types\/product"}],"replies":[{"embeddable":true,"href":"https:\/\/tthpharma.com\/en\/wp-json\/wp\/v2\/comments?post=739"}],"wp:featuredmedia":[{"embeddable":true,"href":"https:\/\/tthpharma.com\/en\/wp-json\/wp\/v2\/media\/742"}],"wp:attachment":[{"href":"https:\/\/tthpharma.com\/en\/wp-json\/wp\/v2\/media?parent=739"}],"wp:term":[{"taxonomy":"product_cat","embeddable":true,"href":"https:\/\/tthpharma.com\/en\/wp-json\/wp\/v2\/product_cat?post=739"},{"taxonomy":"product_tag","embeddable":true,"href":"https:\/\/tthpharma.com\/en\/wp-json\/wp\/v2\/product_tag?post=739"}],"curies":[{"name":"wp","href":"https:\/\/api.w.org\/{rel}","templated":true}]}}