{"id":733,"date":"2023-12-26T23:34:56","date_gmt":"2023-12-26T16:34:56","guid":{"rendered":"https:\/\/tthpharma.com\/?post_type=product&#038;p=733"},"modified":"2026-04-16T09:39:53","modified_gmt":"2026-04-16T02:39:53","slug":"tinh-chat-ngan-ngua-lao-hoa-timeless-coenzyme-q10-serum","status":"publish","type":"product","link":"https:\/\/tthpharma.com\/en\/product\/tinh-chat-ngan-ngua-lao-hoa-timeless-coenzyme-q10-serum\/","title":{"rendered":"TIMELESS COENZYME Q10 SERUM"},"content":{"rendered":"<p><strong>The Defender<\/strong>&#8211; Coenzyme Q10 Serum c\u1ee7a ch\u00fang t\u00f4i \u0111\u01b0\u1ee3c s\u1ea3n xu\u1ea5t v\u1edbi ba th\u00e0nh ph\u1ea7n si\u00eau sao ch\u1ed1ng n\u1ebfp nh\u0103n l\u00e0 Ubiquinone, Matrixyl 3000 v\u00e0 Axit Hyaluronic nguy\u00ean ch\u1ea5t 100%, \u0111\u1ed3ng th\u1eddi l\u00e0 v\u0169 kh\u00ed t\u1ed1i th\u01b0\u1ee3ng \u0111\u1ec3 ch\u1ed1ng l\u1ea1i c\u00e1c d\u1ea5u hi\u1ec7u l\u00e3o h\u00f3a r\u00f5 r\u1ec7t.<\/p>\n<p>Coenzyme Q10 is a powerful, natural antioxidant that helps energize skin cells to regenerate collagen and elasticity.<\/p>\n<p>Matrixyl\u00ae\ufe0f 3000, a safe alternative to Retinoids and Retinols, maximizes the synthesis of collagen in the skin.<\/p>\n<p>Hyaluronic Acid increases and retains moisture for skin that looks and feels hydrated.<\/p>\n<p>This anti-aging trifecta works overtime to replenish and repair while smoothing fine lines &amp; wrinkles.<\/p>\n<p><strong>Recommended for:<\/strong> All skin types, especially those with visible signs of aging. Not recommended for anyone with Vitiligo skin condition<\/p>\n<p><strong>Size:<\/strong> 1 oz ( 30 ml ) &amp; 2 oz ( 60 ml )<\/p>\n<p><strong>Made in:<\/strong> USA<\/p>\n<p><strong>SHELF-LIFE:<\/strong> Effective for 24 months from date of manufacture.<\/p>","protected":false},"excerpt":{"rendered":"<p><strong>The Defender<\/strong>&#8211; Coenzyme Q10 Serum c\u1ee7a ch\u00fang t\u00f4i \u0111\u01b0\u1ee3c s\u1ea3n xu\u1ea5t v\u1edbi ba th\u00e0nh ph\u1ea7n si\u00eau sao ch\u1ed1ng n\u1ebfp nh\u0103n l\u00e0 Ubiquinone, Matrixyl 3000 v\u00e0 Axit Hyaluronic nguy\u00ean ch\u1ea5t 100%, \u0111\u1ed3ng th\u1eddi l\u00e0 v\u0169 kh\u00ed t\u1ed1i th\u01b0\u1ee3ng \u0111\u1ec3 ch\u1ed1ng l\u1ea1i c\u00e1c d\u1ea5u hi\u1ec7u l\u00e3o h\u00f3a r\u00f5 r\u1ec7t.<\/p>\n<p>Coenzyme Q10 is a powerful, natural antioxidant that helps energize skin cells to regenerate collagen and elasticity.<\/p>\n<p>Matrixyl\u00ae\ufe0f 3000, a safe alternative to Retinoids and Retinols, maximizes the synthesis of collagen in the skin.<\/p>\n<p>Hyaluronic Acid increases and retains moisture for skin that looks and feels hydrated.<\/p>\n<p>This anti-aging trifecta works overtime to replenish and repair while smoothing fine lines &amp; wrinkles.<\/p>\n<p><strong>Recommended for:<\/strong> All skin types, especially those with visible signs of aging. Not recommended for anyone with Vitiligo skin condition<\/p>\n<p><strong>Size:<\/strong> 1 oz ( 30 ml ) &amp; 2 oz ( 60 ml )<\/p>\n<p><strong>Made in:<\/strong> USA<\/p>","protected":false},"featured_media":734,"comment_status":"open","ping_status":"closed","template":"","meta":[],"product_cat":[41],"product_tag":[53],"acf":[],"_links":{"self":[{"href":"https:\/\/tthpharma.com\/en\/wp-json\/wp\/v2\/product\/733"}],"collection":[{"href":"https:\/\/tthpharma.com\/en\/wp-json\/wp\/v2\/product"}],"about":[{"href":"https:\/\/tthpharma.com\/en\/wp-json\/wp\/v2\/types\/product"}],"replies":[{"embeddable":true,"href":"https:\/\/tthpharma.com\/en\/wp-json\/wp\/v2\/comments?post=733"}],"wp:featuredmedia":[{"embeddable":true,"href":"https:\/\/tthpharma.com\/en\/wp-json\/wp\/v2\/media\/734"}],"wp:attachment":[{"href":"https:\/\/tthpharma.com\/en\/wp-json\/wp\/v2\/media?parent=733"}],"wp:term":[{"taxonomy":"product_cat","embeddable":true,"href":"https:\/\/tthpharma.com\/en\/wp-json\/wp\/v2\/product_cat?post=733"},{"taxonomy":"product_tag","embeddable":true,"href":"https:\/\/tthpharma.com\/en\/wp-json\/wp\/v2\/product_tag?post=733"}],"curies":[{"name":"wp","href":"https:\/\/api.w.org\/{rel}","templated":true}]}}