{"id":2010,"date":"2025-09-11T11:21:13","date_gmt":"2025-09-11T04:21:13","guid":{"rendered":"https:\/\/tthpharma.com\/?post_type=product&#038;p=2010"},"modified":"2025-09-11T11:23:08","modified_gmt":"2025-09-11T04:23:08","slug":"que-trang-diem-megaglo-vitamin-e-makeup-stick-au-moonlike","status":"publish","type":"product","link":"https:\/\/tthpharma.com\/en\/product\/que-trang-diem-megaglo-vitamin-e-makeup-stick-au-moonlike\/","title":{"rendered":"Wet N Wild MegaGlo Vitamin E Makeup Stick-  Moonlike"},"content":{"rendered":"<div id=\"shopify-section-template--24542289461522__main\" class=\"shopify-section section-product-template\">\n<div class=\"product-area product-area--one-col header-overlap-section theme-init\" data-section-type=\"product-template\" data-components=\"tabs,accordion,sticky-scroll-direction\" data-is-featured-product=\"false\" data-ajax-add-to-cart=\"true\" data-is-preorder=\"false\" data-product-id=\"10099442974994\" data-enable-history-state=\"true\" data-section-id=\"1757559231244\">\n<div class=\"product-area__details product-detail\">\n<div class=\"product-area__details__inner\">\n<div class=\"product-area__details__header cc-animate-init -in cc-animate-complete\" data-cc-animate=\"\" data-cc-animate-delay=\"0.8s\" data-cc-animate-duration=\"1.2s\">\n<div class=\"product-detail__form\">\n<div class=\"product-detail-accordion\">\n<div class=\"cc-accordion cc-initialized\" data-allow-multi-open=\"true\">\n<details class=\"cc-accordion-item is-open\" open=\"\">\n<div class=\"cc-accordion-item__panel\">\n<div class=\"cc-accordion-item__content rte\">\n<p><span data-sheets-root=\"1\" data-sheets-value=\"{&quot;1&quot;:2,&quot;2&quot;:&quot;Show yourself some love with the Mega Glo vitamin E makeup stick collection! This multipurpose makeup can be used to seamlessly enhance, highlight, and add color to the face. Travel-ready and retractable, it\u2019s easy to apply touchups on the go.\\nwet n wild starts as everyone\u2019s first and remains a lifelong destination for vibrant and accessible beauty. Delivering over 40 years of trend-forward and all-inclusive innovations, we are your trusted beauty expert that will keep you looking fabulous without ever betraying your budget. From the bold \u2018n\u2019 bright to the neutral \u2018n\u2019 nuanced, we set out to spoil you with options while setting the gold standard of achievability. So go ahead, get your feet wet with us again and go wild with your imagination!&quot;}\" data-sheets-userformat=\"{&quot;2&quot;:33554945,&quot;3&quot;:{&quot;1&quot;:0},&quot;12&quot;:0,&quot;28&quot;:1}\"><span dir=\"auto\">H\u00e3y y\u00eau th\u01b0\u01a1ng b\u1ea3n th\u00e2n v\u1edbi b\u1ed9 s\u01b0u t\u1eadp que trang \u0111i\u1ec3m vitamin E Mega Glo! S\u1ea3n ph\u1ea9m trang \u0111i\u1ec3m \u0111a n\u0103ng n\u00e0y c\u00f3 th\u1ec3 \u0111\u01b0\u1ee3c s\u1eed d\u1ee5ng \u0111\u1ec3 l\u00e0m n\u1ed5i b\u1eadt, b\u1eaft s\u00e1ng v\u00e0 t\u00f4 \u0111i\u1ec3m cho khu\u00f4n m\u1eb7t m\u1ed9t c\u00e1ch d\u1ec5 d\u00e0ng. D\u1ec5 d\u00e0ng mang theo khi \u0111i du l\u1ecbch v\u00e0 c\u00f3 th\u1ec3 thu g\u1ecdn, gi\u00fap b\u1ea1n d\u1ec5 d\u00e0ng d\u1eb7m l\u1ea1i ph\u1ea5n khi \u0111ang di chuy\u1ec3n.<\/span><br \/>\n<\/span><\/p>\n<ul>\n<li><strong><span dir=\"auto\">Trang \u0111i\u1ec3m khi di chuy\u1ec3n<\/span><\/strong><span dir=\"auto\">\u00a0: Que trang \u0111i\u1ec3m c\u00f3 th\u1ec3 thu g\u1ecdn n\u00e0y ho\u00e0n h\u1ea3o \u0111\u1ec3 d\u1eb7m l\u1ea1i v\u00e0 c\u00f3 th\u1ec3 d\u00f9ng \u0111\u1ec3 l\u00e0m n\u1ed5i b\u1eadt, t\u1ea1o kh\u1ed1i, v.v.<\/span><\/li>\n<li><strong><span dir=\"auto\">M\u00e0u s\u1eafc \u0111\u1eadm<\/span><\/strong><span dir=\"auto\">\u00a0: Ch\u1ecdn t\u00f4ng m\u00e0u y\u00eau th\u00edch v\u00e0 th\u1ecfa s\u1ee9c s\u00e1ng t\u1ea1o! Nh\u1eefng th\u1ecfi trang \u0111i\u1ec3m n\u00e0y mang \u0111\u1ebfn cho b\u1ea1n l\u1edbp n\u1ec1n l\u00ec m\u1ecbn nh\u01b0 kem, ho\u00e0n h\u1ea3o cho m\u1ecdi phong c\u00e1ch trang \u0111i\u1ec3m.<\/span><\/li>\n<li><strong><span dir=\"auto\">B\u1ed5 sung Vitamin E<\/span><\/strong><span dir=\"auto\">\u00a0: Nh\u1eefng th\u1ecfi trang \u0111i\u1ec3m n\u00e0y \u0111\u01b0\u1ee3c pha tr\u1ed9n v\u1edbi vitamin E gi\u00e0u ch\u1ea5t ch\u1ed1ng oxy h\u00f3a v\u00e0 l\u00e0m d\u1ecbu da \u0111\u1ec3 gi\u00fap l\u00e0n da c\u1ee7a b\u1ea1n tr\u00f4ng v\u00e0 c\u1ea3m th\u1ea5y r\u1ea1ng r\u1ee1 h\u01a1n.<\/span><\/li>\n<li><strong><span dir=\"auto\">M\u1ec1m m\u1ecbn nh\u01b0 nhung<\/span><\/strong><span dir=\"auto\">\u00a0: C\u00f4ng th\u1ee9c d\u1ea1ng kem chuy\u1ec3n th\u00e0nh ph\u1ea5n m\u1ec1m m\u1ea1i l\u01b0\u1edbt nh\u1eb9 nh\u00e0ng v\u00e0 h\u00f2a quy\u1ec7n v\u00e0o da m\u1ed9t c\u00e1ch d\u1ec5 d\u00e0ng.<\/span><\/li>\n<li><strong><span dir=\"auto\">Kh\u00f4ng th\u1eed nghi\u1ec7m tr\u00ean \u0111\u1ed9ng v\u1eadt<\/span><\/strong><span dir=\"auto\">\u00a0: c\u00e1c s\u1ea3n ph\u1ea9m trang \u0111i\u1ec3m wet n wild kh\u00f4ng bao gi\u1edd th\u1eed nghi\u1ec7m tr\u00ean \u0111\u1ed9ng v\u1eadt v\u00e0 lu\u00f4n kh\u00f4ng th\u1eed nghi\u1ec7m tr\u00ean \u0111\u1ed9ng v\u1eadt.<\/span><\/li>\n<\/ul>\n<p><span data-sheets-root=\"1\" data-sheets-value=\"{&quot;1&quot;:2,&quot;2&quot;:&quot;Show yourself some love with the Mega Glo vitamin E makeup stick collection! This multipurpose makeup can be used to seamlessly enhance, highlight, and add color to the face. Travel-ready and retractable, it\u2019s easy to apply touchups on the go.\\nwet n wild starts as everyone\u2019s first and remains a lifelong destination for vibrant and accessible beauty. Delivering over 40 years of trend-forward and all-inclusive innovations, we are your trusted beauty expert that will keep you looking fabulous without ever betraying your budget. From the bold \u2018n\u2019 bright to the neutral \u2018n\u2019 nuanced, we set out to spoil you with options while setting the gold standard of achievability. So go ahead, get your feet wet with us again and go wild with your imagination!&quot;}\" data-sheets-userformat=\"{&quot;2&quot;:33554945,&quot;3&quot;:{&quot;1&quot;:0},&quot;12&quot;:0,&quot;28&quot;:1}\"><span dir=\"auto\">Wet N Wild kh\u1edfi \u0111\u1ea7u l\u00e0 \u0111i\u1ec3m \u0111\u1ebfn \u0111\u1ea7u ti\u00ean c\u1ee7a m\u1ecdi ng\u01b0\u1eddi v\u00e0 v\u1eabn lu\u00f4n l\u00e0 \u0111i\u1ec3m \u0111\u1ebfn tr\u1ecdn \u0111\u1eddi cho v\u1ebb \u0111\u1eb9p r\u1ea1ng r\u1ee1 v\u00e0 d\u1ec5 ti\u1ebfp c\u1eadn. V\u1edbi h\u01a1n 40 n\u0103m kinh nghi\u1ec7m ti\u00ean phong v\u00e0 \u0111\u1ed5i m\u1edbi to\u00e0n di\u1ec7n, ch\u00fang t\u00f4i l\u00e0 chuy\u00ean gia l\u00e0m \u0111\u1eb9p \u0111\u00e1ng tin c\u1eady, gi\u00fap b\u1ea1n lu\u00f4n xinh \u0111\u1eb9p m\u00e0 kh\u00f4ng v\u01b0\u1ee3t qu\u00e1 ng\u00e2n s\u00e1ch. T\u1eeb nh\u1eefng gam m\u00e0u t\u00e1o b\u1ea1o v\u00e0 r\u1ef1c r\u1ee1 \u0111\u1ebfn nh\u1eefng gam m\u00e0u trung t\u00ednh v\u00e0 tinh t\u1ebf, ch\u00fang t\u00f4i mang \u0111\u1ebfn cho b\u1ea1n v\u00f4 v\u00e0n l\u1ef1a ch\u1ecdn, \u0111\u1ed3ng th\u1eddi \u0111\u1eb7t ra ti\u00eau chu\u1ea9n v\u00e0ng v\u1ec1 t\u00ednh kh\u1ea3 thi. V\u1eady n\u00ean, h\u00e3y c\u00f9ng ch\u00fang t\u00f4i tr\u1ea3i nghi\u1ec7m v\u00e0 th\u1ecfa s\u1ee9c s\u00e1ng t\u1ea1o!<\/span><\/span><\/p>\n<\/div>\n<\/div>\n<\/details>\n<\/div>\n<\/div>\n<\/div>\n<\/div>\n<\/div>\n<\/div>\n<\/div>\n<\/div>\n<div id=\"shopify-section-template--24542289461522__product-recommendations\" class=\"shopify-section section-product-recommendations\">\n<div class=\"product-recommendations\" data-section-type=\"product-recommendations\" data-components=\"product-block\" data-url=\"\/recommendations\/products?section_id=template--24542289461522__product-recommendations&amp;product_id=10099442974994&amp;limit=12\">\n<div class=\"product-recommendations-container product-slider\">\n<div class=\"wide-container section-spacing\">\n<div class=\"product-list swiper-container swiper-container-horizontal\" data-products-in-view=\"3\">\n<h2 class=\"h2 section-heading cc-animate-init -in cc-animate-complete\" data-cc-animate=\"\"><\/h2>\n<\/div>\n<\/div>\n<\/div>\n<\/div>\n<\/div>","protected":false},"excerpt":{"rendered":"<div class=\"sku product-detail__gap-sm\"><strong><span dir=\"auto\">M\u00e3 s\u1ea3n ph\u1ea9m:\u00a0<\/span><span class=\"sku__value\"><span dir=\"auto\">1116096<\/span><\/span><\/strong><\/div>\n<div class=\"product-area__rich-text-block product-detail__gap-sm rte\">\n<p><span data-sheets-root=\"1\" data-sheets-value=\"{&quot;1&quot;:2,&quot;2&quot;:&quot;Show yourself some love with the Mega Glo vitamin E makeup stick collection! This multipurpose makeup can be used to seamlessly enhance, highlight, and add color to the face. Travel-ready and retractable, it\u2019s easy to apply touchups on the go.&quot;}\" data-sheets-userformat=\"{&quot;2&quot;:33555217,&quot;3&quot;:{&quot;1&quot;:0},&quot;7&quot;:{&quot;1&quot;:[{&quot;1&quot;:2,&quot;2&quot;:0,&quot;5&quot;:{&quot;1&quot;:2,&quot;2&quot;:0}},{&quot;1&quot;:0,&quot;2&quot;:0,&quot;3&quot;:3},{&quot;1&quot;:1,&quot;2&quot;:0,&quot;4&quot;:3}]},&quot;11&quot;:3,&quot;12&quot;:0,&quot;28&quot;:1}\"><span dir=\"auto\">H\u00e3y y\u00eau th\u01b0\u01a1ng b\u1ea3n th\u00e2n v\u1edbi que trang \u0111i\u1ec3m vitamin E Mega Glo ! S\u1ea3n ph\u1ea9m trang \u0111i\u1ec3m \u0111a n\u0103ng n\u00e0y c\u00f3 th\u1ec3 \u0111\u01b0\u1ee3c s\u1eed d\u1ee5ng \u0111\u1ec3 l\u00e0m n\u1ed5i b\u1eadt, b\u1eaft s\u00e1ng v\u00e0 t\u00f4 \u0111i\u1ec3m cho khu\u00f4n m\u1eb7t m\u1ed9t c\u00e1ch d\u1ec5 d\u00e0ng. D\u1ec5 d\u00e0ng mang theo khi \u0111i du l\u1ecbch v\u00e0 c\u00f3 th\u1ec3 thu g\u1ecdn, gi\u00fap b\u1ea1n d\u1ec5 d\u00e0ng d\u1eb7m l\u1ea1i ph\u1ea5n khi \u0111ang di chuy\u1ec3n.<\/span><\/span><\/p>\n<\/div>","protected":false},"featured_media":1859,"comment_status":"open","ping_status":"closed","template":"","meta":[],"product_cat":[62,63],"product_tag":[],"acf":[],"_links":{"self":[{"href":"https:\/\/tthpharma.com\/en\/wp-json\/wp\/v2\/product\/2010"}],"collection":[{"href":"https:\/\/tthpharma.com\/en\/wp-json\/wp\/v2\/product"}],"about":[{"href":"https:\/\/tthpharma.com\/en\/wp-json\/wp\/v2\/types\/product"}],"replies":[{"embeddable":true,"href":"https:\/\/tthpharma.com\/en\/wp-json\/wp\/v2\/comments?post=2010"}],"wp:featuredmedia":[{"embeddable":true,"href":"https:\/\/tthpharma.com\/en\/wp-json\/wp\/v2\/media\/1859"}],"wp:attachment":[{"href":"https:\/\/tthpharma.com\/en\/wp-json\/wp\/v2\/media?parent=2010"}],"wp:term":[{"taxonomy":"product_cat","embeddable":true,"href":"https:\/\/tthpharma.com\/en\/wp-json\/wp\/v2\/product_cat?post=2010"},{"taxonomy":"product_tag","embeddable":true,"href":"https:\/\/tthpharma.com\/en\/wp-json\/wp\/v2\/product_tag?post=2010"}],"curies":[{"name":"wp","href":"https:\/\/api.w.org\/{rel}","templated":true}]}}