{"id":1994,"date":"2025-08-22T13:00:42","date_gmt":"2025-08-22T06:00:42","guid":{"rendered":"https:\/\/tthpharma.com\/?post_type=product&#038;p=1994"},"modified":"2025-08-22T13:00:42","modified_gmt":"2025-08-22T06:00:42","slug":"but-chi-ke-mat-color-icon-kohl-eyeliner-pencil-mau-babys-got-black","status":"publish","type":"product","link":"https:\/\/tthpharma.com\/en\/product\/but-chi-ke-mat-color-icon-kohl-eyeliner-pencil-mau-babys-got-black\/","title":{"rendered":"Wet N Wild Color Icon Kohl Eyeliner Pencil - Baby\u2019s Got Black"},"content":{"rendered":"","protected":false},"excerpt":{"rendered":"<div class=\"sku product-detail__gap-sm\"><strong><span dir=\"auto\"><br \/>\nM\u00e3 s\u1ea3n ph\u1ea9m: E<\/span><span class=\"sku__value\"><span dir=\"auto\">601A<\/span><\/span><\/strong><\/div>\n<div class=\"product-area__rich-text-block product-detail__gap-sm rte\">\n<p>&nbsp;<\/p>\n<ul>\n<li><span dir=\"auto\">C\u00f4ng th\u1ee9c c\u1ea3i ti\u1ebfn m\u1edbi cho th\u1eddi gian s\u1eed d\u1ee5ng l\u00ean \u0111\u1ebfn 12 gi\u1edd<\/span><\/li>\n<li><span dir=\"auto\">M\u00e0u s\u1eafc phong ph\u00fa, si\u00eau s\u1eafc t\u1ed1<\/span><\/li>\n<li><span dir=\"auto\">\u1ee8ng d\u1ee5ng c\u1ef1c k\u1ef3 m\u1ecbn m\u00e0ng, c\u1ef1c k\u1ef3 kem<\/span><\/li>\n<li><span dir=\"auto\">C\u1ef1c k\u1ef3 linh ho\u1ea1t \u0111\u1ec3 t\u1ea1o ra b\u1ea5t k\u1ef3 di\u1ec7n m\u1ea1o n\u00e0o m\u00e0 kh\u00f4ng b\u1ecb nh\u00f2e<\/span><\/li>\n<\/ul>\n<\/div>","protected":false},"featured_media":1996,"comment_status":"open","ping_status":"closed","template":"","meta":[],"product_cat":[62,65],"product_tag":[],"acf":[],"_links":{"self":[{"href":"https:\/\/tthpharma.com\/en\/wp-json\/wp\/v2\/product\/1994"}],"collection":[{"href":"https:\/\/tthpharma.com\/en\/wp-json\/wp\/v2\/product"}],"about":[{"href":"https:\/\/tthpharma.com\/en\/wp-json\/wp\/v2\/types\/product"}],"replies":[{"embeddable":true,"href":"https:\/\/tthpharma.com\/en\/wp-json\/wp\/v2\/comments?post=1994"}],"wp:featuredmedia":[{"embeddable":true,"href":"https:\/\/tthpharma.com\/en\/wp-json\/wp\/v2\/media\/1996"}],"wp:attachment":[{"href":"https:\/\/tthpharma.com\/en\/wp-json\/wp\/v2\/media?parent=1994"}],"wp:term":[{"taxonomy":"product_cat","embeddable":true,"href":"https:\/\/tthpharma.com\/en\/wp-json\/wp\/v2\/product_cat?post=1994"},{"taxonomy":"product_tag","embeddable":true,"href":"https:\/\/tthpharma.com\/en\/wp-json\/wp\/v2\/product_tag?post=1994"}],"curies":[{"name":"wp","href":"https:\/\/api.w.org\/{rel}","templated":true}]}}