{"id":1982,"date":"2025-08-22T12:44:40","date_gmt":"2025-08-22T05:44:40","guid":{"rendered":"https:\/\/tthpharma.com\/?post_type=product&#038;p=1982"},"modified":"2025-08-22T12:44:41","modified_gmt":"2025-08-22T05:44:41","slug":"but-chi-ke-va-dinh-hinh-chan-may-wet-n-wind-ultimate-brow-retractable-mau-ash-brown","status":"publish","type":"product","link":"https:\/\/tthpharma.com\/en\/product\/but-chi-ke-va-dinh-hinh-chan-may-wet-n-wind-ultimate-brow-retractable-mau-ash-brown\/","title":{"rendered":"Wet N Wind Ultimate Brow Retractable - Ash Brown"},"content":{"rendered":"<p>Th\u1eadt tuy\u1ec7t v\u1eddi khi \u0111\u01b0\u1ee3c \u0111\u0103ng l\u00ean Instagram! H\u00e3y k\u1ebb v\u00e0 \u0111\u1ecbnh h\u00ecnh l\u00f4ng m\u00e0y c\u1ee7a b\u1ea1n v\u1edbi \u0111\u1ea7u ch\u00ec tam gi\u00e1c \u0111\u1ed9c \u0111\u00e1o c\u1ee7a ch\u00fang t\u00f4i. S\u1ea3n ph\u1ea9m t\u1ea1o ra nh\u1eefng n\u00e9t v\u1ebd \u0111\u1ee7 nh\u1ecf \u0111\u1ec3 tr\u00f4ng gi\u1ed1ng nh\u01b0 nh\u1eefng s\u1ee3i l\u00f4ng m\u1ea3nh nh\u1ea5t c\u1ee7a b\u1ea1n v\u00e0 l\u00e0m s\u1eafc n\u00e9t c\u00e1c c\u1ea1nh c\u1ee7a l\u00f4ng m\u00e0y v\u1edbi c\u00e1c s\u1eafc t\u1ed1 ch\u1ed1ng c\u1ecd x\u00e1t. H\u00e3y ch\u1ea3i v\u00e0 t\u00e1n \u0111\u1ec1u b\u1eb1ng \u0111\u1ea7u ch\u1ea3i t\u00edch h\u1ee3p s\u1eb5n c\u1ee7a b\u00fat. Khi ho\u00e0n t\u1ea5t, \u0111\u1ea7u ch\u00ec s\u1ebd t\u1ef1 \u0111\u1ed9ng thu l\u1ea1i \u0111\u1ec3 b\u1ea1n d\u1ec5 d\u00e0ng c\u1ea5t v\u00e0o t\u00fai \u0111\u1ef1ng \u0111\u1ed3 trang \u0111i\u1ec3m.<\/p>","protected":false},"excerpt":{"rendered":"<p><strong><br \/>\nM\u00e3 s\u1ea3n ph\u1ea9m: E626A<\/strong><\/p>\n<p>Th\u1eadt tuy\u1ec7t v\u1eddi khi \u0111\u01b0\u1ee3c \u0111\u0103ng l\u00ean Instagram ! H\u00e3y k\u1ebb v\u00e0 \u0111\u1ecbnh h\u00ecnh l\u00f4ng m\u00e0y c\u1ee7a b\u1ea1n v\u1edbi \u0111\u1ea7u ch\u00ec tam gi\u00e1c \u0111\u1ed9c \u0111\u00e1o c\u1ee7a ch\u00fang t\u00f4i. S\u1ea3n ph\u1ea9m t\u1ea1o ra nh\u1eefng n\u00e9t v\u1ebd \u0111\u1ee7 nh\u1ecf \u0111\u1ec3 tr\u00f4ng gi\u1ed1ng nh\u01b0 nh\u1eefng s\u1ee3i l\u00f4ng m\u1ea3nh nh\u1ea5t c\u1ee7a b\u1ea1n v\u00e0 l\u00e0m s\u1eafc n\u00e9t c\u00e1c c\u1ea1nh c\u1ee7a l\u00f4ng m\u00e0y v\u1edbi c\u00e1c s\u1eafc t\u1ed1 ch\u1ed1ng c\u1ecd x\u00e1t. H\u00e3y ch\u1ea3i v\u00e0 t\u00e1n \u0111\u1ec1u b\u1eb1ng \u0111\u1ea7u ch\u1ea3i t\u00edch h\u1ee3p s\u1eb5n c\u1ee7a b\u00fat. Khi ho\u00e0n t\u1ea5t, \u0111\u1ea7u ch\u00ec s\u1ebd t\u1ef1 \u0111\u1ed9ng thu l\u1ea1i \u0111\u1ec3 b\u1ea1n d\u1ec5 d\u00e0ng c\u1ea5t v\u00e0o t\u00fai \u0111\u1ef1ng \u0111\u1ed3 trang \u0111i\u1ec3m.<\/p>","protected":false},"featured_media":1983,"comment_status":"open","ping_status":"closed","template":"","meta":[],"product_cat":[62,65],"product_tag":[],"acf":[],"_links":{"self":[{"href":"https:\/\/tthpharma.com\/en\/wp-json\/wp\/v2\/product\/1982"}],"collection":[{"href":"https:\/\/tthpharma.com\/en\/wp-json\/wp\/v2\/product"}],"about":[{"href":"https:\/\/tthpharma.com\/en\/wp-json\/wp\/v2\/types\/product"}],"replies":[{"embeddable":true,"href":"https:\/\/tthpharma.com\/en\/wp-json\/wp\/v2\/comments?post=1982"}],"wp:featuredmedia":[{"embeddable":true,"href":"https:\/\/tthpharma.com\/en\/wp-json\/wp\/v2\/media\/1983"}],"wp:attachment":[{"href":"https:\/\/tthpharma.com\/en\/wp-json\/wp\/v2\/media?parent=1982"}],"wp:term":[{"taxonomy":"product_cat","embeddable":true,"href":"https:\/\/tthpharma.com\/en\/wp-json\/wp\/v2\/product_cat?post=1982"},{"taxonomy":"product_tag","embeddable":true,"href":"https:\/\/tthpharma.com\/en\/wp-json\/wp\/v2\/product_tag?post=1982"}],"curies":[{"name":"wp","href":"https:\/\/api.w.org\/{rel}","templated":true}]}}