{"id":1952,"date":"2025-08-22T11:43:37","date_gmt":"2025-08-22T04:43:37","guid":{"rendered":"https:\/\/tthpharma.com\/?post_type=product&#038;p=1952"},"modified":"2025-08-22T11:43:37","modified_gmt":"2025-08-22T04:43:37","slug":"but-ke-mat-wet-n-wild-breakup-proof-waterproof-retractable-eyeliner-mau-blackest-black-chong-nuoc","status":"publish","type":"product","link":"https:\/\/tthpharma.com\/en\/product\/but-ke-mat-wet-n-wild-breakup-proof-waterproof-retractable-eyeliner-mau-blackest-black-chong-nuoc\/","title":{"rendered":"Wet N Wild Breakup Proof Waterproof Retractable Eyeliner - Blackest Black"},"content":{"rendered":"<p>C\u00f4ng th\u1ee9c ch\u1ed1ng th\u1ea5m n\u01b0\u1edbc, m\u01b0\u1ee3t m\u00e0 c\u1ee7a ch\u00fang t\u00f4i nh\u1eb9 nh\u00e0ng, tho\u1ea3i m\u00e1i v\u00e0 l\u01b0\u1edbt nh\u1eb9 tr\u00ean m\u00ed m\u1eaft m\u00e0 kh\u00f4ng g\u00e2y kh\u00f3 ch\u1ecbu hay k\u00e9o c\u0103ng v\u00f9ng da m\u1eaft m\u1ecfng manh. C\u00f4ng th\u1ee9c gel satin mang l\u1ea1i m\u00e0u s\u1eafc b\u1ec1n l\u00e2u, gi\u00e0u s\u1eafc t\u1ed1 l\u00ean \u0111\u1ebfn 16 gi\u1edd ch\u1ec9 v\u1edbi m\u1ed9t l\u1ea7n thoa nh\u1eb9 nh\u00e0ng, m\u01b0\u1ee3t m\u00e0. Kh\u00f4ng lem, kh\u00f4ng tr\u00f4i v\u00e0 kh\u00f4ng th\u1ea5m n\u01b0\u1edbc.<\/p>","protected":false},"excerpt":{"rendered":"<div class=\"sku product-detail__gap-sm\"><strong><span dir=\"auto\"><br \/>\nM\u00e3 s\u1ea3n ph\u1ea9m:\u00a0<\/span><span class=\"sku__value\"><span dir=\"auto\">1111491E<\/span><\/span><\/strong><\/div>\n<div class=\"product-area__rich-text-block product-detail__gap-sm rte\">\n<p><span dir=\"auto\"><br \/>\nB\u00fat k\u1ebb m\u1eaft d\u1ea1ng gel si\u00eau s\u1eafc t\u1ed1, ch\u1ed1ng th\u1ea5m n\u01b0\u1edbc, l\u01b0\u1edbt nh\u1eb9 nh\u00e0ng tr\u00ean m\u00e0u s\u1eafc si\u00eau b\u00e3o h\u00f2a v\u00e0 gi\u1eef nguy\u00ean m\u00e0u trong t\u1ed1i \u0111a 16 gi\u1edd.<\/span><\/p>\n<\/div>\n<p>&nbsp;<\/p>\n<p><img loading=\"lazy\" decoding=\"async\" class=\"alignnone size-full wp-image-1707\" src=\"https:\/\/tthpharma.com\/wp-content\/uploads\/2025\/08\/Vector-Smart-Object-02_150x.webp\" alt=\"\" width=\"104\" height=\"105\" srcset=\"https:\/\/tthpharma.com\/wp-content\/uploads\/2025\/08\/Vector-Smart-Object-02_150x.webp 104w, https:\/\/tthpharma.com\/wp-content\/uploads\/2025\/08\/Vector-Smart-Object-02_150x-12x12.webp 12w, https:\/\/tthpharma.com\/wp-content\/uploads\/2025\/08\/Vector-Smart-Object-02_150x-100x100.webp 100w\" sizes=\"(max-width: 104px) 100vw, 104px\" \/> <img loading=\"lazy\" decoding=\"async\" class=\"alignnone size-full wp-image-1705\" src=\"https:\/\/tthpharma.com\/wp-content\/uploads\/2025\/08\/Vector-Smart-Object_150x.webp\" alt=\"\" width=\"104\" height=\"105\" srcset=\"https:\/\/tthpharma.com\/wp-content\/uploads\/2025\/08\/Vector-Smart-Object_150x.webp 104w, https:\/\/tthpharma.com\/wp-content\/uploads\/2025\/08\/Vector-Smart-Object_150x-12x12.webp 12w, https:\/\/tthpharma.com\/wp-content\/uploads\/2025\/08\/Vector-Smart-Object_150x-100x100.webp 100w\" sizes=\"(max-width: 104px) 100vw, 104px\" \/><\/p>","protected":false},"featured_media":1956,"comment_status":"open","ping_status":"closed","template":"","meta":[],"product_cat":[62,65],"product_tag":[],"acf":[],"_links":{"self":[{"href":"https:\/\/tthpharma.com\/en\/wp-json\/wp\/v2\/product\/1952"}],"collection":[{"href":"https:\/\/tthpharma.com\/en\/wp-json\/wp\/v2\/product"}],"about":[{"href":"https:\/\/tthpharma.com\/en\/wp-json\/wp\/v2\/types\/product"}],"replies":[{"embeddable":true,"href":"https:\/\/tthpharma.com\/en\/wp-json\/wp\/v2\/comments?post=1952"}],"wp:featuredmedia":[{"embeddable":true,"href":"https:\/\/tthpharma.com\/en\/wp-json\/wp\/v2\/media\/1956"}],"wp:attachment":[{"href":"https:\/\/tthpharma.com\/en\/wp-json\/wp\/v2\/media?parent=1952"}],"wp:term":[{"taxonomy":"product_cat","embeddable":true,"href":"https:\/\/tthpharma.com\/en\/wp-json\/wp\/v2\/product_cat?post=1952"},{"taxonomy":"product_tag","embeddable":true,"href":"https:\/\/tthpharma.com\/en\/wp-json\/wp\/v2\/product_tag?post=1952"}],"curies":[{"name":"wp","href":"https:\/\/api.w.org\/{rel}","templated":true}]}}