{"id":1949,"date":"2025-08-22T11:27:03","date_gmt":"2025-08-22T04:27:03","guid":{"rendered":"https:\/\/tthpharma.com\/?post_type=product&#038;p=1949"},"modified":"2025-08-22T11:27:03","modified_gmt":"2025-08-22T04:27:03","slug":"mascara-wet-n-wild-mega-protein-waterproof-chong-nuoc","status":"publish","type":"product","link":"https:\/\/tthpharma.com\/en\/product\/mascara-wet-n-wild-mega-protein-waterproof-chong-nuoc\/","title":{"rendered":"Wet N Wild Mega Protein Waterproof Mascara"},"content":{"rendered":"<p>B\u1ea1n lu\u00f4n th\u00edch s\u1ef1 \u1ea5n t\u01b0\u1ee3ng, \u0111\u1eb7c bi\u1ec7t l\u00e0 khi n\u00f3i \u0111\u1ebfn mascara. Kh\u00f4ng g\u00ec \u1ea5n t\u01b0\u1ee3ng h\u01a1n h\u00e0ng mi d\u00e0i, kh\u1ecfe m\u1ea1nh v\u00e0 \u0111en nh\u00e1nh, cong v\u00fat tr\u00ean m\u00e1 v\u00e0 l\u00e0m n\u1ed5i b\u1eadt \u0111\u00f4i m\u1eaft quy\u1ebfn r\u0169 c\u1ee7a b\u1ea1n. Mascara ch\u1ed1ng n\u01b0\u1edbc Mega Protein\u2122 v\u1edbi c\u00f4ng th\u1ee9c hi\u1ec7u su\u1ea5t cao, mang \u0111\u1ebfn h\u00e0ng mi kh\u1ecfe m\u1ea1nh v\u1edbi hi\u1ec7u \u1ee9ng th\u1ecb gi\u00e1c t\u1ed1i \u0111a nh\u1edd th\u00e0nh ph\u1ea7n d\u1ea7u acai v\u00e0 protein \u0111\u1eadu n\u00e0nh. Mascara c\u00f2n \u0111\u01b0\u1ee3c t\u0103ng c\u01b0\u1eddng hi\u1ec7u qu\u1ea3 ch\u1ed1ng n\u01b0\u1edbc, ch\u1ed1ng m\u1ed3 h\u00f4i, ch\u1ed1ng \u1ea9m v\u00e0 ch\u1ed1ng lem. S\u1eed d\u1ee5ng c\u1ecd xo\u1eafn m\u1ec1m m\u1ea1i \u0111\u1ec3 chu\u1ed1t mascara nhanh ch\u00f3ng v\u00e0 \u0111\u1ec1u m\u00e0u tr\u00ean t\u1eebng s\u1ee3i mi.<\/p>","protected":false},"excerpt":{"rendered":"<div class=\"sku product-detail__gap-sm\"><strong><span dir=\"auto\"><br \/>\nM\u00e3 s\u1ea3n ph\u1ea9m: E<\/span><span class=\"sku__value\"><span dir=\"auto\">154A<\/span><\/span><\/strong><\/div>\n<div class=\"product-area__rich-text-block product-detail__gap-sm rte\">\n<p><span dir=\"auto\"><br \/>\nMascara ch\u1ed1ng n\u01b0\u1edbc Mega Protein\u2122 c\u00f3 c\u00f4ng th\u1ee9c hi\u1ec7u su\u1ea5t cao gi\u00fap nu\u00f4i d\u01b0\u1ee1ng h\u00e0ng mi tr\u00f4ng kh\u1ecfe m\u1ea1nh v\u1edbi hi\u1ec7u \u1ee9ng th\u1ecb gi\u00e1c t\u1ed1i \u0111a.<\/span><\/p>\n<\/div>\n<p>&nbsp;<\/p>\n<p><img loading=\"lazy\" decoding=\"async\" class=\"alignnone size-full wp-image-1707\" src=\"https:\/\/tthpharma.com\/wp-content\/uploads\/2025\/08\/Vector-Smart-Object-02_150x.webp\" alt=\"\" width=\"104\" height=\"105\" srcset=\"https:\/\/tthpharma.com\/wp-content\/uploads\/2025\/08\/Vector-Smart-Object-02_150x.webp 104w, https:\/\/tthpharma.com\/wp-content\/uploads\/2025\/08\/Vector-Smart-Object-02_150x-12x12.webp 12w, https:\/\/tthpharma.com\/wp-content\/uploads\/2025\/08\/Vector-Smart-Object-02_150x-100x100.webp 100w\" sizes=\"(max-width: 104px) 100vw, 104px\" \/><\/p>","protected":false},"featured_media":1951,"comment_status":"open","ping_status":"closed","template":"","meta":[],"product_cat":[62,65],"product_tag":[],"acf":[],"_links":{"self":[{"href":"https:\/\/tthpharma.com\/en\/wp-json\/wp\/v2\/product\/1949"}],"collection":[{"href":"https:\/\/tthpharma.com\/en\/wp-json\/wp\/v2\/product"}],"about":[{"href":"https:\/\/tthpharma.com\/en\/wp-json\/wp\/v2\/types\/product"}],"replies":[{"embeddable":true,"href":"https:\/\/tthpharma.com\/en\/wp-json\/wp\/v2\/comments?post=1949"}],"wp:featuredmedia":[{"embeddable":true,"href":"https:\/\/tthpharma.com\/en\/wp-json\/wp\/v2\/media\/1951"}],"wp:attachment":[{"href":"https:\/\/tthpharma.com\/en\/wp-json\/wp\/v2\/media?parent=1949"}],"wp:term":[{"taxonomy":"product_cat","embeddable":true,"href":"https:\/\/tthpharma.com\/en\/wp-json\/wp\/v2\/product_cat?post=1949"},{"taxonomy":"product_tag","embeddable":true,"href":"https:\/\/tthpharma.com\/en\/wp-json\/wp\/v2\/product_tag?post=1949"}],"curies":[{"name":"wp","href":"https:\/\/api.w.org\/{rel}","templated":true}]}}