{"id":1941,"date":"2025-08-22T11:19:29","date_gmt":"2025-08-22T04:19:29","guid":{"rendered":"https:\/\/tthpharma.com\/?post_type=product&#038;p=1941"},"modified":"2025-08-22T11:19:29","modified_gmt":"2025-08-22T04:19:29","slug":"mascara-so-defined-volumizing-defining-mau-den","status":"publish","type":"product","link":"https:\/\/tthpharma.com\/en\/product\/mascara-so-defined-volumizing-defining-mau-den\/","title":{"rendered":"So Defined Volumizing + Defining Mascara - Black"},"content":{"rendered":"<p><span data-sheets-root=\"1\" data-sheets-value=\"{&quot;1&quot;:2,&quot;2&quot;:&quot;Want volume without the clumps? Get ultimate lash impact and definition with the MegaVolume So Defined Volumizing Mascara. Infused with Castor Oil to condition lashes with omega-6 fatty acids and proteins, this ultra-black mascara coats every lash with a durable plastic bristle brush that combs out clumps, for ultra-volumized, lengthened, and curled lashes, with clean definition.\\n\\nwet n wild starts as everyone\u2019s first and remains a lifelong destination for vibrant and accessible beauty. Delivering over 40 years of trend-forward and all-inclusive innovations, we are your trusted beauty expert that will keep you looking fabulous without ever betraying your budget. From the bold \u2018n\u2019 bright to the neutral \u2018n\u2019 nuanced, we set out to spoil you with options while setting the gold standard of achievability. So go ahead, get your feet wet with us again and go wild with your imagination!&quot;}\" data-sheets-userformat=\"{&quot;2&quot;:33554432,&quot;28&quot;:1}\"><span dir=\"auto\">Mu\u1ed1n mi d\u00e0y m\u00e0 kh\u00f4ng b\u1ecb v\u00f3n c\u1ee5c ? H\u00e3y s\u1edf h\u1eefu h\u00e0ng mi cong v\u00fat v\u00e0 r\u00f5 n\u00e9t tuy\u1ec7t \u0111\u1ec9nh v\u1edbi Mascara So Defined Volumizing. \u0110\u01b0\u1ee3c b\u1ed5 sung d\u1ea7u th\u1ea7u d\u1ea7u, d\u01b0\u1ee1ng mi v\u1edbi axit b\u00e9o omega-6 v\u00e0 protein, mascara si\u00eau \u0111en n\u00e0y bao ph\u1ee7 t\u1eebng s\u1ee3i mi b\u1eb1ng \u0111\u1ea7u c\u1ecd nh\u1ef1a b\u1ec1n ch\u1eafc, gi\u00fap ch\u1ea3i s\u1ea1ch c\u00e1c v\u00f3n c\u1ee5c, cho h\u00e0ng mi d\u00e0y d\u1eb7n, d\u00e0i v\u00e0 cong v\u00fat, v\u1edbi \u0111\u1ed9 n\u00e9t tinh t\u1ebf.<\/span><\/span><\/p>\n<ul>\n<li><strong><span dir=\"auto\">Mascara Defined Volume<\/span><\/strong><span dir=\"auto\">\u00a0: T\u1ea1o \u0111\u1ed9 d\u00e0y \u1ea5n t\u01b0\u1ee3ng v\u1edbi \u0111\u1ed9 r\u00f5 n\u00e9t, \u0111\u1ed9 d\u00e0i v\u00e0 \u0111\u1ed9 cong<\/span><\/li>\n<li><strong><span dir=\"auto\">C\u00f4ng th\u1ee9c c\u00f3 th\u1ec3 t\u0103ng \u0111\u1ed9 d\u00e0y<\/span><\/strong><span dir=\"auto\">\u00a0: L\u00e0m d\u00e0y mi \u0111\u1ebfn m\u1ee9c t\u1ed1i \u0111a ch\u1ec9 b\u1eb1ng nhi\u1ec1u l\u1edbp ch\u1ea3i.<\/span><\/li>\n<li><strong><span dir=\"auto\">Th\u00e0nh ph\u1ea7n cao c\u1ea5p<\/span><\/strong><span dir=\"auto\">\u00a0: Mascara n\u00e0y ch\u1ee9a d\u1ea7u th\u1ea7u d\u1ea7u gi\u00e0u omega-6, ch\u1ee9a c\u00e1c protein v\u00e0 ch\u1ea5t dinh d\u01b0\u1ee1ng thi\u1ebft y\u1ebfu.<\/span><\/li>\n<li><strong><span dir=\"auto\">T\u1ea1m bi\u1ec7t t\u00ecnh tr\u1ea1ng v\u00f3n c\u1ee5c<\/span><\/strong><span dir=\"auto\">\u00a0: B\u00e0n ch\u1ea3i l\u00f4ng nh\u1ef1a b\u1ec1n \u0111\u01b0\u1ee3c thi\u1ebft k\u1ebf thon g\u1ecdn \u0111\u1ec3 b\u1eaft t\u1eebng s\u1ee3i mi v\u00e0 ch\u1ea3i s\u1ea1ch c\u00e1c v\u00f3n c\u1ee5c<\/span><\/li>\n<li><strong><span dir=\"auto\">Kh\u00f4ng th\u1eed nghi\u1ec7m tr\u00ean \u0111\u1ed9ng v\u1eadt<\/span><\/strong><span dir=\"auto\">\u00a0: c\u00e1c s\u1ea3n ph\u1ea9m trang \u0111i\u1ec3m wet n wild kh\u00f4ng bao gi\u1edd th\u1eed nghi\u1ec7m tr\u00ean \u0111\u1ed9ng v\u1eadt v\u00e0 lu\u00f4n kh\u00f4ng th\u1eed nghi\u1ec7m tr\u00ean \u0111\u1ed9ng v\u1eadt.<\/span><\/li>\n<\/ul>\n<p><span data-sheets-root=\"1\" data-sheets-value=\"{&quot;1&quot;:2,&quot;2&quot;:&quot;Want volume without the clumps? Get ultimate lash impact and definition with the MegaVolume So Defined Volumizing Mascara. Infused with Castor Oil to condition lashes with omega-6 fatty acids and proteins, this ultra-black mascara coats every lash with a durable plastic bristle brush that combs out clumps, for ultra-volumized, lengthened, and curled lashes, with clean definition.\\n\\nwet n wild starts as everyone\u2019s first and remains a lifelong destination for vibrant and accessible beauty. Delivering over 40 years of trend-forward and all-inclusive innovations, we are your trusted beauty expert that will keep you looking fabulous without ever betraying your budget. From the bold \u2018n\u2019 bright to the neutral \u2018n\u2019 nuanced, we set out to spoil you with options while setting the gold standard of achievability. So go ahead, get your feet wet with us again and go wild with your imagination!&quot;}\" data-sheets-userformat=\"{&quot;2&quot;:33554432,&quot;28&quot;:1}\"><span dir=\"auto\">Wet n Wild kh\u1edfi \u0111\u1ea7u l\u00e0 \u0111i\u1ec3m \u0111\u1ebfn \u0111\u1ea7u ti\u00ean c\u1ee7a m\u1ecdi ng\u01b0\u1eddi v\u00e0 v\u1eabn lu\u00f4n l\u00e0 \u0111i\u1ec3m \u0111\u1ebfn tr\u1ecdn \u0111\u1eddi cho v\u1ebb \u0111\u1eb9p r\u1ea1ng r\u1ee1 v\u00e0 d\u1ec5 ti\u1ebfp c\u1eadn. V\u1edbi h\u01a1n 40 n\u0103m kinh nghi\u1ec7m ti\u00ean phong v\u00e0 \u0111\u1ed5i m\u1edbi to\u00e0n di\u1ec7n, ch\u00fang t\u00f4i l\u00e0 chuy\u00ean gia l\u00e0m \u0111\u1eb9p \u0111\u00e1ng tin c\u1eady, gi\u00fap b\u1ea1n lu\u00f4n xinh \u0111\u1eb9p m\u00e0 kh\u00f4ng v\u01b0\u1ee3t qu\u00e1 ng\u00e2n s\u00e1ch. T\u1eeb nh\u1eefng gam m\u00e0u t\u00e1o b\u1ea1o v\u00e0 r\u1ef1c r\u1ee1 \u0111\u1ebfn nh\u1eefng gam m\u00e0u trung t\u00ednh v\u00e0 tinh t\u1ebf, ch\u00fang t\u00f4i mang \u0111\u1ebfn cho b\u1ea1n v\u00f4 v\u00e0n l\u1ef1a ch\u1ecdn, \u0111\u1ed3ng th\u1eddi \u0111\u1eb7t ra ti\u00eau chu\u1ea9n v\u00e0ng v\u1ec1 t\u00ednh kh\u1ea3 thi. V\u1eady n\u00ean, h\u00e3y c\u00f9ng ch\u00fang t\u00f4i tr\u1ea3i nghi\u1ec7m v\u00e0 th\u1ecfa s\u1ee9c s\u00e1ng t\u1ea1o !<\/span><\/span><\/p>","protected":false},"excerpt":{"rendered":"<div class=\"sku product-detail__gap-sm\"><strong><span dir=\"auto\"><br \/>\nM\u00e3 s\u1ea3n ph\u1ea9m:\u00a0<\/span><span class=\"sku__value\"><span dir=\"auto\">1116145E<\/span><\/span><\/strong><\/div>\n<div class=\"product-area__rich-text-block product-detail__gap-sm rte\">\n<p><span data-sheets-root=\"1\" data-sheets-value=\"{&quot;1&quot;:2,&quot;2&quot;:&quot;Want volume without the clumps? Get ultimate lash impact and definition with the MegaVolume So Defined Volumizing Mascara. Infused with Castor Oil to condition lashes with omega-6 fatty acids and proteins, this ultra-black mascara coats every lash with a durable plastic bristle brush that combs out clumps, for ultra-volumized, lengthened, and curled lashes, with clean definition.&quot;}\" data-sheets-userformat=\"{&quot;2&quot;:33554448,&quot;7&quot;:{&quot;1&quot;:[{&quot;1&quot;:2,&quot;2&quot;:0,&quot;5&quot;:{&quot;1&quot;:2,&quot;2&quot;:0}},{&quot;1&quot;:0,&quot;2&quot;:0,&quot;3&quot;:3},{&quot;1&quot;:1,&quot;2&quot;:0,&quot;4&quot;:3}]},&quot;28&quot;:1}\"><span dir=\"auto\"><br \/>\nMu\u1ed1n mi d\u00e0y m\u00e0 kh\u00f4ng b\u1ecb v\u00f3n c\u1ee5c ? H\u00e3y s\u1edf h\u1eefu h\u00e0ng mi cong v\u00fat v\u00e0 r\u00f5 n\u00e9t tuy\u1ec7t \u0111\u1ec9nh v\u1edbi Mascara So Defined Volumizing. \u0110\u01b0\u1ee3c b\u1ed5 sung d\u1ea7u th\u1ea7u d\u1ea7u, d\u01b0\u1ee1ng mi v\u1edbi axit b\u00e9o omega-6 v\u00e0 protein, mascara si\u00eau \u0111en n\u00e0y bao ph\u1ee7 t\u1eebng s\u1ee3i mi b\u1eb1ng \u0111\u1ea7u c\u1ecd nh\u1ef1a b\u1ec1n ch\u1eafc, gi\u00fap ch\u1ea3i s\u1ea1ch c\u00e1c v\u00f3n c\u1ee5c, cho h\u00e0ng mi d\u00e0y d\u1eb7n, d\u00e0i v\u00e0 cong v\u00fat, v\u1edbi \u0111\u1ed9 n\u00e9t tinh t\u1ebf.<\/span><\/span><\/p>\n<\/div>\n<p>&nbsp;<\/p>\n<p><img loading=\"lazy\" decoding=\"async\" class=\"alignnone  wp-image-1707\" src=\"https:\/\/tthpharma.com\/wp-content\/uploads\/2025\/08\/Vector-Smart-Object-02_150x.webp\" alt=\"\" width=\"76\" height=\"77\" srcset=\"https:\/\/tthpharma.com\/wp-content\/uploads\/2025\/08\/Vector-Smart-Object-02_150x.webp 104w, https:\/\/tthpharma.com\/wp-content\/uploads\/2025\/08\/Vector-Smart-Object-02_150x-12x12.webp 12w, https:\/\/tthpharma.com\/wp-content\/uploads\/2025\/08\/Vector-Smart-Object-02_150x-100x100.webp 100w\" sizes=\"(max-width: 76px) 100vw, 76px\" \/> <img loading=\"lazy\" decoding=\"async\" class=\"alignnone  wp-image-1708\" src=\"https:\/\/tthpharma.com\/wp-content\/uploads\/2025\/08\/Vector-Smart-Object-10_150x.webp\" alt=\"\" width=\"78\" height=\"79\" srcset=\"https:\/\/tthpharma.com\/wp-content\/uploads\/2025\/08\/Vector-Smart-Object-10_150x.webp 104w, https:\/\/tthpharma.com\/wp-content\/uploads\/2025\/08\/Vector-Smart-Object-10_150x-12x12.webp 12w, https:\/\/tthpharma.com\/wp-content\/uploads\/2025\/08\/Vector-Smart-Object-10_150x-100x100.webp 100w\" sizes=\"(max-width: 78px) 100vw, 78px\" \/> <img loading=\"lazy\" decoding=\"async\" class=\"alignnone  wp-image-1706\" src=\"https:\/\/tthpharma.com\/wp-content\/uploads\/2025\/08\/Vector-Smart-Object-01_150x.webp\" alt=\"\" width=\"78\" height=\"79\" srcset=\"https:\/\/tthpharma.com\/wp-content\/uploads\/2025\/08\/Vector-Smart-Object-01_150x.webp 104w, https:\/\/tthpharma.com\/wp-content\/uploads\/2025\/08\/Vector-Smart-Object-01_150x-12x12.webp 12w, https:\/\/tthpharma.com\/wp-content\/uploads\/2025\/08\/Vector-Smart-Object-01_150x-100x100.webp 100w\" sizes=\"(max-width: 78px) 100vw, 78px\" \/> <img loading=\"lazy\" decoding=\"async\" class=\"alignnone  wp-image-1705\" src=\"https:\/\/tthpharma.com\/wp-content\/uploads\/2025\/08\/Vector-Smart-Object_150x.webp\" alt=\"\" width=\"76\" height=\"77\" srcset=\"https:\/\/tthpharma.com\/wp-content\/uploads\/2025\/08\/Vector-Smart-Object_150x.webp 104w, https:\/\/tthpharma.com\/wp-content\/uploads\/2025\/08\/Vector-Smart-Object_150x-12x12.webp 12w, https:\/\/tthpharma.com\/wp-content\/uploads\/2025\/08\/Vector-Smart-Object_150x-100x100.webp 100w\" sizes=\"(max-width: 76px) 100vw, 76px\" \/><\/p>","protected":false},"featured_media":1947,"comment_status":"open","ping_status":"closed","template":"","meta":[],"product_cat":[62,65],"product_tag":[],"acf":[],"_links":{"self":[{"href":"https:\/\/tthpharma.com\/en\/wp-json\/wp\/v2\/product\/1941"}],"collection":[{"href":"https:\/\/tthpharma.com\/en\/wp-json\/wp\/v2\/product"}],"about":[{"href":"https:\/\/tthpharma.com\/en\/wp-json\/wp\/v2\/types\/product"}],"replies":[{"embeddable":true,"href":"https:\/\/tthpharma.com\/en\/wp-json\/wp\/v2\/comments?post=1941"}],"wp:featuredmedia":[{"embeddable":true,"href":"https:\/\/tthpharma.com\/en\/wp-json\/wp\/v2\/media\/1947"}],"wp:attachment":[{"href":"https:\/\/tthpharma.com\/en\/wp-json\/wp\/v2\/media?parent=1941"}],"wp:term":[{"taxonomy":"product_cat","embeddable":true,"href":"https:\/\/tthpharma.com\/en\/wp-json\/wp\/v2\/product_cat?post=1941"},{"taxonomy":"product_tag","embeddable":true,"href":"https:\/\/tthpharma.com\/en\/wp-json\/wp\/v2\/product_tag?post=1941"}],"curies":[{"name":"wp","href":"https:\/\/api.w.org\/{rel}","templated":true}]}}