{"id":1929,"date":"2025-08-22T10:23:56","date_gmt":"2025-08-22T03:23:56","guid":{"rendered":"https:\/\/tthpharma.com\/?post_type=product&#038;p=1929"},"modified":"2025-08-22T10:28:28","modified_gmt":"2025-08-22T03:28:28","slug":"but-ke-mat-dang-long-breakup-proof-wing-out-chong-tham-nuoc-mau-ultra-black","status":"publish","type":"product","link":"https:\/\/tthpharma.com\/en\/product\/but-ke-mat-dang-long-breakup-proof-wing-out-chong-tham-nuoc-mau-ultra-black\/","title":{"rendered":"Breakup Proof Wing Out - Ultra Black"},"content":{"rendered":"<ul>\n<li><strong><span dir=\"auto\">\u0110\u1ed9 ch\u00ednh x\u00e1c d\u1ec5 d\u00e0ng:<\/span><\/strong><span dir=\"auto\">\u00a0C\u1ecd nghi\u00eang, si\u00eau ph\u1eb3ng gi\u00fap d\u1ec5 d\u00e0ng thoa ph\u1ea5n, t\u1ea1o ra nh\u1eefng \u0111\u01b0\u1eddng k\u1ebb s\u1eafc n\u00e9t, \u0111\u1ec1u \u0111\u1eb7n m\u1ed9t c\u00e1ch d\u1ec5 d\u00e0ng.<\/span><\/li>\n<li><strong><span dir=\"auto\">C\u00f4ng th\u1ee9c l\u00e2u tr\u00f4i:<\/span><\/strong><span dir=\"auto\">\u00a0T\u1eadn h\u01b0\u1edfng th\u1eddi gian s\u1eed d\u1ee5ng l\u00ean \u0111\u1ebfn 16 gi\u1edd v\u1edbi c\u00f4ng th\u1ee9c ch\u1ed1ng nh\u00f2e, ch\u1ed1ng kh\u00f3c v\u00e0 ch\u1ed1ng phai m\u00e0u, gi\u1eef m\u00e0u su\u1ed1t c\u1ea3 ng\u00e0y.<\/span><\/li>\n<li><strong><span dir=\"auto\">Ch\u1ed1ng th\u1ea5m n\u01b0\u1edbc:<\/span><\/strong><span dir=\"auto\">\u00a0\u0110\u01b0\u1ee3c thi\u1ebft k\u1ebf \u0111\u1ec3 ch\u1ed1ng l\u1ea1i n\u01b0\u1edbc m\u1eaft, \u0111\u1ed9 \u1ea9m v\u00e0 m\u1ed3 h\u00f4i, b\u00fat k\u1ebb m\u1eaft n\u00e0y \u0111\u1ea3m b\u1ea3o cho v\u1ebb ngo\u00e0i c\u1ee7a b\u1ea1n lu\u00f4n ho\u00e0n h\u1ea3o b\u1ea5t k\u1ec3 trong b\u1ea5t k\u1ef3 d\u1ecbp n\u00e0o.<\/span><\/li>\n<li><strong><span dir=\"auto\">Ki\u1ec3u d\u00e1ng \u0111a d\u1ea1ng:<\/span><\/strong><span dir=\"auto\">\u00a0Ho\u00e0n h\u1ea3o \u0111\u1ec3 t\u1ea1o m\u1ecdi th\u1ee9 t\u1eeb \u0111\u01b0\u1eddng k\u1ebb m\u1eaft \u0111\u1eadm \u0111\u1ebfn \u0111\u01b0\u1eddng k\u1ebb tinh t\u1ebf, b\u00fat k\u1ebb m\u1eaft n\u00e0y l\u00e0 s\u1ea3n ph\u1ea9m thi\u1ebft y\u1ebfu cho m\u1ecdi ki\u1ec3u trang \u0111i\u1ec3m.<\/span><\/li>\n<li><strong><span dir=\"auto\">Kh\u00f4ng th\u1eed nghi\u1ec7m tr\u00ean \u0111\u1ed9ng v\u1eadt:<\/span><\/strong><span dir=\"auto\">\u00a0c\u00e1c s\u1ea3n ph\u1ea9m trang \u0111i\u1ec3m wet n wild kh\u00f4ng bao gi\u1edd \u0111\u01b0\u1ee3c th\u1eed nghi\u1ec7m tr\u00ean \u0111\u1ed9ng v\u1eadt v\u00e0 lu\u00f4n kh\u00f4ng th\u1eed nghi\u1ec7m tr\u00ean \u0111\u1ed9ng v\u1eadt.<\/span><\/li>\n<\/ul>","protected":false},"excerpt":{"rendered":"<div class=\"sku product-detail__gap-sm\"><strong><span dir=\"auto\"><br \/>\nM\u00e3 s\u1ea3n ph\u1ea9m:\u00a0<\/span><span class=\"sku__value\"><span dir=\"auto\">1116694E<\/span><\/span><\/strong><\/div>\n<div class=\"product-area__rich-text-block product-detail__gap-sm rte\">\n<p><span dir=\"auto\"><br \/>\nH\u00e3y c\u00f9ng kh\u00e1m ph\u00e1 s\u1ea3n ph\u1ea9m k\u1ebb m\u1eaft thi\u1ebft y\u1ebfu m\u1edbi c\u1ee7a b\u1ea1n ! B\u00fat k\u1ebb m\u1eaft d\u1ea1ng l\u1ecfng Breakup Proof Wing Out Waterproof ! V\u1edbi \u0111\u1ea7u c\u1ecd si\u00eau ph\u1eb3ng, g\u00f3c c\u1ea1nh, s\u1ea3n ph\u1ea9m gi\u00fap b\u1ea1n d\u1ec5 d\u00e0ng t\u1ea1o ra nh\u1eefng \u0111\u01b0\u1eddng k\u1ebb s\u1eafc n\u00e9t, \u0111\u1ec1u \u0111\u1eb7n. V\u1edbi c\u00f4ng th\u1ee9c tuy\u1ec7t v\u1eddi t\u01b0\u01a1ng t\u1ef1 nh\u01b0 s\u1ea3n ph\u1ea9m g\u1ed1c, b\u00fat k\u1ebb m\u1eaft n\u00e0y c\u00f3 kh\u1ea3 n\u0103ng b\u00e1m m\u00e0u l\u00ean \u0111\u1ebfn 16 gi\u1edd, kh\u00f4ng lem, kh\u00f4ng tr\u00f4i. T\u1ef1 tin th\u1ecfa s\u1ee9c s\u00e1ng t\u1ea1o !<\/span><\/p>\n<p>&nbsp;<\/p>\n<p><img loading=\"lazy\" decoding=\"async\" class=\"alignnone  wp-image-1707\" src=\"https:\/\/tthpharma.com\/wp-content\/uploads\/2025\/08\/Vector-Smart-Object-02_150x.webp\" alt=\"\" width=\"78\" height=\"79\" srcset=\"https:\/\/tthpharma.com\/wp-content\/uploads\/2025\/08\/Vector-Smart-Object-02_150x.webp 104w, https:\/\/tthpharma.com\/wp-content\/uploads\/2025\/08\/Vector-Smart-Object-02_150x-12x12.webp 12w, https:\/\/tthpharma.com\/wp-content\/uploads\/2025\/08\/Vector-Smart-Object-02_150x-100x100.webp 100w\" sizes=\"(max-width: 78px) 100vw, 78px\" \/> <img loading=\"lazy\" decoding=\"async\" class=\"alignnone  wp-image-1708\" src=\"https:\/\/tthpharma.com\/wp-content\/uploads\/2025\/08\/Vector-Smart-Object-10_150x.webp\" alt=\"\" width=\"80\" height=\"81\" srcset=\"https:\/\/tthpharma.com\/wp-content\/uploads\/2025\/08\/Vector-Smart-Object-10_150x.webp 104w, https:\/\/tthpharma.com\/wp-content\/uploads\/2025\/08\/Vector-Smart-Object-10_150x-12x12.webp 12w, https:\/\/tthpharma.com\/wp-content\/uploads\/2025\/08\/Vector-Smart-Object-10_150x-100x100.webp 100w\" sizes=\"(max-width: 80px) 100vw, 80px\" \/> <img loading=\"lazy\" decoding=\"async\" class=\"alignnone  wp-image-1706\" src=\"https:\/\/tthpharma.com\/wp-content\/uploads\/2025\/08\/Vector-Smart-Object-01_150x.webp\" alt=\"\" width=\"79\" height=\"80\" srcset=\"https:\/\/tthpharma.com\/wp-content\/uploads\/2025\/08\/Vector-Smart-Object-01_150x.webp 104w, https:\/\/tthpharma.com\/wp-content\/uploads\/2025\/08\/Vector-Smart-Object-01_150x-12x12.webp 12w, https:\/\/tthpharma.com\/wp-content\/uploads\/2025\/08\/Vector-Smart-Object-01_150x-100x100.webp 100w\" sizes=\"(max-width: 79px) 100vw, 79px\" \/> <img loading=\"lazy\" decoding=\"async\" class=\"alignnone  wp-image-1705\" src=\"https:\/\/tthpharma.com\/wp-content\/uploads\/2025\/08\/Vector-Smart-Object_150x.webp\" alt=\"\" width=\"80\" height=\"81\" srcset=\"https:\/\/tthpharma.com\/wp-content\/uploads\/2025\/08\/Vector-Smart-Object_150x.webp 104w, https:\/\/tthpharma.com\/wp-content\/uploads\/2025\/08\/Vector-Smart-Object_150x-12x12.webp 12w, https:\/\/tthpharma.com\/wp-content\/uploads\/2025\/08\/Vector-Smart-Object_150x-100x100.webp 100w\" sizes=\"(max-width: 80px) 100vw, 80px\" \/><\/p>\n<\/div>\n<p>&nbsp;<\/p>\n<p>&nbsp;<\/p>","protected":false},"featured_media":1932,"comment_status":"open","ping_status":"closed","template":"","meta":[],"product_cat":[62,65],"product_tag":[],"acf":[],"_links":{"self":[{"href":"https:\/\/tthpharma.com\/en\/wp-json\/wp\/v2\/product\/1929"}],"collection":[{"href":"https:\/\/tthpharma.com\/en\/wp-json\/wp\/v2\/product"}],"about":[{"href":"https:\/\/tthpharma.com\/en\/wp-json\/wp\/v2\/types\/product"}],"replies":[{"embeddable":true,"href":"https:\/\/tthpharma.com\/en\/wp-json\/wp\/v2\/comments?post=1929"}],"wp:featuredmedia":[{"embeddable":true,"href":"https:\/\/tthpharma.com\/en\/wp-json\/wp\/v2\/media\/1932"}],"wp:attachment":[{"href":"https:\/\/tthpharma.com\/en\/wp-json\/wp\/v2\/media?parent=1929"}],"wp:term":[{"taxonomy":"product_cat","embeddable":true,"href":"https:\/\/tthpharma.com\/en\/wp-json\/wp\/v2\/product_cat?post=1929"},{"taxonomy":"product_tag","embeddable":true,"href":"https:\/\/tthpharma.com\/en\/wp-json\/wp\/v2\/product_tag?post=1929"}],"curies":[{"name":"wp","href":"https:\/\/api.w.org\/{rel}","templated":true}]}}