{"id":1919,"date":"2025-08-22T06:24:46","date_gmt":"2025-08-21T23:24:46","guid":{"rendered":"https:\/\/tthpharma.com\/?post_type=product&#038;p=1919"},"modified":"2025-08-22T06:24:46","modified_gmt":"2025-08-21T23:24:46","slug":"bong-trang-diem-wet-n-wild","status":"publish","type":"product","link":"https:\/\/tthpharma.com\/en\/product\/bong-trang-diem-wet-n-wild\/","title":{"rendered":"Wet N Wild Sponges"},"content":{"rendered":"<ul>\n<li><strong><span dir=\"auto\">V\u1eeba v\u1eb7n ch\u00ednh x\u00e1c:<\/span><\/strong><span dir=\"auto\">\u00a0\u0110\u01b0\u1ee3c thi\u1ebft k\u1ebf theo h\u00ecnh tam gi\u00e1c, v\u1eeba v\u1eb7n ho\u00e0n h\u1ea3o quanh m\u1eaft v\u00e0 m\u0169i \u0111\u1ec3 thoa ch\u00ednh x\u00e1c v\u00e0 t\u00e1n \u0111\u1ec1u \u1edf nh\u1eefng v\u00f9ng kh\u00f3 ti\u1ebfp c\u1eadn.<\/span><\/li>\n<li><strong><span dir=\"auto\">S\u1eed d\u1ee5ng tho\u1ea3i m\u00e1i:<\/span><\/strong><span dir=\"auto\">\u00a0D\u00e2y thun co gi\u00e3n hai chi\u1ec1u cho ph\u00e9p b\u1ea1n lu\u1ed3n ng\u00f3n tay v\u00e0o \u0111\u1ec3 ki\u1ec3m so\u00e1t t\u1ed1t h\u01a1n, gi\u00fap b\u1ea1n d\u1ec5 d\u00e0ng s\u1eed d\u1ee5ng c\u1ea3 hai m\u1eb7t c\u1ee7a b\u00f4ng ph\u1ea5n.<\/span><\/li>\n<li><strong><span dir=\"auto\">Thi\u1ebft k\u1ebf th\u00e2n thi\u1ec7n v\u1edbi m\u00f4i tr\u01b0\u1eddng:<\/span><\/strong><span dir=\"auto\">\u00a0C\u00f3 th\u1ec3 t\u00e1i s\u1eed d\u1ee5ng v\u00e0 gi\u1eb7t \u0111\u01b0\u1ee3c, ch\u1ec9 c\u1ea7n gi\u1eb7t tay v\u00e0 \u0111\u1ec3 kh\u00f4 \u0111\u1ec3 c\u00f3 d\u1ee5ng c\u1ee5 l\u00e0m \u0111\u1eb9p b\u1ec1n v\u1eefng, s\u1eb5n s\u00e0ng cho l\u1ea7n s\u1eed d\u1ee5ng ti\u1ebfp theo c\u1ee7a b\u1ea1n!<\/span><\/li>\n<li><strong><span dir=\"auto\">Kh\u00f4ng th\u1eed nghi\u1ec7m tr\u00ean \u0111\u1ed9ng v\u1eadt:<\/span><\/strong><span dir=\"auto\">\u00a0c\u00e1c s\u1ea3n ph\u1ea9m trang \u0111i\u1ec3m wet n wild kh\u00f4ng bao gi\u1edd \u0111\u01b0\u1ee3c th\u1eed nghi\u1ec7m tr\u00ean \u0111\u1ed9ng v\u1eadt v\u00e0 lu\u00f4n kh\u00f4ng th\u1eed nghi\u1ec7m tr\u00ean \u0111\u1ed9ng v\u1eadt.<\/span><\/li>\n<\/ul>","protected":false},"excerpt":{"rendered":"<div class=\"sku product-detail__gap-sm\"><strong><span dir=\"auto\">M\u00e3 s\u1ea3n ph\u1ea9m:\u00a0<\/span><span class=\"sku__value\"><span dir=\"auto\">1116708E<\/span><\/span><\/strong><\/div>\n<div class=\"product-area__rich-text-block product-detail__gap-sm rte\">\n<p><span dir=\"auto\"><br \/>\nH\u00e3y c\u00f9ng kh\u00e1m ph\u00e1 m\u00f3n \u0111\u1ed3 trang \u0111i\u1ec3m kh\u00f4ng th\u1ec3 thi\u1ebfu c\u1ee7a b\u1ea1n: B\u00f4ng ph\u1ea5n c\u1ee7a ch\u00fang t\u00f4i! B\u00f4ng ph\u1ea5n m\u1ec1m m\u1ea1i n\u00e0y d\u1ec5 d\u00e0ng l\u1ea5y v\u00e0 t\u00e1n \u0111\u1ec1u ph\u1ea5n n\u00e9n ho\u1eb7c ph\u1ea5n b\u1ed9t, gi\u00fap l\u1edbp trang \u0111i\u1ec3m c\u1ee7a b\u1ea1n ho\u00e0n h\u1ea3o. \u0110\u01b0\u1ee3c l\u00e0m t\u1eeb s\u1ee3i nhung si\u00eau m\u1ec1m, h\u00ecnh tam gi\u00e1c \u00f4m s\u00e1t m\u1eaft v\u00e0 m\u0169i. \u0110\u1ec3 thoa ph\u1ea5n ch\u00ednh x\u00e1c, h\u00e3y lu\u1ed3n ng\u00f3n tay qua d\u00e2y thun hai m\u1eb7t v\u00e0 s\u1eed d\u1ee5ng c\u1ea3 hai m\u1eb7t m\u1ed9t c\u00e1ch d\u1ec5 d\u00e0ng. C\u00f3 th\u1ec3 t\u00e1i s\u1eed d\u1ee5ng v\u00e0 gi\u1eb7t \u0111\u01b0\u1ee3c. Ch\u1ec9 c\u1ea7n gi\u1eb7t tay v\u00e0 \u0111\u1ec3 kh\u00f4 cho l\u1ea7n thoa ti\u1ebfp theo !<\/span><\/p>\n<\/div>\n<p>&nbsp;<\/p>\n<p><img loading=\"lazy\" decoding=\"async\" class=\"alignnone  wp-image-1707\" src=\"https:\/\/tthpharma.com\/wp-content\/uploads\/2025\/08\/Vector-Smart-Object-02_150x.webp\" alt=\"\" width=\"80\" height=\"81\" srcset=\"https:\/\/tthpharma.com\/wp-content\/uploads\/2025\/08\/Vector-Smart-Object-02_150x.webp 104w, https:\/\/tthpharma.com\/wp-content\/uploads\/2025\/08\/Vector-Smart-Object-02_150x-12x12.webp 12w, https:\/\/tthpharma.com\/wp-content\/uploads\/2025\/08\/Vector-Smart-Object-02_150x-100x100.webp 100w\" sizes=\"(max-width: 80px) 100vw, 80px\" \/> <img loading=\"lazy\" decoding=\"async\" class=\"alignnone  wp-image-1708\" src=\"https:\/\/tthpharma.com\/wp-content\/uploads\/2025\/08\/Vector-Smart-Object-10_150x.webp\" alt=\"\" width=\"82\" height=\"83\" srcset=\"https:\/\/tthpharma.com\/wp-content\/uploads\/2025\/08\/Vector-Smart-Object-10_150x.webp 104w, https:\/\/tthpharma.com\/wp-content\/uploads\/2025\/08\/Vector-Smart-Object-10_150x-12x12.webp 12w, https:\/\/tthpharma.com\/wp-content\/uploads\/2025\/08\/Vector-Smart-Object-10_150x-100x100.webp 100w\" sizes=\"(max-width: 82px) 100vw, 82px\" \/> <img loading=\"lazy\" decoding=\"async\" class=\"alignnone  wp-image-1706\" src=\"https:\/\/tthpharma.com\/wp-content\/uploads\/2025\/08\/Vector-Smart-Object-01_150x.webp\" alt=\"\" width=\"84\" height=\"85\" srcset=\"https:\/\/tthpharma.com\/wp-content\/uploads\/2025\/08\/Vector-Smart-Object-01_150x.webp 104w, https:\/\/tthpharma.com\/wp-content\/uploads\/2025\/08\/Vector-Smart-Object-01_150x-12x12.webp 12w, https:\/\/tthpharma.com\/wp-content\/uploads\/2025\/08\/Vector-Smart-Object-01_150x-100x100.webp 100w\" sizes=\"(max-width: 84px) 100vw, 84px\" \/> <img loading=\"lazy\" decoding=\"async\" class=\"alignnone  wp-image-1705\" src=\"https:\/\/tthpharma.com\/wp-content\/uploads\/2025\/08\/Vector-Smart-Object_150x.webp\" alt=\"\" width=\"86\" height=\"87\" srcset=\"https:\/\/tthpharma.com\/wp-content\/uploads\/2025\/08\/Vector-Smart-Object_150x.webp 104w, https:\/\/tthpharma.com\/wp-content\/uploads\/2025\/08\/Vector-Smart-Object_150x-12x12.webp 12w, https:\/\/tthpharma.com\/wp-content\/uploads\/2025\/08\/Vector-Smart-Object_150x-100x100.webp 100w\" sizes=\"(max-width: 86px) 100vw, 86px\" \/><\/p>\n<p>&nbsp;<\/p>","protected":false},"featured_media":1921,"comment_status":"open","ping_status":"closed","template":"","meta":[],"product_cat":[62,66],"product_tag":[],"acf":[],"_links":{"self":[{"href":"https:\/\/tthpharma.com\/en\/wp-json\/wp\/v2\/product\/1919"}],"collection":[{"href":"https:\/\/tthpharma.com\/en\/wp-json\/wp\/v2\/product"}],"about":[{"href":"https:\/\/tthpharma.com\/en\/wp-json\/wp\/v2\/types\/product"}],"replies":[{"embeddable":true,"href":"https:\/\/tthpharma.com\/en\/wp-json\/wp\/v2\/comments?post=1919"}],"wp:featuredmedia":[{"embeddable":true,"href":"https:\/\/tthpharma.com\/en\/wp-json\/wp\/v2\/media\/1921"}],"wp:attachment":[{"href":"https:\/\/tthpharma.com\/en\/wp-json\/wp\/v2\/media?parent=1919"}],"wp:term":[{"taxonomy":"product_cat","embeddable":true,"href":"https:\/\/tthpharma.com\/en\/wp-json\/wp\/v2\/product_cat?post=1919"},{"taxonomy":"product_tag","embeddable":true,"href":"https:\/\/tthpharma.com\/en\/wp-json\/wp\/v2\/product_tag?post=1919"}],"curies":[{"name":"wp","href":"https:\/\/api.w.org\/{rel}","templated":true}]}}