{"id":1916,"date":"2025-08-22T06:16:00","date_gmt":"2025-08-21T23:16:00","guid":{"rendered":"https:\/\/tthpharma.com\/?post_type=product&#038;p=1916"},"modified":"2025-08-22T06:17:06","modified_gmt":"2025-08-21T23:17:06","slug":"mieng-mut-tan-kem-nen-wet-n-wild","status":"publish","type":"product","link":"https:\/\/tthpharma.com\/en\/product\/mieng-mut-tan-kem-nen-wet-n-wild\/","title":{"rendered":"Wet N Wild Sponges"},"content":{"rendered":"<p>Mi\u1ebfng m\u00fat t\u00e1n kem n\u1ec1n n\u00e0y gi\u00fap b\u1ea1n trang \u0111i\u1ec3m ho\u00e0n h\u1ea3o, cho l\u1edbp n\u1ec1n tr\u00f4ng chuy\u00ean nghi\u1ec7p. L\u1edbp n\u1ec1n kh\u00f4ng \u0111\u1ec3 l\u1ea1i v\u1ec7t, d\u1ec5 d\u00e0ng t\u00e1n \u0111\u1ec1u. \u0110\u01b0\u1ee3c thi\u1ebft k\u1ebf v\u1edbi ch\u1ea5t li\u1ec7u th\u1ea5m n\u01b0\u1edbc \u0111\u1ed9c \u0111\u00e1o, gi\u1ea3m thi\u1ec3u l\u00e3ng ph\u00ed s\u1ea3n ph\u1ea9m.<\/p>","protected":false},"excerpt":{"rendered":"<div class=\"sku product-detail__gap-sm\"><strong><span dir=\"auto\"><br \/>\nM\u00e3 s\u1ea3n ph\u1ea9m: E<\/span><span class=\"sku__value\"><span dir=\"auto\">776C<\/span><\/span><\/strong><\/div>\n<div class=\"product-area__rich-text-block product-detail__gap-sm rte\">\n<p><span class=\"editorTarget tabTarget\" data-role=\"property-value-container\"><span class=\"propertyValue\" data-role=\"property-value\"><span dir=\"auto\"><br \/>\nMi\u1ebfng m\u00fat t\u00e1n kem n\u1ec1n n\u00e0y gi\u00fap b\u1ea1n trang \u0111i\u1ec3m ho\u00e0n h\u1ea3o, cho l\u1edbp n\u1ec1n tr\u00f4ng chuy\u00ean nghi\u1ec7p. L\u1edbp n\u1ec1n kh\u00f4ng \u0111\u1ec3 l\u1ea1i v\u1ec7t, d\u1ec5 d\u00e0ng t\u00e1n \u0111\u1ec1u. \u0110\u01b0\u1ee3c thi\u1ebft k\u1ebf v\u1edbi ch\u1ea5t li\u1ec7u th\u1ea5m n\u01b0\u1edbc \u0111\u1ed9c \u0111\u00e1o, gi\u1ea3m thi\u1ec3u l\u00e3ng ph\u00ed s\u1ea3n ph\u1ea9m.<\/span><\/span><\/span><\/p>\n<\/div>\n<p>&nbsp;<\/p>\n<p><img loading=\"lazy\" decoding=\"async\" class=\"alignnone size-full wp-image-1707\" src=\"https:\/\/tthpharma.com\/wp-content\/uploads\/2025\/08\/Vector-Smart-Object-02_150x.webp\" alt=\"\" width=\"104\" height=\"105\" srcset=\"https:\/\/tthpharma.com\/wp-content\/uploads\/2025\/08\/Vector-Smart-Object-02_150x.webp 104w, https:\/\/tthpharma.com\/wp-content\/uploads\/2025\/08\/Vector-Smart-Object-02_150x-12x12.webp 12w, https:\/\/tthpharma.com\/wp-content\/uploads\/2025\/08\/Vector-Smart-Object-02_150x-100x100.webp 100w\" sizes=\"(max-width: 104px) 100vw, 104px\" \/> <img loading=\"lazy\" decoding=\"async\" class=\"alignnone size-full wp-image-1705\" src=\"https:\/\/tthpharma.com\/wp-content\/uploads\/2025\/08\/Vector-Smart-Object_150x.webp\" alt=\"\" width=\"104\" height=\"105\" srcset=\"https:\/\/tthpharma.com\/wp-content\/uploads\/2025\/08\/Vector-Smart-Object_150x.webp 104w, https:\/\/tthpharma.com\/wp-content\/uploads\/2025\/08\/Vector-Smart-Object_150x-12x12.webp 12w, https:\/\/tthpharma.com\/wp-content\/uploads\/2025\/08\/Vector-Smart-Object_150x-100x100.webp 100w\" sizes=\"(max-width: 104px) 100vw, 104px\" \/><\/p>","protected":false},"featured_media":1917,"comment_status":"open","ping_status":"closed","template":"","meta":[],"product_cat":[62,66],"product_tag":[],"acf":[],"_links":{"self":[{"href":"https:\/\/tthpharma.com\/en\/wp-json\/wp\/v2\/product\/1916"}],"collection":[{"href":"https:\/\/tthpharma.com\/en\/wp-json\/wp\/v2\/product"}],"about":[{"href":"https:\/\/tthpharma.com\/en\/wp-json\/wp\/v2\/types\/product"}],"replies":[{"embeddable":true,"href":"https:\/\/tthpharma.com\/en\/wp-json\/wp\/v2\/comments?post=1916"}],"wp:featuredmedia":[{"embeddable":true,"href":"https:\/\/tthpharma.com\/en\/wp-json\/wp\/v2\/media\/1917"}],"wp:attachment":[{"href":"https:\/\/tthpharma.com\/en\/wp-json\/wp\/v2\/media?parent=1916"}],"wp:term":[{"taxonomy":"product_cat","embeddable":true,"href":"https:\/\/tthpharma.com\/en\/wp-json\/wp\/v2\/product_cat?post=1916"},{"taxonomy":"product_tag","embeddable":true,"href":"https:\/\/tthpharma.com\/en\/wp-json\/wp\/v2\/product_tag?post=1916"}],"curies":[{"name":"wp","href":"https:\/\/api.w.org\/{rel}","templated":true}]}}