{"id":1909,"date":"2025-08-22T06:10:04","date_gmt":"2025-08-21T23:10:04","guid":{"rendered":"https:\/\/tthpharma.com\/?post_type=product&#038;p=1909"},"modified":"2025-08-22T06:10:04","modified_gmt":"2025-08-21T23:10:04","slug":"dung-cu-uon-mi-wet-n-wild-high-on-lash-eyelash-curler","status":"publish","type":"product","link":"https:\/\/tthpharma.com\/en\/product\/dung-cu-uon-mi-wet-n-wild-high-on-lash-eyelash-curler\/","title":{"rendered":"Wet N Wild High On Lash Eyelash Curler"},"content":{"rendered":"<div data-content-type=\"text\" data-appearance=\"default\" data-element=\"main\">\n<p><span dir=\"auto\">N\u00e2ng mi c\u1ee7a b\u1ea1n v\u1eeba \u0111\u01b0\u1ee3c n\u00e2ng t\u1ea7m l\u00ean h\u00e0ng \u0111\u1ea7u v\u1edbi d\u1ee5ng c\u1ee5 u\u1ed1n mi High on Lash c\u1ee7a ch\u00fang t\u00f4i! D\u1ee5ng c\u1ee5 u\u1ed1n mi l\u00e0 c\u1ea7n thi\u1ebft \u0111\u1ec3 ho\u00e0n thi\u1ec7n m\u1ecdi ki\u1ec3u d\u00e1ng m\u1eaft, nh\u01b0ng kh\u00f4ng ph\u1ea3i d\u1ee5ng c\u1ee5 u\u1ed1n n\u00e0o c\u0169ng \u0111\u01b0\u1ee3c thi\u1ebft k\u1ebf gi\u1ed1ng nhau. D\u1ee5ng c\u1ee5 u\u1ed1n mi d\u1ec5 s\u1eed d\u1ee5ng n\u00e0y nh\u1eb9 nh\u00e0ng v\u00e0 ch\u00ednh x\u00e1c k\u1eb9p v\u00e0 n\u00e2ng mi, cho \u0111\u1ed9 cong l\u00e2u d\u00e0i \u2013 kh\u00f4ng b\u1ecb v\u01b0\u1edbng hay gi\u1eadt. \u0110\u01b0\u1ee3c thi\u1ebft k\u1ebf linh ho\u1ea1t, d\u1ee5ng c\u1ee5 k\u1eb9p \u0111\u01b0\u1ee3c t\u1ea5t c\u1ea3 c\u00e1c lo\u1ea1i mi tr\u00ean m\u1ecdi h\u00ecnh d\u00e1ng m\u1eaft, gi\u00fap mi kh\u00f4ng b\u1ecb r\u1ee5ng. Mi\u1ebfng \u0111\u1ec7m silicon \u0111\u00e0n h\u1ed3i t\u1ea1o n\u00ean l\u1edbp \u0111\u1ec7m \u00eam \u00e1i v\u00e0 tho\u1ea3i m\u00e1i, gi\u00fap mi b\u1ea1n \u0111\u01b0\u1ee3c th\u01b0 gi\u00e3n khi ch\u00fang t\u00f4i \u0111\u01b0a ch\u00fang l\u00ean t\u1eadn m\u00e2y xanh. H\u00e3y s\u1eb5n s\u00e0ng cho m\u1ed9t h\u00e0nh tr\u00ecnh sang tr\u1ecdng v\u1edbi \u0111\u1ed9 cong v\u00e0 n\u00e2ng mi tuy\u1ec7t \u0111\u1ec9nh!<\/span><\/p>\n<p>&nbsp;<\/p>\n<\/div>\n<div data-content-type=\"html\" data-appearance=\"default\" data-element=\"main\">\n<ul>\n<li><span dir=\"auto\">Nh\u1eb9 nh\u00e0ng l\u00e0m cong v\u00e0 n\u00e2ng mi l\u00ean cao<\/span><\/li>\n<li>N\u1eafm b\u1eaft t\u1eebng s\u1ee3i mi m\u1ed9t c\u00e1ch ch\u00ednh x\u00e1c<\/li>\n<li>Thi\u1ebft k\u1ebf \u0111a n\u0103ng ph\u00f9 h\u1ee3p v\u1edbi m\u1ecdi h\u00ecnh d\u1ea1ng m\u1eaft<\/li>\n<li>Mi\u1ebfng \u0111\u1ec7m silicon \u0111\u00e0n h\u1ed3i mang l\u1ea1i c\u1ea3m gi\u00e1c tho\u1ea3i m\u00e1i<\/li>\n<li>Kh\u00f4ng v\u01b0\u1edbng v\u00edu, kh\u00f4ng gi\u1eadt<\/li>\n<\/ul>\n<\/div>","protected":false},"excerpt":{"rendered":"<div class=\"sku product-detail__gap-sm\"><strong><span dir=\"auto\"><br \/>\nM\u00e3 s\u1ea3n ph\u1ea9m:\u00a0<\/span><span class=\"sku__value\"><span dir=\"auto\">1111891E<\/span><\/span><\/strong><\/div>\n<div class=\"product-area__rich-text-block product-detail__gap-sm rte\">\n<p><span dir=\"auto\"><br \/>\nN\u00e2ng mi c\u1ee7a b\u1ea1n v\u1eeba \u0111\u01b0\u1ee3c n\u00e2ng t\u1ea7m l\u00ean h\u00e0ng \u0111\u1ea7u v\u1edbi d\u1ee5ng c\u1ee5 u\u1ed1n mi High on Lash c\u1ee7a ch\u00fang t\u00f4i! D\u1ee5ng c\u1ee5 u\u1ed1n mi l\u00e0 c\u1ea7n thi\u1ebft \u0111\u1ec3 ho\u00e0n thi\u1ec7n m\u1ecdi ki\u1ec3u d\u00e1ng m\u1eaft, nh\u01b0ng kh\u00f4ng ph\u1ea3i d\u1ee5ng c\u1ee5 u\u1ed1n n\u00e0o c\u0169ng \u0111\u01b0\u1ee3c thi\u1ebft k\u1ebf gi\u1ed1ng nhau. D\u1ee5ng c\u1ee5 u\u1ed1n mi n\u00e0y nh\u1eb9 nh\u00e0ng v\u00e0 ch\u00ednh x\u00e1c k\u1eb9p v\u00e0 n\u00e2ng mi, cho \u0111\u1ed9 cong l\u00e2u d\u00e0i \u2013 kh\u00f4ng b\u1ecb v\u01b0\u1edbng hay gi\u1eadt. D\u1ee5ng c\u1ee5 k\u1eb9p mi n\u00e0y k\u1eb9p \u0111\u01b0\u1ee3c m\u1ecdi d\u00e1ng mi, v\u00e0 \u0111\u01b0\u1ee3c trang b\u1ecb mi\u1ebfng \u0111\u1ec7m silicon \u0111\u00e0n h\u1ed3i, \u00eam \u00e1i, gi\u00fap mi b\u1ea1n \u0111\u01b0\u1ee3c th\u01b0 gi\u00e3n khi u\u1ed1n cong v\u00e0 n\u00e2ng mi !<\/span><\/p>\n<\/div>\n<p>&nbsp;<\/p>\n<p><img loading=\"lazy\" decoding=\"async\" class=\"alignnone  wp-image-1707\" src=\"https:\/\/tthpharma.com\/wp-content\/uploads\/2025\/08\/Vector-Smart-Object-02_150x.webp\" alt=\"\" width=\"75\" height=\"76\" srcset=\"https:\/\/tthpharma.com\/wp-content\/uploads\/2025\/08\/Vector-Smart-Object-02_150x.webp 104w, https:\/\/tthpharma.com\/wp-content\/uploads\/2025\/08\/Vector-Smart-Object-02_150x-12x12.webp 12w, https:\/\/tthpharma.com\/wp-content\/uploads\/2025\/08\/Vector-Smart-Object-02_150x-100x100.webp 100w\" sizes=\"(max-width: 75px) 100vw, 75px\" \/> \u00a0<img loading=\"lazy\" decoding=\"async\" class=\"alignnone  wp-image-1708\" src=\"https:\/\/tthpharma.com\/wp-content\/uploads\/2025\/08\/Vector-Smart-Object-10_150x.webp\" alt=\"\" width=\"76\" height=\"77\" srcset=\"https:\/\/tthpharma.com\/wp-content\/uploads\/2025\/08\/Vector-Smart-Object-10_150x.webp 104w, https:\/\/tthpharma.com\/wp-content\/uploads\/2025\/08\/Vector-Smart-Object-10_150x-12x12.webp 12w, https:\/\/tthpharma.com\/wp-content\/uploads\/2025\/08\/Vector-Smart-Object-10_150x-100x100.webp 100w\" sizes=\"(max-width: 76px) 100vw, 76px\" \/> \u00a0<img loading=\"lazy\" decoding=\"async\" class=\"alignnone  wp-image-1706\" src=\"https:\/\/tthpharma.com\/wp-content\/uploads\/2025\/08\/Vector-Smart-Object-01_150x.webp\" alt=\"\" width=\"75\" height=\"76\" srcset=\"https:\/\/tthpharma.com\/wp-content\/uploads\/2025\/08\/Vector-Smart-Object-01_150x.webp 104w, https:\/\/tthpharma.com\/wp-content\/uploads\/2025\/08\/Vector-Smart-Object-01_150x-12x12.webp 12w, https:\/\/tthpharma.com\/wp-content\/uploads\/2025\/08\/Vector-Smart-Object-01_150x-100x100.webp 100w\" sizes=\"(max-width: 75px) 100vw, 75px\" \/> \u00a0<img loading=\"lazy\" decoding=\"async\" class=\"alignnone  wp-image-1705\" src=\"https:\/\/tthpharma.com\/wp-content\/uploads\/2025\/08\/Vector-Smart-Object_150x.webp\" alt=\"\" width=\"78\" height=\"79\" srcset=\"https:\/\/tthpharma.com\/wp-content\/uploads\/2025\/08\/Vector-Smart-Object_150x.webp 104w, https:\/\/tthpharma.com\/wp-content\/uploads\/2025\/08\/Vector-Smart-Object_150x-12x12.webp 12w, https:\/\/tthpharma.com\/wp-content\/uploads\/2025\/08\/Vector-Smart-Object_150x-100x100.webp 100w\" sizes=\"(max-width: 78px) 100vw, 78px\" \/><\/p>","protected":false},"featured_media":1914,"comment_status":"open","ping_status":"closed","template":"","meta":[],"product_cat":[62,65],"product_tag":[],"acf":[],"_links":{"self":[{"href":"https:\/\/tthpharma.com\/en\/wp-json\/wp\/v2\/product\/1909"}],"collection":[{"href":"https:\/\/tthpharma.com\/en\/wp-json\/wp\/v2\/product"}],"about":[{"href":"https:\/\/tthpharma.com\/en\/wp-json\/wp\/v2\/types\/product"}],"replies":[{"embeddable":true,"href":"https:\/\/tthpharma.com\/en\/wp-json\/wp\/v2\/comments?post=1909"}],"wp:featuredmedia":[{"embeddable":true,"href":"https:\/\/tthpharma.com\/en\/wp-json\/wp\/v2\/media\/1914"}],"wp:attachment":[{"href":"https:\/\/tthpharma.com\/en\/wp-json\/wp\/v2\/media?parent=1909"}],"wp:term":[{"taxonomy":"product_cat","embeddable":true,"href":"https:\/\/tthpharma.com\/en\/wp-json\/wp\/v2\/product_cat?post=1909"},{"taxonomy":"product_tag","embeddable":true,"href":"https:\/\/tthpharma.com\/en\/wp-json\/wp\/v2\/product_tag?post=1909"}],"curies":[{"name":"wp","href":"https:\/\/api.w.org\/{rel}","templated":true}]}}