{"id":1889,"date":"2025-08-22T05:12:55","date_gmt":"2025-08-21T22:12:55","guid":{"rendered":"https:\/\/tthpharma.com\/?post_type=product&#038;p=1889"},"modified":"2025-08-22T05:12:56","modified_gmt":"2025-08-21T22:12:56","slug":"dau-duong-moi-wet-n-wild-mau-crystal-ball","status":"publish","type":"product","link":"https:\/\/tthpharma.com\/en\/product\/dau-duong-moi-wet-n-wild-mau-crystal-ball\/","title":{"rendered":"Wet N Wild Lip Oil - Crystal Ball"},"content":{"rendered":"<p><strong><span dir=\"auto\">Nh\u1eefng t\u00f4ng m\u00e0u kh\u00f4ng th\u1ec3 thi\u1ebfu:<\/span><\/strong><span dir=\"auto\">\u00a0T\u1eeb nh\u0169 \u0111\u1ebfn b\u00f3ng, 11 t\u00f4ng m\u00e0u \u0111\u1ed9c \u0111\u00e1o n\u00e0y mang \u0111\u1ebfn \u0111\u1ed9 che ph\u1ee7 t\u1eeb m\u1ecfng \u0111\u1ebfn \u0111\u1eadm v\u1edbi kh\u1ea3 n\u0103ng d\u01b0\u1ee1ng \u1ea9m v\u00e0 t\u1ea1o s\u1eafc t\u1ed1 v\u00f4 t\u1eadn.<\/span><\/p>\n<p><strong><span dir=\"auto\">Th\u00e0nh ph\u1ea7n si\u00eau sang tr\u1ecdng:<\/span><\/strong><span dir=\"auto\">\u00a0V\u1edbi 7 lo\u1ea1i d\u1ea7u t\u1ef1 nhi\u00ean, c\u00f4ng th\u1ee9c c\u1ea3i ti\u1ebfn n\u00e0y gi\u00e0u d\u1ea7u anh \u0111\u00e0o v\u00e0 Marula d\u01b0\u1ee1ng \u1ea9m, d\u1ea7u hoa tr\u00e0 v\u00e0 d\u1ea7u jojoba nu\u00f4i d\u01b0\u1ee1ng, d\u1ea7u b\u01a1 l\u00e0m d\u1ecbu, d\u1ea7u h\u1ea1t m\u00e2m x\u00f4i v\u00e0 d\u1ea7u h\u1ea1t vi\u1ec7t qu\u1ea5t gi\u00fap \u0111\u00f4i m\u00f4i c\u1ee7a b\u1ea1n tr\u00f4ng v\u00e0 c\u1ea3m th\u1ea5y tuy\u1ec7t v\u1eddi.<\/span><\/p>\n<p><strong><span dir=\"auto\">Nh\u1eb9 nh\u00e0ng + D\u1ec5 t\u00e1n:<\/span><\/strong><span dir=\"auto\">\u00a0C\u00f4ng th\u1ee9c kh\u00f4ng tr\u1ecdng l\u01b0\u1ee3ng n\u00e0y d\u1ec5 d\u00e0ng thoa l\u00ean m\u00f4i m\u00e0 kh\u00f4ng g\u00e2y c\u1ea3m gi\u00e1c nh\u1eddn d\u00ednh. B\u1ea1n c\u00f3 th\u1ec3 thoa ri\u00eang ho\u1eb7c thoa l\u00ean c\u00e1c s\u1ea3n ph\u1ea9m son kh\u00e1c \u0111\u1ec3 c\u00f3 m\u00e0u s\u1eafc th\u00eam ph\u1ea7n n\u1ed5i b\u1eadt!<\/span><\/p>\n<p><strong><span dir=\"auto\">H\u01b0\u01a1ng th\u01a1m nh\u1eb9 nh\u00e0ng:<\/span><\/strong><span dir=\"auto\">\u00a0C\u1ea3m th\u1ea5y s\u1ea3ng kho\u00e1i v\u1edbi s\u1ef1 k\u1ebft h\u1ee3p ng\u1ecdt ng\u00e0o v\u00e0 m\u00e1t l\u1ea1nh c\u1ee7a b\u1ea1c h\u00e0 v\u00e0 vani.<\/span><\/p>\n<p><strong><span dir=\"auto\">Kh\u00f4ng th\u1eed nghi\u1ec7m tr\u00ean \u0111\u1ed9ng v\u1eadt:<\/span><\/strong><span dir=\"auto\">\u00a0c\u00e1c s\u1ea3n ph\u1ea9m wet n wild kh\u00f4ng bao gi\u1edd \u0111\u01b0\u1ee3c th\u1eed nghi\u1ec7m tr\u00ean \u0111\u1ed9ng v\u1eadt v\u00e0 lu\u00f4n kh\u00f4ng th\u1eed nghi\u1ec7m tr\u00ean \u0111\u1ed9ng v\u1eadt.<\/span><\/p>\n<p><span dir=\"auto\">V\u1edbi h\u01a1n 40 n\u0103m kinh nghi\u1ec7m ti\u00ean phong v\u00e0 \u0111\u1ed5i m\u1edbi to\u00e0n di\u1ec7n, ch\u00fang t\u00f4i l\u00e0 chuy\u00ean gia l\u00e0m \u0111\u1eb9p \u0111\u00e1ng tin c\u1eady, gi\u00fap b\u1ea1n lu\u00f4n r\u1ea1ng r\u1ee1 m\u00e0 kh\u00f4ng lo v\u01b0\u1ee3t qu\u00e1 ng\u00e2n s\u00e1ch. T\u1eeb nh\u1eefng gam m\u00e0u r\u1ef1c r\u1ee1, t\u00e1o b\u1ea1o \u0111\u1ebfn trung t\u00ednh, tinh t\u1ebf, ch\u00fang t\u00f4i mang \u0111\u1ebfn cho b\u1ea1n v\u00f4 v\u00e0n l\u1ef1a ch\u1ecdn, \u0111\u1ed3ng th\u1eddi \u0111\u1eb7t ra ti\u00eau chu\u1ea9n v\u00e0ng v\u1ec1 t\u00ednh kh\u1ea3 thi. V\u1eady n\u00ean, h\u00e3y c\u00f9ng ch\u00fang t\u00f4i tr\u1ea3i nghi\u1ec7m v\u00e0 th\u1ecfa s\u1ee9c s\u00e1ng t\u1ea1o!<\/span><\/p>","protected":false},"excerpt":{"rendered":"<div class=\"sku product-detail__gap-sm\"><strong><span dir=\"auto\"><br \/>\nM\u00e3 s\u1ea3n ph\u1ea9m:\u00a0<\/span><span class=\"sku__value\"><span dir=\"auto\">1116670E<\/span><\/span><\/strong><\/div>\n<div class=\"product-area__rich-text-block product-detail__gap-sm rte\">\n<p><span dir=\"auto\"><br \/>\nD\u01b0\u1ee1ng \u1ea9m, L\u00e0m b\u00f3ng v\u00e0 L\u00ean m\u00e0u? C\u00f4ng th\u1ee9c M\u1edaI, si\u00eau d\u01b0\u1ee1ng \u1ea9m n\u00e0y l\u00e0m \u0111\u01b0\u1ee3c t\u1ea5t c\u1ea3 ! \u0110\u01b0\u1ee3c chi\u1ebft xu\u1ea5t t\u1eeb \u200b\u200b7 lo\u1ea1i d\u1ea7u t\u1ef1 nhi\u00ean, d\u1ea7u d\u01b0\u1ee1ng m\u00f4i c\u00f3 m\u00e0u n\u00e0y d\u01b0\u1ee1ng \u1ea9m cho \u0111\u00f4i m\u00f4i, mang \u0111\u1ebfn \u0111\u1ed9 b\u00f3ng nh\u01b0 g\u01b0\u01a1ng m\u01a1 \u01b0\u1edbc v\u00e0 m\u00e0u s\u1eafc n\u1ed5i b\u1eadt \u1ea5n t\u01b0\u1ee3ng. C\u00f4ng th\u1ee9c nh\u1eb9 nh\u00e0ng n\u00e0y gi\u00fap \u0111\u00f4i m\u00f4i tr\u00f4ng v\u00e0 c\u1ea3m nh\u1eadn t\u1ed1t h\u01a1n bao gi\u1edd h\u1ebft !<\/span><\/p>\n<p>&nbsp;<\/p>\n<\/div>\n<p><img loading=\"lazy\" decoding=\"async\" class=\"alignnone  wp-image-1707\" src=\"https:\/\/tthpharma.com\/wp-content\/uploads\/2025\/08\/Vector-Smart-Object-02_150x.webp\" alt=\"\" width=\"73\" height=\"74\" srcset=\"https:\/\/tthpharma.com\/wp-content\/uploads\/2025\/08\/Vector-Smart-Object-02_150x.webp 104w, https:\/\/tthpharma.com\/wp-content\/uploads\/2025\/08\/Vector-Smart-Object-02_150x-12x12.webp 12w, https:\/\/tthpharma.com\/wp-content\/uploads\/2025\/08\/Vector-Smart-Object-02_150x-100x100.webp 100w\" sizes=\"(max-width: 73px) 100vw, 73px\" \/> \u00a0<img loading=\"lazy\" decoding=\"async\" class=\"alignnone  wp-image-1706\" src=\"https:\/\/tthpharma.com\/wp-content\/uploads\/2025\/08\/Vector-Smart-Object-01_150x.webp\" alt=\"\" width=\"73\" height=\"74\" srcset=\"https:\/\/tthpharma.com\/wp-content\/uploads\/2025\/08\/Vector-Smart-Object-01_150x.webp 104w, https:\/\/tthpharma.com\/wp-content\/uploads\/2025\/08\/Vector-Smart-Object-01_150x-12x12.webp 12w, https:\/\/tthpharma.com\/wp-content\/uploads\/2025\/08\/Vector-Smart-Object-01_150x-100x100.webp 100w\" sizes=\"(max-width: 73px) 100vw, 73px\" \/> \u00a0<img loading=\"lazy\" decoding=\"async\" class=\"alignnone  wp-image-1705\" src=\"https:\/\/tthpharma.com\/wp-content\/uploads\/2025\/08\/Vector-Smart-Object_150x.webp\" alt=\"\" width=\"73\" height=\"74\" srcset=\"https:\/\/tthpharma.com\/wp-content\/uploads\/2025\/08\/Vector-Smart-Object_150x.webp 104w, https:\/\/tthpharma.com\/wp-content\/uploads\/2025\/08\/Vector-Smart-Object_150x-12x12.webp 12w, https:\/\/tthpharma.com\/wp-content\/uploads\/2025\/08\/Vector-Smart-Object_150x-100x100.webp 100w\" sizes=\"(max-width: 73px) 100vw, 73px\" \/><\/p>","protected":false},"featured_media":1890,"comment_status":"open","ping_status":"closed","template":"","meta":[],"product_cat":[62,64],"product_tag":[],"acf":[],"_links":{"self":[{"href":"https:\/\/tthpharma.com\/en\/wp-json\/wp\/v2\/product\/1889"}],"collection":[{"href":"https:\/\/tthpharma.com\/en\/wp-json\/wp\/v2\/product"}],"about":[{"href":"https:\/\/tthpharma.com\/en\/wp-json\/wp\/v2\/types\/product"}],"replies":[{"embeddable":true,"href":"https:\/\/tthpharma.com\/en\/wp-json\/wp\/v2\/comments?post=1889"}],"wp:featuredmedia":[{"embeddable":true,"href":"https:\/\/tthpharma.com\/en\/wp-json\/wp\/v2\/media\/1890"}],"wp:attachment":[{"href":"https:\/\/tthpharma.com\/en\/wp-json\/wp\/v2\/media?parent=1889"}],"wp:term":[{"taxonomy":"product_cat","embeddable":true,"href":"https:\/\/tthpharma.com\/en\/wp-json\/wp\/v2\/product_cat?post=1889"},{"taxonomy":"product_tag","embeddable":true,"href":"https:\/\/tthpharma.com\/en\/wp-json\/wp\/v2\/product_tag?post=1889"}],"curies":[{"name":"wp","href":"https:\/\/api.w.org\/{rel}","templated":true}]}}