{"id":1884,"date":"2025-08-22T05:00:22","date_gmt":"2025-08-21T22:00:22","guid":{"rendered":"https:\/\/tthpharma.com\/?post_type=product&#038;p=1884"},"modified":"2025-08-22T05:00:22","modified_gmt":"2025-08-21T22:00:22","slug":"serum-lot-thu-nho-lo-chan-long-wet-n-wild-prime-focus-primer","status":"publish","type":"product","link":"https:\/\/tthpharma.com\/en\/product\/serum-lot-thu-nho-lo-chan-long-wet-n-wild-prime-focus-primer\/","title":{"rendered":"Wet N Wild Prime Focus Primer"},"content":{"rendered":"<p><span dir=\"auto\">\u0110\u00e3 \u0111\u1ebfn l\u00fac b\u1eaft \u0111\u1ea7u quy tr\u00ecnh ch\u0103m s\u00f3c da c\u1ee7a b\u1ea1n ! Serum l\u00f3t n\u1ec1n n\u01b0\u1edbc n\u00e0y gi\u00fap l\u00e0m m\u1edd v\u00e0 l\u00e0m m\u1ec1m da, chu\u1ea9n b\u1ecb v\u00e0 l\u00e0m n\u1ec1n cho l\u1edbp trang \u0111i\u1ec3m. \u0110\u01b0\u1ee3c b\u00e0o ch\u1ebf v\u1edbi c\u00f4ng th\u1ee9c cao c\u1ea5p t\u1eeb chi\u1ebft xu\u1ea5t hoa v\u00e0 tr\u00e1i c\u00e2y, serum n\u00e0y s\u1ebd mang l\u1ea1i cho b\u1ea1n c\u1ea3m gi\u00e1c r\u1ea1ng r\u1ee1 t\u1ef1 nhi\u00ean.<\/span><\/p>\n<ul>\n<li><strong><span dir=\"auto\">Thu nh\u1ecf l\u1ed7 ch\u00e2n l\u00f4ng<\/span><\/strong><span dir=\"auto\">\u00a0: Thu nh\u1ecf l\u1ed7 ch\u00e2n l\u00f4ng v\u1edbi s\u1ef1 tr\u1ee3 gi\u00fap c\u1ee7a Bakuchiol, m\u1ed9t ch\u1ea5t thay th\u1ebf retinol t\u1ef1 nhi\u00ean \u0111\u01b0\u1ee3c bi\u1ebft \u0111\u1ebfn v\u1edbi kh\u1ea3 n\u0103ng c\u1ea3i thi\u1ec7n k\u1ebft c\u1ea5u da, c\u0169ng nh\u01b0 c\u00e1c th\u00e0nh ph\u1ea7n c\u00f3 ngu\u1ed3n g\u1ed1c t\u1ef1 nhi\u00ean kh\u00e1c nh\u01b0 Chi\u1ebft xu\u1ea5t thanh long gi\u00e0u ch\u1ea5t ch\u1ed1ng oxy h\u00f3a v\u00e0 Chi\u1ebft xu\u1ea5t hoa o\u1ea3i h\u01b0\u01a1ng.<\/span><\/li>\n<li><strong><span dir=\"auto\">Th\u00fac \u0111\u1ea9y l\u00e0n da tr\u00f4ng kh\u1ecfe m\u1ea1nh h\u01a1n<\/span><\/strong><span dir=\"auto\">\u00a0: Th\u00eam huy\u1ebft thanh v\u00e0o quy tr\u00ecnh ch\u0103m s\u00f3c da c\u1ee7a b\u1ea1n c\u00f3 th\u1ec3 gi\u00fap l\u00e0m s\u00e1ng da v\u00e0 se kh\u00edt l\u1ed7 ch\u00e2n l\u00f4ng \u0111\u1ed3ng th\u1eddi t\u1ea9y t\u1ebf b\u00e0o ch\u1ebft v\u00e0 cung c\u1ea5p th\u00eam m\u1ed9t ch\u00fat \u0111\u1ed9 \u1ea9m nh\u1eb9 nh\u00e0ng.<\/span><\/li>\n<li><strong><span dir=\"auto\">Th\u00e0nh ph\u1ea7n d\u01b0\u1ee1ng da<\/span><\/strong><span dir=\"auto\">\u00a0: M\u1ed9t khu v\u01b0\u1eddn ch\u1ee9a \u0111\u1ea7y c\u00e1c th\u00e0nh ph\u1ea7n d\u01b0\u1ee1ng ch\u1ea5t bao g\u1ed3m N\u01b0\u1edbc hoa h\u1ed3ng, Chi\u1ebft xu\u1ea5t tr\u00e0 xanh, Chi\u1ebft xu\u1ea5t hoa x\u01b0\u01a1ng r\u1ed3ng v\u00e0 nhi\u1ec1u th\u00e0nh ph\u1ea7n kh\u00e1c.<\/span><\/li>\n<li><strong><span dir=\"auto\">D\u00e0nh cho m\u1ecdi lo\u1ea1i da<\/span><\/strong><span dir=\"auto\">\u00a0: Cho d\u00f9 b\u1ea1n c\u00f3 l\u00e0n da kh\u00f4, da d\u1ea7u hay da h\u1ed7n h\u1ee3p, lo\u1ea1i huy\u1ebft thanh l\u00f3t n\u00e0y \u0111\u1ec1u c\u00f3 t\u00e1c d\u1ee5ng tuy\u1ec7t v\u1eddi tr\u00ean m\u1ecdi lo\u1ea1i da.<\/span><\/li>\n<li><strong><span dir=\"auto\">Kh\u00f4ng th\u1eed nghi\u1ec7m tr\u00ean \u0111\u1ed9ng v\u1eadt v\u00e0 thu\u1ea7n chay<\/span><\/strong><span dir=\"auto\">\u00a0: c\u00e1c s\u1ea3n ph\u1ea9m trang \u0111i\u1ec3m wet n wild kh\u00f4ng bao gi\u1edd th\u1eed nghi\u1ec7m tr\u00ean \u0111\u1ed9ng v\u1eadt v\u00e0 lu\u00f4n kh\u00f4ng th\u1eed nghi\u1ec7m tr\u00ean \u0111\u1ed9ng v\u1eadt.<\/span><\/li>\n<\/ul>","protected":false},"excerpt":{"rendered":"<div class=\"sku product-detail__gap-sm\"><strong><span dir=\"auto\"><br \/>\nM\u00e3 s\u1ea3n ph\u1ea9m:\u00a0<\/span><span class=\"sku__value\"><span dir=\"auto\">1114619E<\/span><\/span><\/strong><\/div>\n<div class=\"product-area__rich-text-block product-detail__gap-sm rte\">\n<p><span dir=\"auto\"><br \/>\n\u0110\u00e3 \u0111\u1ebfn l\u00fac b\u1eaft \u0111\u1ea7u quy tr\u00ecnh ch\u0103m s\u00f3c da c\u1ee7a b\u1ea1n ! Serum l\u00f3t n\u1ec1n n\u01b0\u1edbc n\u00e0y gi\u00fap l\u00e0m m\u1edd v\u00e0 l\u00e0m m\u1ec1m da, chu\u1ea9n b\u1ecb v\u00e0 l\u00e0m n\u1ec1n cho l\u1edbp trang \u0111i\u1ec3m. \u0110\u01b0\u1ee3c b\u00e0o ch\u1ebf v\u1edbi c\u00f4ng th\u1ee9c cao c\u1ea5p t\u1eeb chi\u1ebft xu\u1ea5t hoa v\u00e0 tr\u00e1i c\u00e2y, serum n\u00e0y s\u1ebd mang l\u1ea1i cho b\u1ea1n c\u1ea3m gi\u00e1c r\u1ea1ng r\u1ee1 t\u1ef1 nhi\u00ean.<\/span><\/p>\n<p>&nbsp;<\/p>\n<\/div>\n<p><img loading=\"lazy\" decoding=\"async\" class=\"alignnone  wp-image-1707\" src=\"https:\/\/tthpharma.com\/wp-content\/uploads\/2025\/08\/Vector-Smart-Object-02_150x.webp\" alt=\"\" width=\"70\" height=\"71\" srcset=\"https:\/\/tthpharma.com\/wp-content\/uploads\/2025\/08\/Vector-Smart-Object-02_150x.webp 104w, https:\/\/tthpharma.com\/wp-content\/uploads\/2025\/08\/Vector-Smart-Object-02_150x-12x12.webp 12w, https:\/\/tthpharma.com\/wp-content\/uploads\/2025\/08\/Vector-Smart-Object-02_150x-100x100.webp 100w\" sizes=\"(max-width: 70px) 100vw, 70px\" \/> \u00a0<img loading=\"lazy\" decoding=\"async\" class=\"alignnone  wp-image-1706\" src=\"https:\/\/tthpharma.com\/wp-content\/uploads\/2025\/08\/Vector-Smart-Object-01_150x.webp\" alt=\"\" width=\"72\" height=\"73\" srcset=\"https:\/\/tthpharma.com\/wp-content\/uploads\/2025\/08\/Vector-Smart-Object-01_150x.webp 104w, https:\/\/tthpharma.com\/wp-content\/uploads\/2025\/08\/Vector-Smart-Object-01_150x-12x12.webp 12w, https:\/\/tthpharma.com\/wp-content\/uploads\/2025\/08\/Vector-Smart-Object-01_150x-100x100.webp 100w\" sizes=\"(max-width: 72px) 100vw, 72px\" \/> \u00a0<img loading=\"lazy\" decoding=\"async\" class=\"alignnone  wp-image-1705\" src=\"https:\/\/tthpharma.com\/wp-content\/uploads\/2025\/08\/Vector-Smart-Object_150x.webp\" alt=\"\" width=\"73\" height=\"74\" srcset=\"https:\/\/tthpharma.com\/wp-content\/uploads\/2025\/08\/Vector-Smart-Object_150x.webp 104w, https:\/\/tthpharma.com\/wp-content\/uploads\/2025\/08\/Vector-Smart-Object_150x-12x12.webp 12w, https:\/\/tthpharma.com\/wp-content\/uploads\/2025\/08\/Vector-Smart-Object_150x-100x100.webp 100w\" sizes=\"(max-width: 73px) 100vw, 73px\" \/><\/p>","protected":false},"featured_media":1885,"comment_status":"open","ping_status":"closed","template":"","meta":[],"product_cat":[62,63],"product_tag":[],"acf":[],"_links":{"self":[{"href":"https:\/\/tthpharma.com\/en\/wp-json\/wp\/v2\/product\/1884"}],"collection":[{"href":"https:\/\/tthpharma.com\/en\/wp-json\/wp\/v2\/product"}],"about":[{"href":"https:\/\/tthpharma.com\/en\/wp-json\/wp\/v2\/types\/product"}],"replies":[{"embeddable":true,"href":"https:\/\/tthpharma.com\/en\/wp-json\/wp\/v2\/comments?post=1884"}],"wp:featuredmedia":[{"embeddable":true,"href":"https:\/\/tthpharma.com\/en\/wp-json\/wp\/v2\/media\/1885"}],"wp:attachment":[{"href":"https:\/\/tthpharma.com\/en\/wp-json\/wp\/v2\/media?parent=1884"}],"wp:term":[{"taxonomy":"product_cat","embeddable":true,"href":"https:\/\/tthpharma.com\/en\/wp-json\/wp\/v2\/product_cat?post=1884"},{"taxonomy":"product_tag","embeddable":true,"href":"https:\/\/tthpharma.com\/en\/wp-json\/wp\/v2\/product_tag?post=1884"}],"curies":[{"name":"wp","href":"https:\/\/api.w.org\/{rel}","templated":true}]}}