{"id":1879,"date":"2025-08-22T04:49:03","date_gmt":"2025-08-21T21:49:03","guid":{"rendered":"https:\/\/tthpharma.com\/?post_type=product&#038;p=1879"},"modified":"2025-08-22T04:49:04","modified_gmt":"2025-08-21T21:49:04","slug":"dung-dich-megaglo-glow-in-love-radiance-liquid","status":"publish","type":"product","link":"https:\/\/tthpharma.com\/en\/product\/dung-dich-megaglo-glow-in-love-radiance-liquid\/","title":{"rendered":"Wet N Wild Megaglo Glow In Love Radiance Liquid"},"content":{"rendered":"<p><span data-sheets-root=\"1\" data-sheets-value=\"{&quot;1&quot;:2,&quot;2&quot;:&quot;Boost your natural radiance drop by drop! These liquid highlighting radiance drops deliver a natural glow that enhances the complexion. Whether you wear it alone, under, or over makeup, this liquid formula can be built up from sheer coverage. Enjoy a boost of radiance with a refreshing blend of 4% niacinamide, glycerin, and vitamin E.\\nwet n wild starts as everyone\u2019s first and remains a lifelong destination for vibrant and accessible beauty. Delivering over 40 years of trend-forward and all-inclusive innovations, we are your trusted beauty expert that will keep you looking fabulous without ever betraying your budget. From the bold \u2018n\u2019 bright to the neutral \u2018n\u2019 nuanced, we set out to spoil you with options while setting the gold standard of achievability. So go ahead, get your feet wet with us again and go wild with your imagination!&quot;}\" data-sheets-userformat=\"{&quot;2&quot;:33554945,&quot;3&quot;:{&quot;1&quot;:0},&quot;12&quot;:0,&quot;28&quot;:1}\"><span dir=\"auto\">T\u0103ng c\u01b0\u1eddng \u0111\u1ed9 r\u1ea1ng r\u1ee1 t\u1ef1 nhi\u00ean t\u1eebng gi\u1ecdt! Nh\u1eefng gi\u1ecdt b\u1eaft s\u00e1ng d\u1ea1ng l\u1ecfng n\u00e0y mang \u0111\u1ebfn v\u1ebb r\u1ea1ng r\u1ee1 t\u1ef1 nhi\u00ean, gi\u00fap t\u00f4n l\u00ean l\u00e0n da. D\u00f9 b\u1ea1n d\u00f9ng ri\u00eang, d\u01b0\u1edbi l\u1edbp trang \u0111i\u1ec3m hay tr\u00ean l\u1edbp trang \u0111i\u1ec3m, c\u00f4ng th\u1ee9c d\u1ea1ng l\u1ecfng n\u00e0y \u0111\u1ec1u c\u00f3 th\u1ec3 t\u1ea1o n\u00ean l\u1edbp n\u1ec1n ho\u00e0n h\u1ea3o. T\u1eadn h\u01b0\u1edfng l\u00e0n da r\u1ea1ng r\u1ee1 v\u1edbi s\u1ef1 k\u1ebft h\u1ee3p t\u01b0\u01a1i m\u00e1t c\u1ee7a 4% niacinamide, glycerin v\u00e0 vitamin E.<\/span><\/span><\/p>\n<ul>\n<li><strong><span dir=\"auto\">Kem b\u1eaft s\u00e1ng d\u1ea1ng l\u1ecfng<\/span><\/strong><span dir=\"auto\">\u00a0: L\u00e0m n\u1ed5i b\u1eadt nh\u1eefng \u0111\u01b0\u1eddng n\u00e9t \u0111\u1eb9p nh\u1ea5t c\u1ee7a b\u1ea1n \u0111\u1ed3ng th\u1eddi t\u0103ng c\u01b0\u1eddng \u0111\u1ed9 s\u00e1ng t\u1ef1 nhi\u00ean gi\u00fap c\u1ea3i thi\u1ec7n l\u00e0n da t\u1ee9c th\u00ec.<\/span><\/li>\n<li><strong><span dir=\"auto\">\u0110\u1ed9 che ph\u1ee7 m\u1ecfng nh\u1eb9<\/span><\/strong><span dir=\"auto\">\u00a0: B\u1eaft \u0111\u1ea7u v\u1edbi m\u1ed9t l\u1edbp m\u1ecfng v\u00e0 t\u0103ng d\u1ea7n l\u00ean \u0111\u1ebfn \u0111\u1ed9 che ph\u1ee7 b\u1ea1n mong mu\u1ed1n.<\/span><\/li>\n<li><strong><span dir=\"auto\">Th\u00e0nh ph\u1ea7n cao c\u1ea5p<\/span><\/strong><span dir=\"auto\">\u00a0: Kem b\u1eaft s\u00e1ng d\u1ea1ng l\u1ecfng n\u00e0y \u0111\u01b0\u1ee3c l\u00e0m gi\u00e0u v\u1edbi 4% niacinamide l\u00e0m s\u00e1ng da, glycerin v\u00e0 vitamin E.<\/span><\/li>\n<li><strong><span dir=\"auto\">Trang \u0111i\u1ec3m nh\u1eb9<\/span><\/strong><span dir=\"auto\">\u00a0: Lo\u1ea1i trang \u0111i\u1ec3m nh\u1eb9 n\u00e0y c\u00f3 th\u1ec3 \u0111\u01b0\u1ee3c s\u1eed d\u1ee5ng ri\u00eang, b\u00ean d\u01b0\u1edbi ho\u1eb7c tr\u00ean l\u1edbp trang \u0111i\u1ec3m.<\/span><\/li>\n<li><strong><span dir=\"auto\">Kh\u00f4ng th\u1eed nghi\u1ec7m tr\u00ean \u0111\u1ed9ng v\u1eadt<\/span><\/strong><span dir=\"auto\">\u00a0: c\u00e1c s\u1ea3n ph\u1ea9m trang \u0111i\u1ec3m wet n wild kh\u00f4ng bao gi\u1edd th\u1eed nghi\u1ec7m tr\u00ean \u0111\u1ed9ng v\u1eadt v\u00e0 lu\u00f4n kh\u00f4ng th\u1eed nghi\u1ec7m tr\u00ean \u0111\u1ed9ng v\u1eadt.<\/span><\/li>\n<\/ul>\n<p><span data-sheets-root=\"1\" data-sheets-value=\"{&quot;1&quot;:2,&quot;2&quot;:&quot;Boost your natural radiance drop by drop! These liquid highlighting radiance drops deliver a natural glow that enhances the complexion. Whether you wear it alone, under, or over makeup, this liquid formula can be built up from sheer coverage. Enjoy a boost of radiance with a refreshing blend of 4% niacinamide, glycerin, and vitamin E.\\nwet n wild starts as everyone\u2019s first and remains a lifelong destination for vibrant and accessible beauty. Delivering over 40 years of trend-forward and all-inclusive innovations, we are your trusted beauty expert that will keep you looking fabulous without ever betraying your budget. From the bold \u2018n\u2019 bright to the neutral \u2018n\u2019 nuanced, we set out to spoil you with options while setting the gold standard of achievability. So go ahead, get your feet wet with us again and go wild with your imagination!&quot;}\" data-sheets-userformat=\"{&quot;2&quot;:33554945,&quot;3&quot;:{&quot;1&quot;:0},&quot;12&quot;:0,&quot;28&quot;:1}\"><span dir=\"auto\">Wet n Wild kh\u1edfi \u0111\u1ea7u l\u00e0 \u0111i\u1ec3m \u0111\u1ebfn \u0111\u1ea7u ti\u00ean c\u1ee7a m\u1ecdi ng\u01b0\u1eddi v\u00e0 v\u1eabn lu\u00f4n l\u00e0 \u0111i\u1ec3m \u0111\u1ebfn tr\u1ecdn \u0111\u1eddi cho v\u1ebb \u0111\u1eb9p r\u1ea1ng r\u1ee1 v\u00e0 d\u1ec5 ti\u1ebfp c\u1eadn. V\u1edbi h\u01a1n 40 n\u0103m kinh nghi\u1ec7m ti\u00ean phong v\u00e0 \u0111\u1ed5i m\u1edbi to\u00e0n di\u1ec7n, ch\u00fang t\u00f4i l\u00e0 chuy\u00ean gia l\u00e0m \u0111\u1eb9p \u0111\u00e1ng tin c\u1eady, gi\u00fap b\u1ea1n lu\u00f4n xinh \u0111\u1eb9p m\u00e0 kh\u00f4ng v\u01b0\u1ee3t qu\u00e1 ng\u00e2n s\u00e1ch. T\u1eeb nh\u1eefng gam m\u00e0u t\u00e1o b\u1ea1o v\u00e0 r\u1ef1c r\u1ee1 \u0111\u1ebfn nh\u1eefng gam m\u00e0u trung t\u00ednh v\u00e0 tinh t\u1ebf, ch\u00fang t\u00f4i mang \u0111\u1ebfn cho b\u1ea1n v\u00f4 v\u00e0n l\u1ef1a ch\u1ecdn, \u0111\u1ed3ng th\u1eddi \u0111\u1eb7t ra ti\u00eau chu\u1ea9n v\u00e0ng v\u1ec1 t\u00ednh kh\u1ea3 thi. V\u1eady n\u00ean, h\u00e3y c\u00f9ng ch\u00fang t\u00f4i tr\u1ea3i nghi\u1ec7m v\u00e0 th\u1ecfa s\u1ee9c s\u00e1ng t\u1ea1o!<\/span><\/span><\/p>","protected":false},"excerpt":{"rendered":"<div><\/div>\n<div class=\"sku product-detail__gap-sm\"><strong><span dir=\"auto\">M\u00e3 s\u1ea3n ph\u1ea9m:\u00a0<\/span><span class=\"sku__value\"><span dir=\"auto\">1116108E<\/span><\/span><\/strong><\/div>\n<div class=\"product-area__rich-text-block product-detail__gap-sm rte\">\n<p><span data-sheets-root=\"1\" data-sheets-value=\"{&quot;1&quot;:2,&quot;2&quot;:&quot;Boost your natural radiance drop by drop! These liquid highlighting radiance drops deliver a natural glow that enhances the complexion. Whether you wear it alone, under, or over makeup, this liquid formula can be built up from sheer coverage. Enjoy a boost of radiance with a refreshing blend of 4% niacinamide, glycerin, and vitamin E.&quot;}\" data-sheets-userformat=\"{&quot;2&quot;:33555217,&quot;3&quot;:{&quot;1&quot;:0},&quot;7&quot;:{&quot;1&quot;:[{&quot;1&quot;:2,&quot;2&quot;:0,&quot;5&quot;:{&quot;1&quot;:2,&quot;2&quot;:0}},{&quot;1&quot;:0,&quot;2&quot;:0,&quot;3&quot;:3},{&quot;1&quot;:1,&quot;2&quot;:0,&quot;4&quot;:3}]},&quot;11&quot;:3,&quot;12&quot;:0,&quot;28&quot;:1}\"><span dir=\"auto\"><br \/>\nT\u0103ng c\u01b0\u1eddng \u0111\u1ed9 r\u1ea1ng r\u1ee1 t\u1ef1 nhi\u00ean t\u1eebng gi\u1ecdt ! Nh\u1eefng gi\u1ecdt b\u1eaft s\u00e1ng d\u1ea1ng l\u1ecfng n\u00e0y mang \u0111\u1ebfn v\u1ebb r\u1ea1ng r\u1ee1 t\u1ef1 nhi\u00ean, gi\u00fap t\u00f4n l\u00ean l\u00e0n da. D\u00f9 b\u1ea1n d\u00f9ng ri\u00eang, d\u01b0\u1edbi l\u1edbp trang \u0111i\u1ec3m hay tr\u00ean l\u1edbp trang \u0111i\u1ec3m, c\u00f4ng th\u1ee9c d\u1ea1ng l\u1ecfng n\u00e0y \u0111\u1ec1u c\u00f3 th\u1ec3 t\u1ea1o n\u00ean l\u1edbp n\u1ec1n ho\u00e0n h\u1ea3o. T\u1eadn h\u01b0\u1edfng l\u00e0n da r\u1ea1ng r\u1ee1 v\u1edbi s\u1ef1 k\u1ebft h\u1ee3p t\u01b0\u01a1i m\u00e1t c\u1ee7a 4% Niacinamide, Glycerin v\u00e0 Vitamin E.<\/span><\/span><\/p>\n<\/div>","protected":false},"featured_media":1881,"comment_status":"open","ping_status":"closed","template":"","meta":[],"product_cat":[62,63],"product_tag":[],"acf":[],"_links":{"self":[{"href":"https:\/\/tthpharma.com\/en\/wp-json\/wp\/v2\/product\/1879"}],"collection":[{"href":"https:\/\/tthpharma.com\/en\/wp-json\/wp\/v2\/product"}],"about":[{"href":"https:\/\/tthpharma.com\/en\/wp-json\/wp\/v2\/types\/product"}],"replies":[{"embeddable":true,"href":"https:\/\/tthpharma.com\/en\/wp-json\/wp\/v2\/comments?post=1879"}],"wp:featuredmedia":[{"embeddable":true,"href":"https:\/\/tthpharma.com\/en\/wp-json\/wp\/v2\/media\/1881"}],"wp:attachment":[{"href":"https:\/\/tthpharma.com\/en\/wp-json\/wp\/v2\/media?parent=1879"}],"wp:term":[{"taxonomy":"product_cat","embeddable":true,"href":"https:\/\/tthpharma.com\/en\/wp-json\/wp\/v2\/product_cat?post=1879"},{"taxonomy":"product_tag","embeddable":true,"href":"https:\/\/tthpharma.com\/en\/wp-json\/wp\/v2\/product_tag?post=1879"}],"curies":[{"name":"wp","href":"https:\/\/api.w.org\/{rel}","templated":true}]}}