{"id":1866,"date":"2025-08-21T16:25:55","date_gmt":"2025-08-21T09:25:55","guid":{"rendered":"https:\/\/tthpharma.com\/?post_type=product&#038;p=1866"},"modified":"2025-09-03T10:52:17","modified_gmt":"2025-09-03T03:52:17","slug":"kem-che-khuyet-diem-wet-n-wild-photo-focus-care-color-corrector-mau-trang","status":"publish","type":"product","link":"https:\/\/tthpharma.com\/en\/product\/kem-che-khuyet-diem-wet-n-wild-photo-focus-care-color-corrector-mau-trang\/","title":{"rendered":"Wet N Wild Photo Focus Care Color Corrector - White"},"content":{"rendered":"<p><span data-sheets-root=\"1\" data-sheets-value=\"{&quot;1&quot;:2,&quot;2&quot;:&quot;The Photo Focus Care Color Corrector conceals, brightens, and neutralizes, with nourishing skincare ingredients to provide a flawless base. Lightweight, silky and easy to blend, this color corrector perfects the look of the complexion under foundation. The White color corrector can be used to lighten, brighten and highlight beneath concealer and foundation, for the under-eye, high points of the face, and the eyelid. The Green color corrector can be used to cover redness and hide blemishes. The Blue color corrector neutralizes concealer or foundation that is overly warm and cools down orange, peachy, and yellow undertones.\\n\\nwet n wild starts as everyone\u2019s first and remains a lifelong destination for vibrant and accessible beauty. Delivering over 40 years of trend-forward and all-inclusive innovations, we are your trusted beauty expert that will keep you looking fabulous without ever betraying your budget. From the bold \u2018n\u2019 bright to the neutral \u2018n\u2019 nuanced, we set out to spoil you with options while setting the gold standard of achievability. So go ahead, get your feet wet with us again and go wild with your imagination!&quot;}\" data-sheets-userformat=\"{&quot;2&quot;:33554432,&quot;28&quot;:1}\"><span dir=\"auto\">Kem che khuy\u1ebft \u0111i\u1ec3m Photo Focus Care Color Corrector che khuy\u1ebft \u0111i\u1ec3m, l\u00e0m s\u00e1ng v\u00e0 trung h\u00f2a s\u1eafc t\u1ed1 da, v\u1edbi c\u00e1c th\u00e0nh ph\u1ea7n d\u01b0\u1ee1ng da nu\u00f4i d\u01b0\u1ee1ng, mang l\u1ea1i l\u1edbp n\u1ec1n ho\u00e0n h\u1ea3o. Nh\u1eb9 nh\u00e0ng, m\u1ec1m m\u1ea1i v\u00e0 d\u1ec5 t\u00e1n, kem che khuy\u1ebft \u0111i\u1ec3m n\u00e0y gi\u00fap ho\u00e0n thi\u1ec7n v\u1ebb ngo\u00e0i c\u1ee7a l\u00e0n da d\u01b0\u1edbi l\u1edbp kem n\u1ec1n. Kem che khuy\u1ebft \u0111i\u1ec3m m\u00e0u tr\u1eafng c\u00f3 th\u1ec3 \u0111\u01b0\u1ee3c s\u1eed d\u1ee5ng \u0111\u1ec3 l\u00e0m s\u00e1ng, l\u00e0m \u0111\u1ec1u m\u00e0u v\u00e0 l\u00e0m n\u1ed5i b\u1eadt l\u1edbp kem che khuy\u1ebft \u0111i\u1ec3m v\u00e0 kem n\u1ec1n, cho v\u00f9ng d\u01b0\u1edbi m\u1eaft, c\u00e1c \u0111i\u1ec3m cao tr\u00ean khu\u00f4n m\u1eb7t v\u00e0 m\u00ed m\u1eaft. Kem che khuy\u1ebft \u0111i\u1ec3m m\u00e0u xanh l\u00e1 c\u00e2y c\u00f3 th\u1ec3 \u0111\u01b0\u1ee3c s\u1eed d\u1ee5ng \u0111\u1ec3 che \u0111i v\u1ebft \u0111\u1ecf v\u00e0 che khuy\u1ebft \u0111i\u1ec3m. Kem che khuy\u1ebft \u0111i\u1ec3m m\u00e0u xanh d\u01b0\u01a1ng gi\u00fap trung h\u00f2a c\u00e1c s\u1eafc th\u00e1i qu\u00e1 \u1ea5m c\u1ee7a kem che khuy\u1ebft \u0111i\u1ec3m ho\u1eb7c kem n\u1ec1n v\u00e0 l\u00e0m d\u1ecbu c\u00e1c t\u00f4ng m\u00e0u cam, h\u1ed3ng \u0111\u00e0o v\u00e0 v\u00e0ng.<\/span><\/span><\/p>\n<p>&nbsp;<\/p>\n<ul>\n<li><strong><span dir=\"auto\">Th\u00e0nh ph\u1ea7n ch\u0103m s\u00f3c<\/span><\/strong><span dir=\"auto\">\u00a0: M\u00e0u tr\u1eafng ch\u1ee9a Niacinamide, M\u00e0u xanh l\u00e1 c\u00e2y ch\u1ee9a Chi\u1ebft xu\u1ea5t c\u00e2y tr\u00e0, M\u00e0u xanh d\u01b0\u01a1ng ch\u1ee9a Biotin xanh<\/span><\/li>\n<li><strong><span dir=\"auto\">Hi\u1ec7u ch\u1ec9nh m\u00e0u s\u1eafc cho v\u1ebb ngo\u00e0i ho\u00e0n h\u1ea3o<\/span><\/strong><span dir=\"auto\">\u00a0: Tr\u1eafng l\u00e0m s\u00e1ng v\u00e0 n\u1ed5i b\u1eadt, Xanh l\u00e1 che \u0111i m\u00e0u \u0111\u1ecf, Xanh lam trung h\u00f2a t\u00f4ng m\u00e0u cam<\/span><\/li>\n<li><strong><span dir=\"auto\">C\u00f3 th\u1ec3 x\u00e2y d\u1ef1ng v\u00e0 li\u1ec1n m\u1ea1ch<\/span><\/strong><span dir=\"auto\">\u00a0: H\u00f2a tr\u1ed9n li\u1ec1n m\u1ea1ch v\u00e0 x\u00e2y d\u1ef1ng \u0111\u1ec3 c\u00f3 \u0111\u1ed9 che ph\u1ee7 t\u1ed1i \u01b0u<\/span><\/li>\n<li><strong><span dir=\"auto\">Nh\u1eb9<\/span><\/strong><span dir=\"auto\">\u00a0: Tho\u1ea3i m\u00e1i v\u00e0 ch\u0103m s\u00f3c l\u00e0n da<\/span><\/li>\n<li><strong><span dir=\"auto\">Kh\u00f4ng th\u1eed nghi\u1ec7m tr\u00ean \u0111\u1ed9ng v\u1eadt<\/span><\/strong><span dir=\"auto\">\u00a0: c\u00e1c s\u1ea3n ph\u1ea9m trang \u0111i\u1ec3m wet n wild kh\u00f4ng bao gi\u1edd th\u1eed nghi\u1ec7m tr\u00ean \u0111\u1ed9ng v\u1eadt v\u00e0 lu\u00f4n kh\u00f4ng th\u1eed nghi\u1ec7m tr\u00ean \u0111\u1ed9ng v\u1eadt.<\/span><\/li>\n<\/ul>\n<p><span data-sheets-root=\"1\" data-sheets-value=\"{&quot;1&quot;:2,&quot;2&quot;:&quot;The Photo Focus Care Color Corrector conceals, brightens, and neutralizes, with nourishing skincare ingredients to provide a flawless base. Lightweight, silky and easy to blend, this color corrector perfects the look of the complexion under foundation. The White color corrector can be used to lighten, brighten and highlight beneath concealer and foundation, for the under-eye, high points of the face, and the eyelid. The Green color corrector can be used to cover redness and hide blemishes. The Blue color corrector neutralizes concealer or foundation that is overly warm and cools down orange, peachy, and yellow undertones.\\n\\nwet n wild starts as everyone\u2019s first and remains a lifelong destination for vibrant and accessible beauty. Delivering over 40 years of trend-forward and all-inclusive innovations, we are your trusted beauty expert that will keep you looking fabulous without ever betraying your budget. From the bold \u2018n\u2019 bright to the neutral \u2018n\u2019 nuanced, we set out to spoil you with options while setting the gold standard of achievability. So go ahead, get your feet wet with us again and go wild with your imagination!&quot;}\" data-sheets-userformat=\"{&quot;2&quot;:33554432,&quot;28&quot;:1}\"><span dir=\"auto\">Wet n Wild kh\u1edfi \u0111\u1ea7u l\u00e0 \u0111i\u1ec3m \u0111\u1ebfn \u0111\u1ea7u ti\u00ean c\u1ee7a m\u1ecdi ng\u01b0\u1eddi v\u00e0 v\u1eabn lu\u00f4n l\u00e0 \u0111i\u1ec3m \u0111\u1ebfn tr\u1ecdn \u0111\u1eddi cho v\u1ebb \u0111\u1eb9p r\u1ea1ng r\u1ee1 v\u00e0 d\u1ec5 ti\u1ebfp c\u1eadn. V\u1edbi h\u01a1n 40 n\u0103m kinh nghi\u1ec7m ti\u00ean phong v\u00e0 \u0111\u1ed5i m\u1edbi to\u00e0n di\u1ec7n, ch\u00fang t\u00f4i l\u00e0 chuy\u00ean gia l\u00e0m \u0111\u1eb9p \u0111\u00e1ng tin c\u1eady, gi\u00fap b\u1ea1n lu\u00f4n xinh \u0111\u1eb9p m\u00e0 kh\u00f4ng v\u01b0\u1ee3t qu\u00e1 ng\u00e2n s\u00e1ch. T\u1eeb nh\u1eefng gam m\u00e0u t\u00e1o b\u1ea1o v\u00e0 r\u1ef1c r\u1ee1 \u0111\u1ebfn nh\u1eefng gam m\u00e0u trung t\u00ednh v\u00e0 tinh t\u1ebf, ch\u00fang t\u00f4i mang \u0111\u1ebfn cho b\u1ea1n v\u00f4 v\u00e0n l\u1ef1a ch\u1ecdn, \u0111\u1ed3ng th\u1eddi \u0111\u1eb7t ra ti\u00eau chu\u1ea9n v\u00e0ng v\u1ec1 t\u00ednh kh\u1ea3 thi. V\u1eady n\u00ean, h\u00e3y c\u00f9ng ch\u00fang t\u00f4i tr\u1ea3i nghi\u1ec7m v\u00e0 th\u1ecfa s\u1ee9c s\u00e1ng t\u1ea1o!<\/span><\/span><\/p>","protected":false},"excerpt":{"rendered":"<div><\/div>\n<div class=\"sku product-detail__gap-sm\"><strong><span dir=\"auto\">M\u00e3 s\u1ea3n ph\u1ea9m:\u00a0<\/span><span class=\"sku__value\"><span dir=\"auto\">1116104E<\/span><\/span><\/strong><\/div>\n<div class=\"product-area__rich-text-block product-detail__gap-sm rte\">\n<p>&nbsp;<\/p>\n<p><span data-sheets-root=\"1\" data-sheets-value=\"{&quot;1&quot;:2,&quot;2&quot;:&quot;The Photo Focus Care Color Corrector conceals, brightens, and neutralizes, with nourishing skincare ingredients to provide a flawless base. Lightweight, silky and easy to blend, this color corrector perfects the look of the complexion under foundation. The White color corrector can be used to lighten, brighten and highlight beneath concealer and foundation, for the under-eye, high points of the face, and the eyelid. The Green color corrector can be used to cover redness and hide blemishes. The Blue color corrector neutralizes concealer or foundation that is overly warm and cools down orange, peachy, and yellow undertones.&quot;}\" data-sheets-userformat=\"{&quot;2&quot;:33554448,&quot;7&quot;:{&quot;1&quot;:[{&quot;1&quot;:2,&quot;2&quot;:0,&quot;5&quot;:{&quot;1&quot;:2,&quot;2&quot;:0}},{&quot;1&quot;:0,&quot;2&quot;:0,&quot;3&quot;:3},{&quot;1&quot;:1,&quot;2&quot;:0,&quot;4&quot;:3}]},&quot;28&quot;:1}\"><span dir=\"auto\">Kem che khuy\u1ebft \u0111i\u1ec3m Photo Focus Care Color Corrector che khuy\u1ebft \u0111i\u1ec3m, l\u00e0m s\u00e1ng v\u00e0 trung h\u00f2a s\u1eafc t\u1ed1 da, v\u1edbi c\u00e1c th\u00e0nh ph\u1ea7n d\u01b0\u1ee1ng da nu\u00f4i d\u01b0\u1ee1ng, mang l\u1ea1i l\u1edbp n\u1ec1n ho\u00e0n h\u1ea3o. Nh\u1eb9 nh\u00e0ng, m\u1ec1m m\u1ea1i v\u00e0 d\u1ec5 t\u00e1n, kem che khuy\u1ebft \u0111i\u1ec3m n\u00e0y gi\u00fap ho\u00e0n thi\u1ec7n v\u1ebb ngo\u00e0i c\u1ee7a l\u00e0n da d\u01b0\u1edbi l\u1edbp kem n\u1ec1n. Kem che khuy\u1ebft \u0111i\u1ec3m m\u00e0u tr\u1eafng c\u00f3 th\u1ec3 \u0111\u01b0\u1ee3c s\u1eed d\u1ee5ng \u0111\u1ec3 l\u00e0m s\u00e1ng, l\u00e0m \u0111\u1ec1u m\u00e0u v\u00e0 l\u00e0m n\u1ed5i b\u1eadt l\u1edbp kem che khuy\u1ebft \u0111i\u1ec3m v\u00e0 kem n\u1ec1n, cho v\u00f9ng d\u01b0\u1edbi m\u1eaft, c\u00e1c \u0111i\u1ec3m cao tr\u00ean khu\u00f4n m\u1eb7t v\u00e0 m\u00ed m\u1eaft. Kem che khuy\u1ebft \u0111i\u1ec3m m\u00e0u xanh l\u00e1 c\u00e2y c\u00f3 th\u1ec3 \u0111\u01b0\u1ee3c s\u1eed d\u1ee5ng \u0111\u1ec3 che \u0111i v\u1ebft \u0111\u1ecf v\u00e0 che khuy\u1ebft \u0111i\u1ec3m.\u00a0<\/span><\/span><\/p>\n<p>&nbsp;<\/p>\n<\/div>\n<p><img loading=\"lazy\" decoding=\"async\" class=\"alignnone wp-image-1707\" src=\"https:\/\/tthpharma.com\/wp-content\/uploads\/2025\/08\/Vector-Smart-Object-02_150x.webp\" alt=\"\" width=\"69\" height=\"70\" srcset=\"https:\/\/tthpharma.com\/wp-content\/uploads\/2025\/08\/Vector-Smart-Object-02_150x.webp 104w, https:\/\/tthpharma.com\/wp-content\/uploads\/2025\/08\/Vector-Smart-Object-02_150x-12x12.webp 12w, https:\/\/tthpharma.com\/wp-content\/uploads\/2025\/08\/Vector-Smart-Object-02_150x-100x100.webp 100w\" sizes=\"(max-width: 69px) 100vw, 69px\" \/> <img loading=\"lazy\" decoding=\"async\" class=\"alignnone wp-image-1706\" src=\"https:\/\/tthpharma.com\/wp-content\/uploads\/2025\/08\/Vector-Smart-Object-01_150x.webp\" alt=\"\" width=\"73\" height=\"74\" srcset=\"https:\/\/tthpharma.com\/wp-content\/uploads\/2025\/08\/Vector-Smart-Object-01_150x.webp 104w, https:\/\/tthpharma.com\/wp-content\/uploads\/2025\/08\/Vector-Smart-Object-01_150x-12x12.webp 12w, https:\/\/tthpharma.com\/wp-content\/uploads\/2025\/08\/Vector-Smart-Object-01_150x-100x100.webp 100w\" sizes=\"(max-width: 73px) 100vw, 73px\" \/> <img loading=\"lazy\" decoding=\"async\" class=\"alignnone wp-image-1705\" src=\"https:\/\/tthpharma.com\/wp-content\/uploads\/2025\/08\/Vector-Smart-Object_150x.webp\" alt=\"\" width=\"73\" height=\"74\" srcset=\"https:\/\/tthpharma.com\/wp-content\/uploads\/2025\/08\/Vector-Smart-Object_150x.webp 104w, https:\/\/tthpharma.com\/wp-content\/uploads\/2025\/08\/Vector-Smart-Object_150x-12x12.webp 12w, https:\/\/tthpharma.com\/wp-content\/uploads\/2025\/08\/Vector-Smart-Object_150x-100x100.webp 100w\" sizes=\"(max-width: 73px) 100vw, 73px\" \/><\/p>","protected":false},"featured_media":1871,"comment_status":"open","ping_status":"closed","template":"","meta":[],"product_cat":[63,62],"product_tag":[],"acf":[],"_links":{"self":[{"href":"https:\/\/tthpharma.com\/en\/wp-json\/wp\/v2\/product\/1866"}],"collection":[{"href":"https:\/\/tthpharma.com\/en\/wp-json\/wp\/v2\/product"}],"about":[{"href":"https:\/\/tthpharma.com\/en\/wp-json\/wp\/v2\/types\/product"}],"replies":[{"embeddable":true,"href":"https:\/\/tthpharma.com\/en\/wp-json\/wp\/v2\/comments?post=1866"}],"wp:featuredmedia":[{"embeddable":true,"href":"https:\/\/tthpharma.com\/en\/wp-json\/wp\/v2\/media\/1871"}],"wp:attachment":[{"href":"https:\/\/tthpharma.com\/en\/wp-json\/wp\/v2\/media?parent=1866"}],"wp:term":[{"taxonomy":"product_cat","embeddable":true,"href":"https:\/\/tthpharma.com\/en\/wp-json\/wp\/v2\/product_cat?post=1866"},{"taxonomy":"product_tag","embeddable":true,"href":"https:\/\/tthpharma.com\/en\/wp-json\/wp\/v2\/product_tag?post=1866"}],"curies":[{"name":"wp","href":"https:\/\/api.w.org\/{rel}","templated":true}]}}