{"id":1853,"date":"2025-08-21T13:44:56","date_gmt":"2025-08-21T06:44:56","guid":{"rendered":"https:\/\/tthpharma.com\/?post_type=product&#038;p=1853"},"modified":"2025-08-21T13:44:56","modified_gmt":"2025-08-21T06:44:56","slug":"kem-che-khuyet-diem-toan-dien-wet-n-wild-mega-last-incognito-concealer-mau-light-beige","status":"publish","type":"product","link":"https:\/\/tthpharma.com\/en\/product\/kem-che-khuyet-diem-toan-dien-wet-n-wild-mega-last-incognito-concealer-mau-light-beige\/","title":{"rendered":"Wet N Wild Mega Last Incognito Concealer - Light Beige"},"content":{"rendered":"<div data-content-type=\"text\" data-appearance=\"default\" data-element=\"main\">\n<p><span dir=\"auto\">Kem che khuy\u1ebft \u0111i\u1ec3m MegaLast Incognito Concealer m\u1edbi c\u1ee7a ch\u00fang t\u00f4i mang \u0111\u1ebfn kh\u1ea3 n\u0103ng b\u00e1m m\u00e0u su\u1ed1t c\u1ea3 ng\u00e0y v\u00e0 \u0111\u1ed9 che ph\u1ee7 l\u00ec, t\u1eeb trung b\u00ecnh \u0111\u1ebfn cao, gi\u00fap b\u1ea1n t\u1ef1 tin t\u1ecfa s\u00e1ng m\u00e0 kh\u00f4ng lo b\u1ecb ph\u00e1t hi\u1ec7n. C\u00f4ng th\u1ee9c n\u00e0y ch\u00ednh l\u00e0 &#8220;v\u0169 kh\u00ed b\u00ed m\u1eadt&#8221; m\u1edbi c\u1ee7a b\u1ea1n, che ph\u1ee7 ho\u00e0n to\u00e0n khuy\u1ebft \u0111i\u1ec3m m\u00e0 kh\u00f4ng b\u1ecb ph\u00e1t hi\u1ec7n d\u01b0\u1edbi \u00e1nh n\u1eafng m\u1eb7t tr\u1eddi hay \u0111\u00e8n s\u00e2n kh\u1ea5u. H\u01a1n th\u1ebf n\u1eefa, Incognito Concealer s\u1ebd &#8220;b\u00f3c m\u1ebd&#8221; nh\u1eefng khuy\u1ebft \u0111i\u1ec3m tr\u00ean da v\u1edbi c\u00e1c th\u00e0nh ph\u1ea7n d\u01b0\u1ee1ng \u1ea9m v\u00e0 c\u1ea5p n\u01b0\u1edbc nh\u01b0 B\u01a1 h\u1ea1t m\u1ee1, Chi\u1ebft xu\u1ea5t r\u1ec5 cam th\u1ea3o v\u00e0 B\u01a1 h\u1ea1t xo\u00e0i. Nh\u1eb9 nh\u00e0ng, si\u00eau b\u1ec1n m\u00e0u v\u00e0 sang tr\u1ecdng khi s\u1eed d\u1ee5ng, kem che khuy\u1ebft \u0111i\u1ec3m c\u1ee7a ch\u00fang t\u00f4i s\u1ebd che ph\u1ee7 ho\u00e0n h\u1ea3o cho d\u00f9 b\u1ea1n \u0111i l\u00e0m hay \u0111i ch\u01a1i. D\u1ec5 d\u00e0ng t\u00e1n \u0111\u1ec1u, l\u00ean m\u00e0u chu\u1ea9n v\u00e0 ho\u00e0n h\u1ea3o \u0111\u1ec3 b\u1eaft s\u00e1ng v\u00e0 t\u1ea1o kh\u1ed1i, ch\u00fang s\u1ebd kh\u00f4ng bao gi\u1edd ph\u00e1 v\u1ee1 \u0111\u01b0\u1ee3c nh\u1eefng b\u00ed m\u1eadt b\u1ea5t t\u1eadn c\u1ee7a Incognito.<\/span><\/p>\n<p>&nbsp;<\/p>\n<\/div>\n<div data-content-type=\"html\" data-appearance=\"default\" data-element=\"main\">\n<ul>\n<li><span dir=\"auto\">M\u1eb7c c\u1ea3 ng\u00e0y, si\u00eau b\u1ec1n<\/span><\/li>\n<li>Nh\u1eb9, l\u00ec v\u00e0 c\u00f3 th\u1ec3 t\u0103ng d\u1ea7n \u0111\u1ed9 che ph\u1ee7 t\u1eeb trung b\u00ecnh \u0111\u1ebfn to\u00e0n b\u1ed9<\/li>\n<li>Nu\u00f4i d\u01b0\u1ee1ng v\u1edbi chi\u1ebft xu\u1ea5t r\u1ec5 cam th\u1ea3o, b\u01a1 h\u1ea1t m\u1ee1 v\u00e0 b\u01a1 h\u1ea1t xo\u00e0i<\/li>\n<\/ul>\n<\/div>","protected":false},"excerpt":{"rendered":"<div class=\"sku product-detail__gap-sm\"><strong><span dir=\"auto\"><br \/>\nM\u00e3 s\u1ea3n ph\u1ea9m:\u00a0<\/span><span class=\"sku__value\"><span dir=\"auto\">1111899E<\/span><\/span><\/strong><\/div>\n<div class=\"product-area__rich-text-block product-detail__gap-sm rte\">\n<p><span dir=\"auto\"><br \/>\nKem che khuy\u1ebft \u0111i\u1ec3m MegaLast Incognito Concealer c\u1ee7a ch\u00fang t\u00f4i mang \u0111\u1ebfn l\u1edbp n\u1ec1n l\u00ec, b\u1ec1n m\u00e0u su\u1ed1t c\u1ea3 ng\u00e0y v\u00e0 \u0111\u1ed9 che ph\u1ee7 t\u1eeb trung b\u00ecnh \u0111\u1ebfn cao. C\u00f4ng th\u1ee9c n\u00e0y ch\u00ednh l\u00e0 &#8220;v\u0169 kh\u00ed b\u00ed m\u1eadt&#8221; m\u1edbi c\u1ee7a b\u1ea1n, che ph\u1ee7 ho\u00e0n to\u00e0n c\u00e1c khuy\u1ebft \u0111i\u1ec3m d\u01b0\u1edbi \u00e1nh n\u1eafng m\u1eb7t tr\u1eddi ho\u1eb7c \u00e1nh \u0111\u00e8n s\u00e2n kh\u1ea5u. H\u01a1n th\u1ebf n\u1eefa, Incognito Concealer gi\u00fap che ph\u1ee7 ho\u00e0n h\u1ea3o c\u00e1c khuy\u1ebft \u0111i\u1ec3m tr\u00ean da v\u1edbi c\u00e1c th\u00e0nh ph\u1ea7n d\u01b0\u1ee1ng \u1ea9m v\u00e0 c\u1ea5p n\u01b0\u1edbc nh\u01b0 B\u01a1 h\u1ea1t m\u1ee1, Chi\u1ebft xu\u1ea5t r\u1ec5 cam th\u1ea3o v\u00e0 B\u01a1 h\u1ea1t xo\u00e0i. Nh\u1eb9 nh\u00e0ng, si\u00eau l\u00e2u tr\u00f4i v\u00e0 d\u1ec5 t\u00e1n \u0111\u1ec1u, c\u0169ng ho\u00e0n h\u1ea3o \u0111\u1ec3 b\u1eaft s\u00e1ng v\u00e0 t\u1ea1o kh\u1ed1i.<\/span><\/p>\n<p>&nbsp;<\/p>\n<\/div>\n<p><img loading=\"lazy\" decoding=\"async\" class=\"alignnone  wp-image-1707\" src=\"https:\/\/tthpharma.com\/wp-content\/uploads\/2025\/08\/Vector-Smart-Object-02_150x.webp\" alt=\"\" width=\"77\" height=\"78\" srcset=\"https:\/\/tthpharma.com\/wp-content\/uploads\/2025\/08\/Vector-Smart-Object-02_150x.webp 104w, https:\/\/tthpharma.com\/wp-content\/uploads\/2025\/08\/Vector-Smart-Object-02_150x-12x12.webp 12w, https:\/\/tthpharma.com\/wp-content\/uploads\/2025\/08\/Vector-Smart-Object-02_150x-100x100.webp 100w\" sizes=\"(max-width: 77px) 100vw, 77px\" \/>\u00a0<img loading=\"lazy\" decoding=\"async\" class=\"alignnone  wp-image-1705\" src=\"https:\/\/tthpharma.com\/wp-content\/uploads\/2025\/08\/Vector-Smart-Object_150x.webp\" alt=\"\" width=\"79\" height=\"80\" srcset=\"https:\/\/tthpharma.com\/wp-content\/uploads\/2025\/08\/Vector-Smart-Object_150x.webp 104w, https:\/\/tthpharma.com\/wp-content\/uploads\/2025\/08\/Vector-Smart-Object_150x-12x12.webp 12w, https:\/\/tthpharma.com\/wp-content\/uploads\/2025\/08\/Vector-Smart-Object_150x-100x100.webp 100w\" sizes=\"(max-width: 79px) 100vw, 79px\" \/> <img loading=\"lazy\" decoding=\"async\" class=\"alignnone  wp-image-1706\" src=\"https:\/\/tthpharma.com\/wp-content\/uploads\/2025\/08\/Vector-Smart-Object-01_150x.webp\" alt=\"\" width=\"81\" height=\"82\" srcset=\"https:\/\/tthpharma.com\/wp-content\/uploads\/2025\/08\/Vector-Smart-Object-01_150x.webp 104w, https:\/\/tthpharma.com\/wp-content\/uploads\/2025\/08\/Vector-Smart-Object-01_150x-12x12.webp 12w, https:\/\/tthpharma.com\/wp-content\/uploads\/2025\/08\/Vector-Smart-Object-01_150x-100x100.webp 100w\" sizes=\"(max-width: 81px) 100vw, 81px\" \/><\/p>","protected":false},"featured_media":1854,"comment_status":"open","ping_status":"closed","template":"","meta":[],"product_cat":[62,63],"product_tag":[],"acf":[],"_links":{"self":[{"href":"https:\/\/tthpharma.com\/en\/wp-json\/wp\/v2\/product\/1853"}],"collection":[{"href":"https:\/\/tthpharma.com\/en\/wp-json\/wp\/v2\/product"}],"about":[{"href":"https:\/\/tthpharma.com\/en\/wp-json\/wp\/v2\/types\/product"}],"replies":[{"embeddable":true,"href":"https:\/\/tthpharma.com\/en\/wp-json\/wp\/v2\/comments?post=1853"}],"wp:featuredmedia":[{"embeddable":true,"href":"https:\/\/tthpharma.com\/en\/wp-json\/wp\/v2\/media\/1854"}],"wp:attachment":[{"href":"https:\/\/tthpharma.com\/en\/wp-json\/wp\/v2\/media?parent=1853"}],"wp:term":[{"taxonomy":"product_cat","embeddable":true,"href":"https:\/\/tthpharma.com\/en\/wp-json\/wp\/v2\/product_cat?post=1853"},{"taxonomy":"product_tag","embeddable":true,"href":"https:\/\/tthpharma.com\/en\/wp-json\/wp\/v2\/product_tag?post=1853"}],"curies":[{"name":"wp","href":"https:\/\/api.w.org\/{rel}","templated":true}]}}