{"id":1826,"date":"2025-08-21T13:01:55","date_gmt":"2025-08-21T06:01:55","guid":{"rendered":"https:\/\/tthpharma.com\/?post_type=product&#038;p=1826"},"modified":"2025-08-21T13:01:55","modified_gmt":"2025-08-21T06:01:55","slug":"kem-duong-am-co-mau-wet-n-wild-bare-focus-tinted-hydrator-mau-fair","status":"publish","type":"product","link":"https:\/\/tthpharma.com\/en\/product\/kem-duong-am-co-mau-wet-n-wild-bare-focus-tinted-hydrator-mau-fair\/","title":{"rendered":"Wet N Wild Bare Focus Tinted Hydrator - Fair"},"content":{"rendered":"<p><span dir=\"auto\">Kem d\u01b0\u1ee1ng \u1ea9m c\u00f3 m\u00e0u v\u1edbi axit hyaluronic v\u00e0 squalane thu\u1ea7n chay n\u00e0y ch\u00ednh l\u00e0 ch\u00eca kh\u00f3a d\u1eabn \u0111\u1ebfn s\u1ef1 ho\u00e0n h\u1ea3o tuy\u1ec7t \u0111\u1ed1i! Kem d\u01b0\u1ee1ng \u1ea9m c\u00f3 m\u00e0u Bare Focus Tinted Hydrator m\u1edbi c\u1ee7a ch\u00fang t\u00f4i c\u00f3 \u0111\u1ed9 che ph\u1ee7 t\u1eeb m\u1ecfng \u0111\u1ebfn trung b\u00ecnh, d\u1ec5 d\u00e0ng t\u00e1n \u0111\u1ec1u v\u00e0 l\u1edbp n\u1ec1n b\u00e1n l\u00ec, cho l\u00e0n da r\u1ea1ng r\u1ee1 t\u1ef1 nhi\u00ean, kh\u00f4ng t\u00ec v\u1ebft v\u00e0 \u0111\u01b0\u1ee3c nu\u00f4i d\u01b0\u1ee1ng. C\u00f4ng th\u1ee9c m\u1ecfng nh\u1eb9 v\u00e0 \u0111a n\u0103ng mang \u0111\u1ebfn l\u00e0n da r\u1ea1ng r\u1ee1 v\u00e0 \u1ea9m m\u01b0\u1ee3t t\u1ee9c th\u00ec v\u1edbi nhi\u1ec1u t\u00f4ng m\u00e0u \u0111a d\u1ea1ng.<\/span><\/p>\n<ul>\n<li><strong><span dir=\"auto\">\u0110\u1ed9 che ph\u1ee7 c\u00f3 th\u1ec3 t\u0103ng d\u1ea7n<\/span><\/strong><span dir=\"auto\">\u00a0: H\u00e3y xem c\u00e1c n\u1ebfp nh\u0103n v\u00e0 khuy\u1ebft \u0111i\u1ec3m m\u1edd d\u1ea7n. Kem d\u01b0\u1ee1ng \u1ea9m m\u1ecfng nh\u1eb9 n\u00e0y c\u00f3 \u0111\u1ed9 che ph\u1ee7 li\u1ec1n m\u1ea1ch, c\u00f3 th\u1ec3 t\u0103ng d\u1ea7n t\u1eeb m\u1ecfng nh\u1eb9 \u0111\u1ebfn trung b\u00ecnh.<\/span><\/li>\n<li><strong><span dir=\"auto\">D\u01b0\u1ee1ng \u1ea9m chuy\u00ean s\u00e2u<\/span><\/strong><span dir=\"auto\">\u00a0: M\u1ed9t gi\u1ea5c m\u01a1 th\u00e0nh hi\u1ec7n th\u1ef1c cho l\u00e0n da th\u01b0\u1eddng v\u00e0 da kh\u00f4, kem d\u01b0\u1ee1ng \u1ea9m c\u00f3 m\u00e0u n\u00e0y nh\u1eb9, d\u01b0\u1ee1ng \u1ea9m v\u00e0 nu\u00f4i d\u01b0\u1ee1ng, gi\u00fap l\u00e0n da c\u1ee7a b\u1ea1n kh\u1ecfe m\u1ea1nh v\u00e0 t\u01b0\u01a1i \u0111\u1eb9p.<\/span><\/li>\n<li><strong><span dir=\"auto\">L\u1edbp n\u1ec1n b\u00e1n l\u00ec<\/span><\/strong><span dir=\"auto\">\u00a0: C\u1ea3i thi\u1ec7n l\u00e0n da c\u1ee7a b\u1ea1n ngay l\u1eadp t\u1ee9c v\u1edbi l\u1edbp n\u1ec1n b\u00e1n l\u00ec m\u1ec1m m\u1ea1i, t\u1ea1o n\u00ean l\u1edbp n\u1ec1n ho\u00e0n h\u1ea3o cho m\u1ecdi quy tr\u00ecnh trang \u0111i\u1ec3m.<\/span><\/li>\n<li><strong><span dir=\"auto\">Nhi\u1ec1u s\u1eafc th\u00e1i<\/span><\/strong><span dir=\"auto\">\u00a0: V\u1edbi r\u1ea5t nhi\u1ec1u m\u00e0u s\u1eafc c\u00f3 s\u1eb5n, b\u1ea1n c\u00f3 th\u1ec3 d\u1ec5 d\u00e0ng t\u00ecm \u0111\u01b0\u1ee3c m\u00e0u s\u1eafc ph\u00f9 h\u1ee3p ho\u00e0n h\u1ea3o v\u1edbi t\u00f4ng m\u00e0u da ri\u00eang c\u1ee7a m\u00ecnh.<\/span><\/li>\n<li><strong><span dir=\"auto\">Kh\u00f4ng th\u1eed nghi\u1ec7m tr\u00ean \u0111\u1ed9ng v\u1eadt<\/span><\/strong><span dir=\"auto\">\u00a0: c\u00e1c s\u1ea3n ph\u1ea9m wet n wild kh\u00f4ng bao gi\u1edd \u0111\u01b0\u1ee3c th\u1eed nghi\u1ec7m tr\u00ean \u0111\u1ed9ng v\u1eadt v\u00e0 lu\u00f4n kh\u00f4ng th\u1eed nghi\u1ec7m tr\u00ean \u0111\u1ed9ng v\u1eadt.<\/span><\/li>\n<\/ul>","protected":false},"excerpt":{"rendered":"<div class=\"sku product-detail__gap-sm\"><strong><span dir=\"auto\"><br \/>\nM\u00e3 s\u1ea3n ph\u1ea9m:\u00a0<\/span><span class=\"sku__value\"><span dir=\"auto\">1114060E<\/span><\/span><\/strong><\/div>\n<div class=\"product-area__rich-text-block product-detail__gap-sm rte\">\n<p><span dir=\"auto\"><br \/>\nKem d\u01b0\u1ee1ng \u1ea9m c\u00f3 m\u00e0u v\u1edbi axit hyaluronic v\u00e0 squalane thu\u1ea7n chay n\u00e0y ch\u00ednh l\u00e0 ch\u00eca kh\u00f3a d\u1eabn \u0111\u1ebfn s\u1ef1 ho\u00e0n h\u1ea3o tuy\u1ec7t \u0111\u1ed1i! Kem d\u01b0\u1ee1ng \u1ea9m c\u00f3 m\u00e0u Bare Focus Tinted Hydrator m\u1edbi c\u1ee7a ch\u00fang t\u00f4i c\u00f3 \u0111\u1ed9 che ph\u1ee7 t\u1eeb m\u1ecfng \u0111\u1ebfn trung b\u00ecnh, d\u1ec5 d\u00e0ng t\u00e1n \u0111\u1ec1u v\u00e0 l\u1edbp n\u1ec1n b\u00e1n l\u00ec, cho l\u00e0n da r\u1ea1ng r\u1ee1 t\u1ef1 nhi\u00ean, kh\u00f4ng t\u00ec v\u1ebft v\u00e0 \u0111\u01b0\u1ee3c nu\u00f4i d\u01b0\u1ee1ng. C\u00f4ng th\u1ee9c m\u1ecfng nh\u1eb9 v\u00e0 \u0111a n\u0103ng mang \u0111\u1ebfn l\u00e0n da r\u1ea1ng r\u1ee1 v\u00e0 \u1ea9m m\u01b0\u1ee3t t\u1ee9c th\u00ec v\u1edbi nhi\u1ec1u t\u00f4ng m\u00e0u \u0111a d\u1ea1ng.<\/p>\n<p><\/span><\/p>\n<\/div>\n<p><img loading=\"lazy\" decoding=\"async\" class=\"alignnone  wp-image-1707\" src=\"https:\/\/tthpharma.com\/wp-content\/uploads\/2025\/08\/Vector-Smart-Object-02_150x.webp\" alt=\"\" width=\"76\" height=\"77\" srcset=\"https:\/\/tthpharma.com\/wp-content\/uploads\/2025\/08\/Vector-Smart-Object-02_150x.webp 104w, https:\/\/tthpharma.com\/wp-content\/uploads\/2025\/08\/Vector-Smart-Object-02_150x-12x12.webp 12w, https:\/\/tthpharma.com\/wp-content\/uploads\/2025\/08\/Vector-Smart-Object-02_150x-100x100.webp 100w\" sizes=\"(max-width: 76px) 100vw, 76px\" \/> <img loading=\"lazy\" decoding=\"async\" class=\"alignnone  wp-image-1708\" src=\"https:\/\/tthpharma.com\/wp-content\/uploads\/2025\/08\/Vector-Smart-Object-10_150x.webp\" alt=\"\" width=\"77\" height=\"78\" srcset=\"https:\/\/tthpharma.com\/wp-content\/uploads\/2025\/08\/Vector-Smart-Object-10_150x.webp 104w, https:\/\/tthpharma.com\/wp-content\/uploads\/2025\/08\/Vector-Smart-Object-10_150x-12x12.webp 12w, https:\/\/tthpharma.com\/wp-content\/uploads\/2025\/08\/Vector-Smart-Object-10_150x-100x100.webp 100w\" sizes=\"(max-width: 77px) 100vw, 77px\" \/> <img loading=\"lazy\" decoding=\"async\" class=\"alignnone  wp-image-1706\" src=\"https:\/\/tthpharma.com\/wp-content\/uploads\/2025\/08\/Vector-Smart-Object-01_150x.webp\" alt=\"\" width=\"76\" height=\"77\" srcset=\"https:\/\/tthpharma.com\/wp-content\/uploads\/2025\/08\/Vector-Smart-Object-01_150x.webp 104w, https:\/\/tthpharma.com\/wp-content\/uploads\/2025\/08\/Vector-Smart-Object-01_150x-12x12.webp 12w, https:\/\/tthpharma.com\/wp-content\/uploads\/2025\/08\/Vector-Smart-Object-01_150x-100x100.webp 100w\" sizes=\"(max-width: 76px) 100vw, 76px\" \/> <img loading=\"lazy\" decoding=\"async\" class=\"alignnone  wp-image-1705\" src=\"https:\/\/tthpharma.com\/wp-content\/uploads\/2025\/08\/Vector-Smart-Object_150x.webp\" alt=\"\" width=\"77\" height=\"78\" srcset=\"https:\/\/tthpharma.com\/wp-content\/uploads\/2025\/08\/Vector-Smart-Object_150x.webp 104w, https:\/\/tthpharma.com\/wp-content\/uploads\/2025\/08\/Vector-Smart-Object_150x-12x12.webp 12w, https:\/\/tthpharma.com\/wp-content\/uploads\/2025\/08\/Vector-Smart-Object_150x-100x100.webp 100w\" sizes=\"(max-width: 77px) 100vw, 77px\" \/><\/p>","protected":false},"featured_media":1833,"comment_status":"open","ping_status":"closed","template":"","meta":[],"product_cat":[62,63],"product_tag":[],"acf":[],"_links":{"self":[{"href":"https:\/\/tthpharma.com\/en\/wp-json\/wp\/v2\/product\/1826"}],"collection":[{"href":"https:\/\/tthpharma.com\/en\/wp-json\/wp\/v2\/product"}],"about":[{"href":"https:\/\/tthpharma.com\/en\/wp-json\/wp\/v2\/types\/product"}],"replies":[{"embeddable":true,"href":"https:\/\/tthpharma.com\/en\/wp-json\/wp\/v2\/comments?post=1826"}],"wp:featuredmedia":[{"embeddable":true,"href":"https:\/\/tthpharma.com\/en\/wp-json\/wp\/v2\/media\/1833"}],"wp:attachment":[{"href":"https:\/\/tthpharma.com\/en\/wp-json\/wp\/v2\/media?parent=1826"}],"wp:term":[{"taxonomy":"product_cat","embeddable":true,"href":"https:\/\/tthpharma.com\/en\/wp-json\/wp\/v2\/product_cat?post=1826"},{"taxonomy":"product_tag","embeddable":true,"href":"https:\/\/tthpharma.com\/en\/wp-json\/wp\/v2\/product_tag?post=1826"}],"curies":[{"name":"wp","href":"https:\/\/api.w.org\/{rel}","templated":true}]}}