{"id":1821,"date":"2025-08-21T12:42:15","date_gmt":"2025-08-21T05:42:15","guid":{"rendered":"https:\/\/tthpharma.com\/?post_type=product&#038;p=1821"},"modified":"2025-08-21T12:42:15","modified_gmt":"2025-08-21T05:42:15","slug":"kem-lot-trang-diem-li-wet-n-wild-photo-focus-face-primer-matte-mau-partners-in-prime","status":"publish","type":"product","link":"https:\/\/tthpharma.com\/en\/product\/kem-lot-trang-diem-li-wet-n-wild-photo-focus-face-primer-matte-mau-partners-in-prime\/","title":{"rendered":"Wet N Wild Photo Focus Face Primer Matte - Partners in Prime"},"content":{"rendered":"<p>B\u1ea1n c\u00f2n nh\u1edb khi c\u00f2n nh\u1ecf, b\u1ea1n th\u01b0\u1eddng xem truy\u1ec7n c\u1ed5 t\u00edch v\u00e0 \u01b0\u1edbc ao c\u00f3 m\u1ed9t lo\u1ea1i thu\u1ed1c th\u1ea7n k\u1ef3 \u0111\u1ec3 bi\u1ebfn m\u00ecnh th\u00e0nh m\u1ed9t n\u00e0ng c\u00f4ng ch\u00faa quy\u1ebfn r\u0169 ngay l\u1eadp t\u1ee9c kh\u00f4ng? Ch\u00fang t\u00f4i \u1edf \u0111\u00e2y \u0111\u1ec3 bi\u1ebfn gi\u1ea5c m\u01a1 c\u1ee7a b\u1ea1n th\u00e0nh hi\u1ec7n th\u1ef1c! Kem l\u00f3t th\u1ea7n k\u1ef3 n\u00e0y c\u00f3 th\u1ec3 \u0111\u01b0\u1ee3c s\u1eed d\u1ee5ng tr\u00ean to\u00e0n b\u1ed9 khu\u00f4n m\u1eb7t \u0111\u1ec3 thu nh\u1ecf l\u1ed7 ch\u00e2n l\u00f4ng, l\u1ea5p \u0111\u1ea7y c\u00e1c n\u1ebfp nh\u0103n v\u00e0 v\u1ebft ch\u00e2n chim, l\u00e0m \u0111\u1ec1u m\u00e0u da, ng\u0103n ng\u1eeba kem n\u1ec1n b\u1ecb v\u00f3n c\u1ee5c v\u00e0 l\u00e0m s\u00e1ng da \u0111\u1ec3 c\u00f3 m\u00e0u s\u1eafc c\u1ef1c k\u1ef3 r\u1ef1c r\u1ee1 k\u00e9o d\u00e0i c\u1ea3 ng\u00e0y. K\u1ef3 di\u1ec7u! N\u00f3 l\u00e0m \u0111\u01b0\u1ee3c \u0111i\u1ec1u n\u00e0y nh\u01b0 th\u1ebf n\u00e0o? B\u1edfi v\u00ec v\u1ec1 c\u01a1 b\u1ea3n ch\u00fang t\u00f4i \u0111\u00e3 cho kim c\u01b0\u01a1ng v\u00e0o m\u1ed9t chi\u1ebfc l\u1ecd! Kh\u00f4ng, th\u1ef1c s\u1ef1 l\u00e0 ch\u00fang t\u00f4i \u0111\u00e3 l\u00e0m v\u1eady. Th\u00e0nh ph\u1ea7n ch\u00ednh trong kem l\u00f3t th\u1ea7n k\u1ef3 n\u00e0y l\u00e0 \u0111\u00e1 sapphire tr\u1eafng, \u0111\u01b0\u1ee3c b\u00e0o ch\u1ebf th\u00e0nh m\u1ed9t lo\u1ea1i kem m\u1ecbn m\u00e0ng, m\u01b0\u1ee3t m\u00e0 l\u01b0\u1edbt nh\u1eb9 tr\u00ean da, \u0111\u1ec3 l\u1ea1i l\u00e0n da nh\u01b0 pha l\u00ea. H\u00e3y ngh\u0129 v\u1ec1 ch\u00fang t\u00f4i nh\u01b0 b\u00e0 ti\u00ean \u0111\u1ee1 \u0111\u1ea7u c\u1ee7a b\u1ea1n !<\/p>","protected":false},"excerpt":{"rendered":"<div class=\"sku product-detail__gap-sm\"><strong><span dir=\"auto\"><br \/>\nM\u00e3 s\u1ea3n ph\u1ea9m: E<\/span><span class=\"sku__value\"><span dir=\"auto\">850<\/span><\/span><\/strong><\/div>\n<div class=\"product-area__rich-text-block product-detail__gap-sm rte\">\n<p><span dir=\"auto\"><br \/>\nB\u1ea1n c\u00f2n nh\u1edb khi c\u00f2n nh\u1ecf, b\u1ea1n th\u01b0\u1eddng xem truy\u1ec7n c\u1ed5 t\u00edch v\u00e0 \u01b0\u1edbc ao c\u00f3 m\u1ed9t lo\u1ea1i thu\u1ed1c th\u1ea7n k\u1ef3 \u0111\u1ec3 bi\u1ebfn m\u00ecnh th\u00e0nh m\u1ed9t n\u00e0ng c\u00f4ng ch\u00faa quy\u1ebfn r\u0169 ngay l\u1eadp t\u1ee9c kh\u00f4ng? Ch\u00fang t\u00f4i \u1edf \u0111\u00e2y \u0111\u1ec3 bi\u1ebfn gi\u1ea5c m\u01a1 c\u1ee7a b\u1ea1n th\u00e0nh hi\u1ec7n th\u1ef1c! Kem l\u00f3t th\u1ea7n k\u1ef3 n\u00e0y c\u00f3 th\u1ec3 \u0111\u01b0\u1ee3c s\u1eed d\u1ee5ng tr\u00ean to\u00e0n b\u1ed9 khu\u00f4n m\u1eb7t \u0111\u1ec3 thu nh\u1ecf l\u1ed7 ch\u00e2n l\u00f4ng, l\u1ea5p \u0111\u1ea7y c\u00e1c n\u1ebfp nh\u0103n v\u00e0 v\u1ebft ch\u00e2n chim, l\u00e0m \u0111\u1ec1u m\u00e0u da, ng\u0103n ng\u1eeba kem n\u1ec1n b\u1ecb v\u00f3n c\u1ee5c v\u00e0 l\u00e0m s\u00e1ng da \u0111\u1ec3 c\u00f3 m\u00e0u s\u1eafc c\u1ef1c k\u1ef3 r\u1ef1c r\u1ee1 k\u00e9o d\u00e0i c\u1ea3 ng\u00e0y. K\u1ef3 di\u1ec7u ! N\u00f3 l\u00e0m \u0111\u01b0\u1ee3c \u0111i\u1ec1u n\u00e0y nh\u01b0 th\u1ebf n\u00e0o? B\u1edfi v\u00ec v\u1ec1 c\u01a1 b\u1ea3n ch\u00fang t\u00f4i \u0111\u00e3 cho kim c\u01b0\u01a1ng v\u00e0o m\u1ed9t chi\u1ebfc l\u1ecd! Kh\u00f4ng, th\u1ef1c s\u1ef1 l\u00e0 ch\u00fang t\u00f4i \u0111\u00e3 l\u00e0m v\u1eady. Th\u00e0nh ph\u1ea7n ch\u00ednh trong kem l\u00f3t th\u1ea7n k\u1ef3 n\u00e0y l\u00e0 \u0111\u00e1 sapphire tr\u1eafng, \u0111\u01b0\u1ee3c b\u00e0o ch\u1ebf th\u00e0nh m\u1ed9t lo\u1ea1i kem m\u1ecbn m\u00e0ng, m\u01b0\u1ee3t m\u00e0 l\u01b0\u1edbt nh\u1eb9 tr\u00ean da, \u0111\u1ec3 l\u1ea1i l\u00e0n da nh\u01b0 pha l\u00ea. H\u00e3y ngh\u0129 v\u1ec1 ch\u00fang t\u00f4i nh\u01b0 b\u00e0 ti\u00ean \u0111\u1ee1 \u0111\u1ea7u c\u1ee7a b\u1ea1n !<\/span><\/p>\n<p>&nbsp;<\/p>\n<\/div>\n<p><img loading=\"lazy\" decoding=\"async\" class=\"alignnone  wp-image-1707\" src=\"https:\/\/tthpharma.com\/wp-content\/uploads\/2025\/08\/Vector-Smart-Object-02_150x.webp\" alt=\"\" width=\"78\" height=\"79\" srcset=\"https:\/\/tthpharma.com\/wp-content\/uploads\/2025\/08\/Vector-Smart-Object-02_150x.webp 104w, https:\/\/tthpharma.com\/wp-content\/uploads\/2025\/08\/Vector-Smart-Object-02_150x-12x12.webp 12w, https:\/\/tthpharma.com\/wp-content\/uploads\/2025\/08\/Vector-Smart-Object-02_150x-100x100.webp 100w\" sizes=\"(max-width: 78px) 100vw, 78px\" \/> <img loading=\"lazy\" decoding=\"async\" class=\"alignnone  wp-image-1708\" src=\"https:\/\/tthpharma.com\/wp-content\/uploads\/2025\/08\/Vector-Smart-Object-10_150x.webp\" alt=\"\" width=\"80\" height=\"81\" srcset=\"https:\/\/tthpharma.com\/wp-content\/uploads\/2025\/08\/Vector-Smart-Object-10_150x.webp 104w, https:\/\/tthpharma.com\/wp-content\/uploads\/2025\/08\/Vector-Smart-Object-10_150x-12x12.webp 12w, https:\/\/tthpharma.com\/wp-content\/uploads\/2025\/08\/Vector-Smart-Object-10_150x-100x100.webp 100w\" sizes=\"(max-width: 80px) 100vw, 80px\" \/>\u00a0<img loading=\"lazy\" decoding=\"async\" class=\"alignnone  wp-image-1706\" src=\"https:\/\/tthpharma.com\/wp-content\/uploads\/2025\/08\/Vector-Smart-Object-01_150x.webp\" alt=\"\" width=\"81\" height=\"82\" srcset=\"https:\/\/tthpharma.com\/wp-content\/uploads\/2025\/08\/Vector-Smart-Object-01_150x.webp 104w, https:\/\/tthpharma.com\/wp-content\/uploads\/2025\/08\/Vector-Smart-Object-01_150x-12x12.webp 12w, https:\/\/tthpharma.com\/wp-content\/uploads\/2025\/08\/Vector-Smart-Object-01_150x-100x100.webp 100w\" sizes=\"(max-width: 81px) 100vw, 81px\" \/> <img loading=\"lazy\" decoding=\"async\" class=\"alignnone  wp-image-1705\" src=\"https:\/\/tthpharma.com\/wp-content\/uploads\/2025\/08\/Vector-Smart-Object_150x.webp\" alt=\"\" width=\"81\" height=\"82\" srcset=\"https:\/\/tthpharma.com\/wp-content\/uploads\/2025\/08\/Vector-Smart-Object_150x.webp 104w, https:\/\/tthpharma.com\/wp-content\/uploads\/2025\/08\/Vector-Smart-Object_150x-12x12.webp 12w, https:\/\/tthpharma.com\/wp-content\/uploads\/2025\/08\/Vector-Smart-Object_150x-100x100.webp 100w\" sizes=\"(max-width: 81px) 100vw, 81px\" \/><\/p>","protected":false},"featured_media":1822,"comment_status":"open","ping_status":"closed","template":"","meta":[],"product_cat":[62,63],"product_tag":[],"acf":[],"_links":{"self":[{"href":"https:\/\/tthpharma.com\/en\/wp-json\/wp\/v2\/product\/1821"}],"collection":[{"href":"https:\/\/tthpharma.com\/en\/wp-json\/wp\/v2\/product"}],"about":[{"href":"https:\/\/tthpharma.com\/en\/wp-json\/wp\/v2\/types\/product"}],"replies":[{"embeddable":true,"href":"https:\/\/tthpharma.com\/en\/wp-json\/wp\/v2\/comments?post=1821"}],"wp:featuredmedia":[{"embeddable":true,"href":"https:\/\/tthpharma.com\/en\/wp-json\/wp\/v2\/media\/1822"}],"wp:attachment":[{"href":"https:\/\/tthpharma.com\/en\/wp-json\/wp\/v2\/media?parent=1821"}],"wp:term":[{"taxonomy":"product_cat","embeddable":true,"href":"https:\/\/tthpharma.com\/en\/wp-json\/wp\/v2\/product_cat?post=1821"},{"taxonomy":"product_tag","embeddable":true,"href":"https:\/\/tthpharma.com\/en\/wp-json\/wp\/v2\/product_tag?post=1821"}],"curies":[{"name":"wp","href":"https:\/\/api.w.org\/{rel}","templated":true}]}}