{"id":1818,"date":"2025-08-21T12:05:10","date_gmt":"2025-08-21T05:05:10","guid":{"rendered":"https:\/\/tthpharma.com\/?post_type=product&#038;p=1818"},"modified":"2025-08-21T12:05:10","modified_gmt":"2025-08-21T05:05:10","slug":"kem-nen-li-wet-n-wild-photo-focus-foundation-matte-mau-soft-beige","status":"publish","type":"product","link":"https:\/\/tthpharma.com\/en\/product\/kem-nen-li-wet-n-wild-photo-focus-foundation-matte-mau-soft-beige\/","title":{"rendered":"Wet N Wild Photo Focus Foundation Matte - Soft Beige"},"content":{"rendered":"<p><span dir=\"auto\">L\u00e0n da c\u1ee7a b\u1ea1n, ch\u1ec9 \u0111\u1eb9p h\u01a1n th\u00f4i. Kem n\u1ec1n ho\u00e0n h\u1ea3o, hi\u1ec7u qu\u1ea3 cao m\u1edbi c\u1ee7a ch\u00fang t\u00f4i \u0111\u00e3 tr\u1ea3i qua th\u1eed nghi\u1ec7m th\u1ef1c t\u1ebf nghi\u00eam ng\u1eb7t d\u01b0\u1edbi b\u1ea3y \u0111i\u1ec1u ki\u1ec7n \u00e1nh s\u00e1ng kh\u00e1c nhau \u0111\u1ec3 mang l\u1ea1i l\u1edbp trang \u0111i\u1ec3m ho\u00e0n h\u1ea3o, s\u1eb5n s\u00e0ng cho m\u00e1y \u1ea3nh m\u1ecdi l\u00fac. \u0110\u01b0\u1ee3c \u0111\u1eb7c ch\u1ebf v\u1edbi ph\u1ee9c h\u1ee3p l\u00ec, khu\u1ebfch t\u00e1n \u00e1nh s\u00e1ng, mang \u0111\u1ebfn cho l\u00e0n da c\u1ee7a b\u1ea1n v\u1ebb \u0111\u1eb9p ho\u00e0n h\u1ea3o #kh\u00f4ng_l\u1ecdc_\u00e1nh_s\u00e1ng.<\/span><\/p>\n<ul>\n<li><span dir=\"auto\">C\u00f4ng th\u1ee9c \u0111\u1ed9t ph\u00e1, hi\u1ec7u su\u1ea5t cao<\/span><\/li>\n<li><span dir=\"auto\">C\u00f3 ph\u1ee9c h\u1ee3p \u0111i\u1ec1u ch\u1ec9nh \u00e1nh s\u00e1ng gi\u00fap ng\u0103n ng\u1eeba hi\u1ec7n t\u01b0\u1ee3ng \u00e1m tr\u1eafng tr\u00ean \u1ea3nh<\/span><\/li>\n<li><span dir=\"auto\">\u0110\u00e3 th\u1eed nghi\u1ec7m trong 7 \u0111i\u1ec1u ki\u1ec7n \u00e1nh s\u00e1ng c\u00f3 v\u00e0 kh\u00f4ng s\u1eed d\u1ee5ng \u0111\u00e8n flash<\/span><\/li>\n<\/ul>","protected":false},"excerpt":{"rendered":"<div class=\"sku product-detail__gap-sm\"><span dir=\"auto\">M\u00e3 s\u1ea3n ph\u1ea9m:\u00a0<\/span><span class=\"sku__value\"><span dir=\"auto\">365C<\/span><\/span><\/div>\n<div class=\"product-area__rich-text-block product-detail__gap-sm rte\">\n<p><span dir=\"auto\">L\u00e0n da c\u1ee7a b\u1ea1n, ch\u1ec9 \u0111\u1eb9p h\u01a1n th\u00f4i. Kem n\u1ec1n ho\u00e0n h\u1ea3o, hi\u1ec7u qu\u1ea3 cao m\u1edbi c\u1ee7a ch\u00fang t\u00f4i \u0111\u00e3 tr\u1ea3i qua th\u1eed nghi\u1ec7m th\u1ef1c t\u1ebf nghi\u00eam ng\u1eb7t d\u01b0\u1edbi b\u1ea3y \u0111i\u1ec1u ki\u1ec7n \u00e1nh s\u00e1ng kh\u00e1c nhau \u0111\u1ec3 mang l\u1ea1i l\u1edbp trang \u0111i\u1ec3m ho\u00e0n h\u1ea3o, s\u1eb5n s\u00e0ng cho m\u00e1y \u1ea3nh m\u1ecdi l\u00fac. \u0110\u01b0\u1ee3c \u0111\u1eb7c ch\u1ebf v\u1edbi ph\u1ee9c h\u1ee3p l\u00ec, khu\u1ebfch t\u00e1n \u00e1nh s\u00e1ng, mang \u0111\u1ebfn cho l\u00e0n da c\u1ee7a b\u1ea1n v\u1ebb \u0111\u1eb9p ho\u00e0n h\u1ea3o #kh\u00f4ng_l\u1ecdc_\u00e1nh_s\u00e1ng.<\/span><\/p>\n<ul>\n<li><span dir=\"auto\">C\u00f4ng th\u1ee9c \u0111\u1ed9t ph\u00e1, hi\u1ec7u su\u1ea5t cao<\/span><\/li>\n<li><span dir=\"auto\">C\u00f3 ph\u1ee9c h\u1ee3p \u0111i\u1ec1u ch\u1ec9nh \u00e1nh s\u00e1ng gi\u00fap ng\u0103n ng\u1eeba hi\u1ec7n t\u01b0\u1ee3ng \u00e1m tr\u1eafng tr\u00ean \u1ea3nh<\/span><\/li>\n<li><span dir=\"auto\">\u0110\u00e3 th\u1eed nghi\u1ec7m trong 7 \u0111i\u1ec1u ki\u1ec7n \u00e1nh s\u00e1ng c\u00f3 v\u00e0 kh\u00f4ng s\u1eed d\u1ee5ng \u0111\u00e8n flash<\/span><\/li>\n<\/ul>\n<\/div>","protected":false},"featured_media":1819,"comment_status":"open","ping_status":"closed","template":"","meta":[],"product_cat":[62,63],"product_tag":[],"acf":[],"_links":{"self":[{"href":"https:\/\/tthpharma.com\/en\/wp-json\/wp\/v2\/product\/1818"}],"collection":[{"href":"https:\/\/tthpharma.com\/en\/wp-json\/wp\/v2\/product"}],"about":[{"href":"https:\/\/tthpharma.com\/en\/wp-json\/wp\/v2\/types\/product"}],"replies":[{"embeddable":true,"href":"https:\/\/tthpharma.com\/en\/wp-json\/wp\/v2\/comments?post=1818"}],"wp:featuredmedia":[{"embeddable":true,"href":"https:\/\/tthpharma.com\/en\/wp-json\/wp\/v2\/media\/1819"}],"wp:attachment":[{"href":"https:\/\/tthpharma.com\/en\/wp-json\/wp\/v2\/media?parent=1818"}],"wp:term":[{"taxonomy":"product_cat","embeddable":true,"href":"https:\/\/tthpharma.com\/en\/wp-json\/wp\/v2\/product_cat?post=1818"},{"taxonomy":"product_tag","embeddable":true,"href":"https:\/\/tthpharma.com\/en\/wp-json\/wp\/v2\/product_tag?post=1818"}],"curies":[{"name":"wp","href":"https:\/\/api.w.org\/{rel}","templated":true}]}}