{"id":1806,"date":"2025-08-21T11:16:52","date_gmt":"2025-08-21T04:16:52","guid":{"rendered":"https:\/\/tthpharma.com\/?post_type=product&#038;p=1806"},"modified":"2025-08-21T11:16:52","modified_gmt":"2025-08-21T04:16:52","slug":"kem-nen-wet-n-wild-photo-focus-foundation-dewy-mau-soft-beige","status":"publish","type":"product","link":"https:\/\/tthpharma.com\/en\/product\/kem-nen-wet-n-wild-photo-focus-foundation-dewy-mau-soft-beige\/","title":{"rendered":"Wet N Wild Photo Focus Foundation Dewy - Soft Beige"},"content":{"rendered":"<p><span dir=\"auto\">C\u1ea3i ti\u1ebfn m\u1edbi nh\u1ea5t c\u1ee7a d\u00f2ng s\u1ea3n ph\u1ea9m PhotoFocus \u0111\u00ecnh \u0111\u00e1m: Kem n\u1ec1n Dewy Foundation. Kem n\u1ec1n m\u1ecfng nh\u1eb9, si\u00eau d\u01b0\u1ee1ng \u1ea9m, mang l\u1ea1i l\u1edbp n\u1ec1n t\u1ef1 nhi\u00ean, b\u1ec1n m\u00e0u su\u1ed1t c\u1ea3 ng\u00e0y. M\u1ec1m m\u01b0\u1ee3t nh\u01b0 l\u1ee5a, \u0111\u1ed9 che ph\u1ee7 d\u1ec5 d\u00e0ng t\u1eeb trung b\u00ecnh \u0111\u1ebfn d\u00e0y, v\u00e0 d\u1ec5 d\u00e0ng chuy\u1ec3n \u0111\u1ed5i t\u1eeb d\u00f9ng ban ng\u00e0y sang ban \u0111\u00eam. L\u00fd t\u01b0\u1edfng cho da th\u01b0\u1eddng \u0111\u1ebfn da kh\u00f4, c\u00f4ng th\u1ee9c d\u01b0\u1ee1ng \u1ea9m n\u00e0y th\u1ea9m th\u1ea5u nhanh, l\u00e0m m\u1edd khuy\u1ebft \u0111i\u1ec3m v\u00e0 gi\u00fap thu nh\u1ecf l\u1ed7 ch\u00e2n l\u00f4ng, mang l\u1ea1i l\u1edbp n\u1ec1n m\u1ecbn m\u00e0ng, c\u0103ng b\u00f3ng ho\u00e0n h\u1ea3o. S\u1ea3n ph\u1ea9m c\u00f3 20 t\u00f4ng m\u00e0u kh\u00f4ng th\u1eed nghi\u1ec7m tr\u00ean \u0111\u1ed9ng v\u1eadt, kh\u00f4ng gluten, kh\u00f4ng talc v\u00e0 thu\u1ea7n chay.<\/span><\/p>\n<p>&nbsp;<\/p>\n<ul>\n<li><span dir=\"auto\">C\u00f4ng th\u1ee9c d\u01b0\u1ee1ng \u1ea9m si\u00eau nh\u1eb9<\/span><\/li>\n<li><span dir=\"auto\">Mang l\u1ea1i \u0111\u1ed9 che ph\u1ee7 c\u00f3 th\u1ec3 x\u00e2y d\u1ef1ng v\u00e0 l\u00e2u d\u00e0i<\/span><\/li>\n<li><span dir=\"auto\">\u00c1nh s\u00e1ng d\u01b0\u1ee1ng \u1ea9m<\/span><\/li>\n<\/ul>","protected":false},"excerpt":{"rendered":"<div class=\"sku product-detail__gap-sm\"><strong><span dir=\"auto\"><br \/>\nM\u00e3 s\u1ea3n ph\u1ea9m:\u00a0<\/span><span class=\"sku__value\"><span dir=\"auto\">1111522E<\/span><\/span><\/strong><\/div>\n<div class=\"product-area__rich-text-block product-detail__gap-sm rte\">\n<p><span dir=\"auto\"><br \/>\nKem n\u1ec1n ho\u00e0n h\u1ea3o, hi\u1ec7u qu\u1ea3 cao, gi\u00fap l\u00e0m \u0111\u1ec1u m\u00e0u da, se kh\u00edt l\u1ed7 ch\u00e2n l\u00f4ng v\u00e0 h\u00f2a quy\u1ec7n ho\u00e0n h\u1ea3o v\u00e0o da, mang l\u1ea1i l\u1edbp n\u1ec1n r\u1ea1ng r\u1ee1, \u1ea9m m\u01b0\u1ee3t. Ch\u1ea5t kem m\u1ecbn m\u01b0\u1ee3t, d\u1ec5 d\u00e0ng t\u00e1n \u0111\u1ec1u t\u1eeb trung b\u00ecnh \u0111\u1ebfn d\u00e0y, gi\u00fap che ph\u1ee7 l\u1ed7 ch\u00e2n l\u00f4ng, cho l\u1edbp n\u1ec1n m\u1ecbn m\u00e0ng, \u1ea9m m\u01b0\u1ee3t ho\u00e0n h\u1ea3o.<\/span><\/p>\n<p><span dir=\"auto\"><\/p>\n<p><img loading=\"lazy\" decoding=\"async\" class=\"alignnone  wp-image-1707\" src=\"https:\/\/tthpharma.com\/wp-content\/uploads\/2025\/08\/Vector-Smart-Object-02_150x.webp\" alt=\"\" width=\"78\" height=\"79\" srcset=\"https:\/\/tthpharma.com\/wp-content\/uploads\/2025\/08\/Vector-Smart-Object-02_150x.webp 104w, https:\/\/tthpharma.com\/wp-content\/uploads\/2025\/08\/Vector-Smart-Object-02_150x-12x12.webp 12w, https:\/\/tthpharma.com\/wp-content\/uploads\/2025\/08\/Vector-Smart-Object-02_150x-100x100.webp 100w\" sizes=\"(max-width: 78px) 100vw, 78px\" \/> \u00a0<img loading=\"lazy\" decoding=\"async\" class=\"alignnone  wp-image-1705\" src=\"https:\/\/tthpharma.com\/wp-content\/uploads\/2025\/08\/Vector-Smart-Object_150x.webp\" alt=\"\" width=\"79\" height=\"80\" srcset=\"https:\/\/tthpharma.com\/wp-content\/uploads\/2025\/08\/Vector-Smart-Object_150x.webp 104w, https:\/\/tthpharma.com\/wp-content\/uploads\/2025\/08\/Vector-Smart-Object_150x-12x12.webp 12w, https:\/\/tthpharma.com\/wp-content\/uploads\/2025\/08\/Vector-Smart-Object_150x-100x100.webp 100w\" sizes=\"(max-width: 79px) 100vw, 79px\" \/> <img loading=\"lazy\" decoding=\"async\" class=\"alignnone  wp-image-1727\" src=\"https:\/\/tthpharma.com\/wp-content\/uploads\/2025\/08\/360_F_589817083_iq2jX8gYocWYhe0gtdL1mPNJzN3C3KkM-300x300.jpg\" alt=\"\" width=\"81\" height=\"81\" srcset=\"https:\/\/tthpharma.com\/wp-content\/uploads\/2025\/08\/360_F_589817083_iq2jX8gYocWYhe0gtdL1mPNJzN3C3KkM-300x300.jpg 300w, https:\/\/tthpharma.com\/wp-content\/uploads\/2025\/08\/360_F_589817083_iq2jX8gYocWYhe0gtdL1mPNJzN3C3KkM-150x150.jpg 150w, https:\/\/tthpharma.com\/wp-content\/uploads\/2025\/08\/360_F_589817083_iq2jX8gYocWYhe0gtdL1mPNJzN3C3KkM-12x12.jpg 12w, https:\/\/tthpharma.com\/wp-content\/uploads\/2025\/08\/360_F_589817083_iq2jX8gYocWYhe0gtdL1mPNJzN3C3KkM-100x100.jpg 100w, https:\/\/tthpharma.com\/wp-content\/uploads\/2025\/08\/360_F_589817083_iq2jX8gYocWYhe0gtdL1mPNJzN3C3KkM.jpg 360w\" sizes=\"(max-width: 81px) 100vw, 81px\" \/><br \/>\n<\/span><\/p>\n<\/div>","protected":false},"featured_media":1807,"comment_status":"open","ping_status":"closed","template":"","meta":[],"product_cat":[62,63],"product_tag":[],"acf":[],"_links":{"self":[{"href":"https:\/\/tthpharma.com\/en\/wp-json\/wp\/v2\/product\/1806"}],"collection":[{"href":"https:\/\/tthpharma.com\/en\/wp-json\/wp\/v2\/product"}],"about":[{"href":"https:\/\/tthpharma.com\/en\/wp-json\/wp\/v2\/types\/product"}],"replies":[{"embeddable":true,"href":"https:\/\/tthpharma.com\/en\/wp-json\/wp\/v2\/comments?post=1806"}],"wp:featuredmedia":[{"embeddable":true,"href":"https:\/\/tthpharma.com\/en\/wp-json\/wp\/v2\/media\/1807"}],"wp:attachment":[{"href":"https:\/\/tthpharma.com\/en\/wp-json\/wp\/v2\/media?parent=1806"}],"wp:term":[{"taxonomy":"product_cat","embeddable":true,"href":"https:\/\/tthpharma.com\/en\/wp-json\/wp\/v2\/product_cat?post=1806"},{"taxonomy":"product_tag","embeddable":true,"href":"https:\/\/tthpharma.com\/en\/wp-json\/wp\/v2\/product_tag?post=1806"}],"curies":[{"name":"wp","href":"https:\/\/api.w.org\/{rel}","templated":true}]}}