{"id":1795,"date":"2025-08-21T10:41:34","date_gmt":"2025-08-21T03:41:34","guid":{"rendered":"https:\/\/tthpharma.com\/?post_type=product&#038;p=1795"},"modified":"2025-08-21T10:41:34","modified_gmt":"2025-08-21T03:41:34","slug":"kem-nen-bare-focus-niacinamide-skin-tint-mau-fair-beige","status":"publish","type":"product","link":"https:\/\/tthpharma.com\/en\/product\/kem-nen-bare-focus-niacinamide-skin-tint-mau-fair-beige\/","title":{"rendered":"Bare Focus Niacinamide Skin Tint - Fair Beige"},"content":{"rendered":"<p><span dir=\"auto\">Kem n\u1ec1n Skin Tint sang tr\u1ecdng, m\u1ecfng nh\u1eb9 \u0111\u1ebfn trung b\u00ecnh, d\u1ec5 t\u00e1n \u0111\u1ec1u n\u00e0y v\u1edbi 5% Niacinamide, Hyaluronic Acid v\u00e0 chi\u1ebft xu\u1ea5t hoa m\u1eabu \u0111\u01a1n mang l\u1ea1i l\u1edbp n\u1ec1n m\u1ecbn m\u00e0ng, ho\u00e0n h\u1ea3o t\u1ef1 nhi\u00ean. L\u00e0m m\u1edd khuy\u1ebft \u0111i\u1ec3m, t\u1ea1o l\u1edbp n\u1ec1n s\u00e1ng m\u1ecbn nh\u01b0 satin, che ph\u1ee7 ho\u00e0n h\u1ea3o c\u00e1c v\u1ebft \u0111\u1ecf v\u00e0 khuy\u1ebft \u0111i\u1ec3m m\u1ed9t c\u00e1ch t\u1ef1 nhi\u00ean, g\u1ea7n nh\u01b0 kh\u00f4ng th\u1ec3 nh\u1eadn ra. M\u1ed9t lo\u1ea1i kem n\u1ec1n d\u1ea1ng serum d\u1ecbu nh\u1eb9, th\u00e2n thi\u1ec7n v\u1edbi l\u00e0n da.<\/span><\/p>\n<ul>\n<li><strong><span dir=\"auto\">\u0110\u1ed9 che ph\u1ee7 t\u1eeb m\u1ecfng \u0111\u1ebfn trung b\u00ecnh, c\u00f3 th\u1ec3 t\u0103ng d\u1ea7n<\/span><\/strong><span dir=\"auto\">\u00a0: T\u1ef1 nhi\u00ean v\u00e0 c\u00f3 th\u1ec3 t\u0103ng d\u1ea7n theo \u0111\u1ed9 che ph\u1ee7 b\u1ea1n c\u1ea7n.<\/span><\/li>\n<li><strong><span dir=\"auto\">Soft Satin Glow<\/span><\/strong><span dir=\"auto\">\u00a0: T\u1eadn h\u01b0\u1edfng l\u00e0n da s\u00e1ng kh\u1ecfe tuy\u1ec7t \u0111\u1eb9p gi\u00fap t\u0103ng c\u01b0\u1eddng v\u1ebb r\u1ea1ng r\u1ee1 t\u1ef1 nhi\u00ean c\u1ee7a b\u1ea1n m\u00e0 kh\u00f4ng b\u1ecb b\u00f3ng nh\u1eddn.<\/span><\/li>\n<li><strong><span dir=\"auto\">Th\u00e0nh ph\u1ea7n cao c\u1ea5p<\/span><\/strong><span dir=\"auto\">\u00a0: Kem n\u1ec1n c\u00f3 m\u00e0u n\u00e0y ch\u1ee9a 5% niacinamide, axit hyaluronic, chi\u1ebft xu\u1ea5t hoa m\u1eabu \u0111\u01a1n v\u00e0 vitamin E.<\/span><\/li>\n<li><strong><span dir=\"auto\">Kem n\u1ec1n m\u1ecfng nh\u1eb9<\/span><\/strong><span dir=\"auto\">\u00a0: Cho l\u1edbp n\u1ec1n ho\u00e0n h\u1ea3o m\u00e0 kh\u00f4ng g\u00e2y n\u1eb7ng m\u1eb7t. V\u1edbi kem n\u1ec1n m\u1ecfng nh\u1eb9 n\u00e0y, b\u1ea1n s\u1ebd c\u00f3 c\u1ea3m gi\u00e1c nh\u01b0 kh\u00f4ng trang \u0111i\u1ec3m.<\/span><\/li>\n<li><strong><span dir=\"auto\">Kh\u00f4ng th\u1eed nghi\u1ec7m tr\u00ean \u0111\u1ed9ng v\u1eadt<\/span><\/strong><span dir=\"auto\">\u00a0: c\u00e1c s\u1ea3n ph\u1ea9m trang \u0111i\u1ec3m wet n wild kh\u00f4ng bao gi\u1edd th\u1eed nghi\u1ec7m tr\u00ean \u0111\u1ed9ng v\u1eadt v\u00e0 lu\u00f4n kh\u00f4ng th\u1eed nghi\u1ec7m tr\u00ean \u0111\u1ed9ng v\u1eadt.<\/span><\/li>\n<\/ul>\n<p><span dir=\"auto\">Wet n Wild kh\u1edfi \u0111\u1ea7u l\u00e0 \u0111i\u1ec3m \u0111\u1ebfn \u0111\u1ea7u ti\u00ean c\u1ee7a m\u1ecdi ng\u01b0\u1eddi v\u00e0 v\u1eabn lu\u00f4n l\u00e0 \u0111i\u1ec3m \u0111\u1ebfn tr\u1ecdn \u0111\u1eddi cho v\u1ebb \u0111\u1eb9p r\u1ea1ng r\u1ee1 v\u00e0 d\u1ec5 ti\u1ebfp c\u1eadn. V\u1edbi h\u01a1n 40 n\u0103m kinh nghi\u1ec7m ti\u00ean phong v\u00e0 \u0111\u1ed5i m\u1edbi to\u00e0n di\u1ec7n, ch\u00fang t\u00f4i l\u00e0 chuy\u00ean gia l\u00e0m \u0111\u1eb9p \u0111\u00e1ng tin c\u1eady, gi\u00fap b\u1ea1n lu\u00f4n xinh \u0111\u1eb9p m\u00e0 kh\u00f4ng v\u01b0\u1ee3t qu\u00e1 ng\u00e2n s\u00e1ch. T\u1eeb nh\u1eefng gam m\u00e0u t\u00e1o b\u1ea1o v\u00e0 r\u1ef1c r\u1ee1 \u0111\u1ebfn nh\u1eefng gam m\u00e0u trung t\u00ednh v\u00e0 tinh t\u1ebf, ch\u00fang t\u00f4i mang \u0111\u1ebfn cho b\u1ea1n v\u00f4 v\u00e0n l\u1ef1a ch\u1ecdn, \u0111\u1ed3ng th\u1eddi \u0111\u1eb7t ra ti\u00eau chu\u1ea9n v\u00e0ng v\u1ec1 t\u00ednh kh\u1ea3 thi. V\u1eady n\u00ean, h\u00e3y c\u00f9ng ch\u00fang t\u00f4i tr\u1ea3i nghi\u1ec7m v\u00e0 th\u1ecfa s\u1ee9c s\u00e1ng t\u1ea1o!<\/span><\/p>","protected":false},"excerpt":{"rendered":"<div class=\"sku product-detail__gap-sm\"><strong><span dir=\"auto\"><br \/>\nM\u00e3 s\u1ea3n ph\u1ea9m:\u00a0<\/span><span class=\"sku__value\"><span dir=\"auto\">1116089E<\/span><\/span><\/strong><\/div>\n<div class=\"product-area__rich-text-block product-detail__gap-sm rte\">\n<p><span dir=\"auto\"><br \/>\nKem n\u1ec1n Skin Tint sang tr\u1ecdng, m\u1ecfng nh\u1eb9 \u0111\u1ebfn trung b\u00ecnh, d\u1ec5 t\u00e1n \u0111\u1ec1u n\u00e0y v\u1edbi 5% Niacinamide, Hyaluronic Acid v\u00e0 chi\u1ebft xu\u1ea5t hoa m\u1eabu \u0111\u01a1n mang l\u1ea1i l\u1edbp n\u1ec1n m\u1ecbn m\u00e0ng, ho\u00e0n h\u1ea3o t\u1ef1 nhi\u00ean. L\u00e0m m\u1edd khuy\u1ebft \u0111i\u1ec3m, t\u1ea1o l\u1edbp n\u1ec1n s\u00e1ng m\u1ecbn nh\u01b0 satin, che ph\u1ee7 ho\u00e0n h\u1ea3o c\u00e1c v\u1ebft \u0111\u1ecf v\u00e0 khuy\u1ebft \u0111i\u1ec3m m\u1ed9t c\u00e1ch t\u1ef1 nhi\u00ean, g\u1ea7n nh\u01b0 kh\u00f4ng th\u1ec3 nh\u1eadn ra. M\u1ed9t lo\u1ea1i kem n\u1ec1n d\u1ea1ng serum d\u1ecbu nh\u1eb9, th\u00e2n thi\u1ec7n v\u1edbi l\u00e0n da.<\/span><\/p>\n<p>&nbsp;<\/p>\n<\/div>\n<p><img loading=\"lazy\" decoding=\"async\" class=\"alignnone  wp-image-1707\" src=\"https:\/\/tthpharma.com\/wp-content\/uploads\/2025\/08\/Vector-Smart-Object-02_150x.webp\" alt=\"\" width=\"73\" height=\"74\" srcset=\"https:\/\/tthpharma.com\/wp-content\/uploads\/2025\/08\/Vector-Smart-Object-02_150x.webp 104w, https:\/\/tthpharma.com\/wp-content\/uploads\/2025\/08\/Vector-Smart-Object-02_150x-12x12.webp 12w, https:\/\/tthpharma.com\/wp-content\/uploads\/2025\/08\/Vector-Smart-Object-02_150x-100x100.webp 100w\" sizes=\"(max-width: 73px) 100vw, 73px\" \/> <img loading=\"lazy\" decoding=\"async\" class=\"alignnone  wp-image-1708\" src=\"https:\/\/tthpharma.com\/wp-content\/uploads\/2025\/08\/Vector-Smart-Object-10_150x.webp\" alt=\"\" width=\"76\" height=\"77\" srcset=\"https:\/\/tthpharma.com\/wp-content\/uploads\/2025\/08\/Vector-Smart-Object-10_150x.webp 104w, https:\/\/tthpharma.com\/wp-content\/uploads\/2025\/08\/Vector-Smart-Object-10_150x-12x12.webp 12w, https:\/\/tthpharma.com\/wp-content\/uploads\/2025\/08\/Vector-Smart-Object-10_150x-100x100.webp 100w\" sizes=\"(max-width: 76px) 100vw, 76px\" \/> <img loading=\"lazy\" decoding=\"async\" class=\"alignnone  wp-image-1706\" src=\"https:\/\/tthpharma.com\/wp-content\/uploads\/2025\/08\/Vector-Smart-Object-01_150x.webp\" alt=\"\" width=\"77\" height=\"78\" srcset=\"https:\/\/tthpharma.com\/wp-content\/uploads\/2025\/08\/Vector-Smart-Object-01_150x.webp 104w, https:\/\/tthpharma.com\/wp-content\/uploads\/2025\/08\/Vector-Smart-Object-01_150x-12x12.webp 12w, https:\/\/tthpharma.com\/wp-content\/uploads\/2025\/08\/Vector-Smart-Object-01_150x-100x100.webp 100w\" sizes=\"(max-width: 77px) 100vw, 77px\" \/> <img loading=\"lazy\" decoding=\"async\" class=\"alignnone  wp-image-1705\" src=\"https:\/\/tthpharma.com\/wp-content\/uploads\/2025\/08\/Vector-Smart-Object_150x.webp\" alt=\"\" width=\"76\" height=\"77\" srcset=\"https:\/\/tthpharma.com\/wp-content\/uploads\/2025\/08\/Vector-Smart-Object_150x.webp 104w, https:\/\/tthpharma.com\/wp-content\/uploads\/2025\/08\/Vector-Smart-Object_150x-12x12.webp 12w, https:\/\/tthpharma.com\/wp-content\/uploads\/2025\/08\/Vector-Smart-Object_150x-100x100.webp 100w\" sizes=\"(max-width: 76px) 100vw, 76px\" \/><\/p>","protected":false},"featured_media":1798,"comment_status":"open","ping_status":"closed","template":"","meta":[],"product_cat":[62,63],"product_tag":[],"acf":[],"_links":{"self":[{"href":"https:\/\/tthpharma.com\/en\/wp-json\/wp\/v2\/product\/1795"}],"collection":[{"href":"https:\/\/tthpharma.com\/en\/wp-json\/wp\/v2\/product"}],"about":[{"href":"https:\/\/tthpharma.com\/en\/wp-json\/wp\/v2\/types\/product"}],"replies":[{"embeddable":true,"href":"https:\/\/tthpharma.com\/en\/wp-json\/wp\/v2\/comments?post=1795"}],"wp:featuredmedia":[{"embeddable":true,"href":"https:\/\/tthpharma.com\/en\/wp-json\/wp\/v2\/media\/1798"}],"wp:attachment":[{"href":"https:\/\/tthpharma.com\/en\/wp-json\/wp\/v2\/media?parent=1795"}],"wp:term":[{"taxonomy":"product_cat","embeddable":true,"href":"https:\/\/tthpharma.com\/en\/wp-json\/wp\/v2\/product_cat?post=1795"},{"taxonomy":"product_tag","embeddable":true,"href":"https:\/\/tthpharma.com\/en\/wp-json\/wp\/v2\/product_tag?post=1795"}],"curies":[{"name":"wp","href":"https:\/\/api.w.org\/{rel}","templated":true}]}}