{"id":1777,"date":"2025-08-20T20:51:13","date_gmt":"2025-08-20T13:51:13","guid":{"rendered":"https:\/\/tthpharma.com\/?post_type=product&#038;p=1777"},"modified":"2025-08-20T20:51:13","modified_gmt":"2025-08-20T13:51:13","slug":"phan-ma-hong-wet-n-wild-megaglo-hello-halo-blushlight-mau-highlight-bling","status":"publish","type":"product","link":"https:\/\/tthpharma.com\/en\/product\/phan-ma-hong-wet-n-wild-megaglo-hello-halo-blushlight-mau-highlight-bling\/","title":{"rendered":"Wet N Wild MegaGlo Hello Halo Blushlight - Highlight Bling"},"content":{"rendered":"<p><span dir=\"auto\">B\u1ed9 \u0111\u00f4i ph\u1ea5n m\u00e1 h\u1ed3ng v\u00e0 ph\u1ea5n b\u1eaft s\u00e1ng, t\u1ea1o kh\u1ed1i, \u0111\u1ecbnh h\u00ecnh v\u00e0 l\u00e0m n\u1ed5i b\u1eadt t\u1ee9c th\u00ec ch\u1ec9 v\u1edbi m\u1ed9t l\u1ea7n qu\u00e9t. Nh\u1eefng t\u00f4ng m\u00e0u m\u1ec1m m\u1ea1i, d\u1ec5 t\u00e1n \u0111\u1ec1u n\u00e0y ch\u1ee9a c\u00e1c h\u1ea1t s\u1eafc t\u1ed1 ng\u1ecdc trai si\u00eau m\u1ecbn, ph\u1ea3n chi\u1ebfu \u00e1nh s\u00e1ng, t\u1ea1o n\u00ean v\u1ebb r\u1ea1ng r\u1ee1, t\u01b0\u01a1i s\u00e1ng v\u00e0 h\u00f2a quy\u1ec7n ho\u00e0n h\u1ea3o. M\u1ed7i b\u1ed9 \u0111\u00f4i c\u00f3 hai m\u1ee9c \u0111\u1ed9 m\u00e0u s\u1eafc ph\u00f9 h\u1ee3p v\u1edbi m\u1ecdi t\u00f4ng da. B\u1ea1n c\u00f3 th\u1ec3 s\u1eed d\u1ee5ng ri\u00eang l\u1ebb hai m\u00e0u ho\u1eb7c k\u1ebft h\u1ee3p ch\u00fang \u0111\u1ec3 t\u1ea1o kh\u1ed1i, ho\u1eb7c ph\u1ee7 ch\u1ed3ng l\u00ean nhau. C\u00f3 s\u1eb5n 3 t\u00f4ng m\u00e0u kh\u00f4ng th\u1eed nghi\u1ec7m tr\u00ean \u0111\u1ed9ng v\u1eadt, kh\u00f4ng ch\u1ee9a gluten v\u00e0 kh\u00f4ng h\u01b0\u01a1ng li\u1ec7u.<\/span><\/p>\n<p>&nbsp;<\/p>\n<ul>\n<li><span dir=\"auto\">K\u1ebft c\u1ea5u kh\u00f4ng tr\u1ecdng l\u01b0\u1ee3ng v\u00e0 \u1ee9ng d\u1ee5ng li\u1ec1n m\u1ea1ch<\/span><\/li>\n<li><span dir=\"auto\">L\u00e0m n\u1ed5i b\u1eadt v\u00e0 l\u00e0m n\u1ed5i b\u1eadt \u0111\u00f4i m\u00e1 \u0111\u1ec3 c\u00f3 l\u00e0n da s\u00e1ng r\u1ea1ng r\u1ee1<\/span><\/li>\n<li><span dir=\"auto\">Ph\u1ea5n n\u00e9n k\u00e9p mang l\u1ea1i m\u00e0u s\u1eafc t\u1ed1i \u0111a v\u1edbi \u0111\u1ed9 che ph\u1ee7 t\u00f9y ch\u1ec9nh li\u1ec1n m\u1ea1ch<\/span><\/li>\n<\/ul>","protected":false},"excerpt":{"rendered":"<div><\/div>\n<div class=\"sku product-detail__gap-sm\"><strong><span dir=\"auto\">M\u00e3 s\u1ea3n ph\u1ea9m:\u00a0<\/span><span class=\"sku__value\"><span dir=\"auto\">1111564E<\/span><\/span><\/strong><\/div>\n<div class=\"product-area__rich-text-block product-detail__gap-sm rte\">\n<p><span dir=\"auto\"><br \/>\nB\u1ed9 \u0111\u00f4i ph\u1ea5n m\u00e1 h\u1ed3ng v\u00e0 ph\u1ea5n b\u1eaft s\u00e1ng gi\u00fap t\u1ea1o kh\u1ed1i, l\u00e0m n\u1ed5i b\u1eadt v\u00e0 t\u0103ng th\u00eam v\u1ebb r\u1ea1ng r\u1ee1. B\u1ea1n c\u00f3 th\u1ec3 d\u00f9ng ri\u00eang hai m\u00e0u, ho\u1eb7c pha tr\u1ed9n ch\u00fang v\u1edbi nhau \u0111\u1ec3 t\u1ea1o kh\u1ed1i, ho\u1eb7c ph\u1ee7 ch\u00fang ch\u1ed3ng l\u00ean nhau.<\/span><\/p>\n<p><img loading=\"lazy\" decoding=\"async\" class=\"alignnone  wp-image-1707\" src=\"https:\/\/tthpharma.com\/wp-content\/uploads\/2025\/08\/Vector-Smart-Object-02_150x.webp\" alt=\"\" width=\"56\" height=\"57\" srcset=\"https:\/\/tthpharma.com\/wp-content\/uploads\/2025\/08\/Vector-Smart-Object-02_150x.webp 104w, https:\/\/tthpharma.com\/wp-content\/uploads\/2025\/08\/Vector-Smart-Object-02_150x-12x12.webp 12w, https:\/\/tthpharma.com\/wp-content\/uploads\/2025\/08\/Vector-Smart-Object-02_150x-100x100.webp 100w\" sizes=\"(max-width: 56px) 100vw, 56px\" \/> \u00a0<img loading=\"lazy\" decoding=\"async\" class=\"alignnone  wp-image-1727\" src=\"https:\/\/tthpharma.com\/wp-content\/uploads\/2025\/08\/360_F_589817083_iq2jX8gYocWYhe0gtdL1mPNJzN3C3KkM-300x300.jpg\" alt=\"\" width=\"58\" height=\"58\" srcset=\"https:\/\/tthpharma.com\/wp-content\/uploads\/2025\/08\/360_F_589817083_iq2jX8gYocWYhe0gtdL1mPNJzN3C3KkM-300x300.jpg 300w, https:\/\/tthpharma.com\/wp-content\/uploads\/2025\/08\/360_F_589817083_iq2jX8gYocWYhe0gtdL1mPNJzN3C3KkM-150x150.jpg 150w, https:\/\/tthpharma.com\/wp-content\/uploads\/2025\/08\/360_F_589817083_iq2jX8gYocWYhe0gtdL1mPNJzN3C3KkM-12x12.jpg 12w, https:\/\/tthpharma.com\/wp-content\/uploads\/2025\/08\/360_F_589817083_iq2jX8gYocWYhe0gtdL1mPNJzN3C3KkM-100x100.jpg 100w, https:\/\/tthpharma.com\/wp-content\/uploads\/2025\/08\/360_F_589817083_iq2jX8gYocWYhe0gtdL1mPNJzN3C3KkM.jpg 360w\" sizes=\"(max-width: 58px) 100vw, 58px\" \/><\/p>\n<\/div>","protected":false},"featured_media":1778,"comment_status":"open","ping_status":"closed","template":"","meta":[],"product_cat":[62,63],"product_tag":[],"acf":[],"_links":{"self":[{"href":"https:\/\/tthpharma.com\/en\/wp-json\/wp\/v2\/product\/1777"}],"collection":[{"href":"https:\/\/tthpharma.com\/en\/wp-json\/wp\/v2\/product"}],"about":[{"href":"https:\/\/tthpharma.com\/en\/wp-json\/wp\/v2\/types\/product"}],"replies":[{"embeddable":true,"href":"https:\/\/tthpharma.com\/en\/wp-json\/wp\/v2\/comments?post=1777"}],"wp:featuredmedia":[{"embeddable":true,"href":"https:\/\/tthpharma.com\/en\/wp-json\/wp\/v2\/media\/1778"}],"wp:attachment":[{"href":"https:\/\/tthpharma.com\/en\/wp-json\/wp\/v2\/media?parent=1777"}],"wp:term":[{"taxonomy":"product_cat","embeddable":true,"href":"https:\/\/tthpharma.com\/en\/wp-json\/wp\/v2\/product_cat?post=1777"},{"taxonomy":"product_tag","embeddable":true,"href":"https:\/\/tthpharma.com\/en\/wp-json\/wp\/v2\/product_tag?post=1777"}],"curies":[{"name":"wp","href":"https:\/\/api.w.org\/{rel}","templated":true}]}}