{"id":1767,"date":"2025-08-20T20:34:44","date_gmt":"2025-08-20T13:34:44","guid":{"rendered":"https:\/\/tthpharma.com\/?post_type=product&#038;p=1767"},"modified":"2025-08-20T20:34:44","modified_gmt":"2025-08-20T13:34:44","slug":"phan-tao-khoi-wet-n-wild-color-icon-bronzer-mau-ticket-to-brazil","status":"publish","type":"product","link":"https:\/\/tthpharma.com\/en\/product\/phan-tao-khoi-wet-n-wild-color-icon-bronzer-mau-ticket-to-brazil\/","title":{"rendered":"Wet N Wild Color Icon Bronzer - Ticket To Brazil"},"content":{"rendered":"<p>H\u00e3y nu\u00f4ng chi\u1ec1u b\u1ea3n th\u00e2n v\u1edbi Color Icon\u2122 Bronzer, m\u1ed9t s\u1ea3n ph\u1ea9m d\u1ea1ng gel l\u00e2u tr\u00f4i, mang l\u1ea1i l\u00e0n da r\u1ea1ng r\u1ee1 v\u00e0 t\u1ecfa s\u00e1ng nh\u01b0 r\u00e1m n\u1eafng. H\u00e3y s\u1eed d\u1ee5ng \u0111\u1ec3 l\u00e0m n\u1ed5i b\u1eadt nh\u1eefng \u0111\u01b0\u1eddng n\u00e9t y\u00eau th\u00edch nh\u1ea5t c\u1ee7a b\u1ea1n v\u00e0 bi\u1ebfn b\u1ea1n th\u00e0nh m\u1ed9t n\u1eef th\u1ea7n r\u00e1m n\u1eafng quanh n\u0103m. T\u1ea1o kh\u1ed1i v\u00e0 t\u1ea1o kh\u1ed1i cho \u0111\u01b0\u1eddng ch\u00e2n m\u00e0y v\u1edbi c\u00f4ng th\u1ee9c \u0111\u1ed9t ph\u00e1 thanh l\u1ecbch c\u1ee7a ch\u00fang t\u00f4i ho\u1eb7c s\u1eed d\u1ee5ng \u0111\u1ec3 t\u1ea1o kh\u1ed1i nh\u01b0 m\u1ed9t chuy\u00ean gia, gi\u00fap b\u1ea1n c\u00f3 \u0111\u01b0\u1ee3c \u0111\u00f4i m\u00e1 thon g\u1ecdn v\u00e0 nh\u1eefng \u0111i\u1ec3m nh\u1ea5n s\u1eafc n\u00e9t nh\u1edd b\u1ed9 l\u1ecdc k\u1ef9 thu\u1eadt s\u1ed1 y\u00eau th\u00edch c\u1ee7a b\u1ea1n. S\u1ea3n ph\u1ea9m d\u1ea1ng gel n\u00e0y thoa l\u00ean da nh\u01b0 kem v\u00e0 kh\u00f4 l\u1ea1i nh\u01b0 ph\u1ea5n, mang l\u1ea1i v\u1ebb \u1eedng h\u1ed3ng t\u1ef1 nhi\u00ean khi thoa l\u00ean da. \u0110\u1eebng ch\u1ec9 s\u1eed d\u1ee5ng cho m\u1eb7t, h\u00e3y th\u1eed thoa th\u00eam l\u00ean c\u1ed5 v\u00e0 x\u01b0\u01a1ng quai xanh \u0111\u1ec3 c\u00f3 \u0111\u01b0\u1ee3c v\u1ebb r\u1ea1ng r\u1ee1 to\u00e0n di\u1ec7n.<\/p>","protected":false},"excerpt":{"rendered":"<div class=\"sku product-detail__gap-sm\"><strong><span dir=\"auto\">M\u00e3 s\u1ea3n ph\u1ea9m: E<\/span><span class=\"sku__value\"><span dir=\"auto\">740A<\/span><\/span><\/strong><\/div>\n<div class=\"product-area__rich-text-block product-detail__gap-sm rte\">\n<p><span dir=\"auto\"><br \/>\nH\u00e3y nu\u00f4ng chi\u1ec1u b\u1ea3n th\u00e2n v\u1edbi Color Icon\u2122 Bronzer, m\u1ed9t s\u1ea3n ph\u1ea9m d\u1ea1ng gel l\u00e2u tr\u00f4i, mang l\u1ea1i l\u00e0n da r\u1ea1ng r\u1ee1 v\u00e0 t\u1ecfa s\u00e1ng nh\u01b0 r\u00e1m n\u1eafng. H\u00e3y s\u1eed d\u1ee5ng \u0111\u1ec3 l\u00e0m n\u1ed5i b\u1eadt nh\u1eefng \u0111\u01b0\u1eddng n\u00e9t y\u00eau th\u00edch nh\u1ea5t c\u1ee7a b\u1ea1n v\u00e0 bi\u1ebfn b\u1ea1n th\u00e0nh m\u1ed9t n\u1eef th\u1ea7n r\u00e1m n\u1eafng quanh n\u0103m. T\u1ea1o kh\u1ed1i v\u00e0 t\u1ea1o kh\u1ed1i cho \u0111\u01b0\u1eddng ch\u00e2n m\u00e0y v\u1edbi c\u00f4ng th\u1ee9c \u0111\u1ed9t ph\u00e1 thanh l\u1ecbch c\u1ee7a ch\u00fang t\u00f4i ho\u1eb7c s\u1eed d\u1ee5ng \u0111\u1ec3 t\u1ea1o kh\u1ed1i nh\u01b0 m\u1ed9t chuy\u00ean gia, gi\u00fap b\u1ea1n c\u00f3 \u0111\u01b0\u1ee3c \u0111\u00f4i m\u00e1 thon g\u1ecdn v\u00e0 nh\u1eefng \u0111i\u1ec3m nh\u1ea5n s\u1eafc n\u00e9t nh\u1edd b\u1ed9 l\u1ecdc k\u1ef9 thu\u1eadt s\u1ed1 y\u00eau th\u00edch c\u1ee7a b\u1ea1n. S\u1ea3n ph\u1ea9m d\u1ea1ng gel n\u00e0y thoa l\u00ean da nh\u01b0 kem v\u00e0 kh\u00f4 l\u1ea1i nh\u01b0 ph\u1ea5n, mang l\u1ea1i v\u1ebb \u1eedng h\u1ed3ng t\u1ef1 nhi\u00ean khi thoa l\u00ean da. \u0110\u1eebng ch\u1ec9 s\u1eed d\u1ee5ng cho m\u1eb7t, h\u00e3y th\u1eed thoa th\u00eam l\u00ean c\u1ed5 v\u00e0 x\u01b0\u01a1ng quai xanh \u0111\u1ec3 c\u00f3 \u0111\u01b0\u1ee3c v\u1ebb r\u1ea1ng r\u1ee1 to\u00e0n di\u1ec7n.<\/p>\n<p><\/span><\/p>\n<p><img loading=\"lazy\" decoding=\"async\" class=\"alignnone  wp-image-1707\" src=\"https:\/\/tthpharma.com\/wp-content\/uploads\/2025\/08\/Vector-Smart-Object-02_150x.webp\" alt=\"\" width=\"55\" height=\"56\" srcset=\"https:\/\/tthpharma.com\/wp-content\/uploads\/2025\/08\/Vector-Smart-Object-02_150x.webp 104w, https:\/\/tthpharma.com\/wp-content\/uploads\/2025\/08\/Vector-Smart-Object-02_150x-12x12.webp 12w, https:\/\/tthpharma.com\/wp-content\/uploads\/2025\/08\/Vector-Smart-Object-02_150x-100x100.webp 100w\" sizes=\"(max-width: 55px) 100vw, 55px\" \/> <img loading=\"lazy\" decoding=\"async\" class=\"alignnone  wp-image-1708\" src=\"https:\/\/tthpharma.com\/wp-content\/uploads\/2025\/08\/Vector-Smart-Object-10_150x.webp\" alt=\"\" width=\"55\" height=\"56\" srcset=\"https:\/\/tthpharma.com\/wp-content\/uploads\/2025\/08\/Vector-Smart-Object-10_150x.webp 104w, https:\/\/tthpharma.com\/wp-content\/uploads\/2025\/08\/Vector-Smart-Object-10_150x-12x12.webp 12w, https:\/\/tthpharma.com\/wp-content\/uploads\/2025\/08\/Vector-Smart-Object-10_150x-100x100.webp 100w\" sizes=\"(max-width: 55px) 100vw, 55px\" \/> <img loading=\"lazy\" decoding=\"async\" class=\"alignnone  wp-image-1705\" src=\"https:\/\/tthpharma.com\/wp-content\/uploads\/2025\/08\/Vector-Smart-Object_150x.webp\" alt=\"\" width=\"56\" height=\"56\" srcset=\"https:\/\/tthpharma.com\/wp-content\/uploads\/2025\/08\/Vector-Smart-Object_150x.webp 104w, https:\/\/tthpharma.com\/wp-content\/uploads\/2025\/08\/Vector-Smart-Object_150x-12x12.webp 12w, https:\/\/tthpharma.com\/wp-content\/uploads\/2025\/08\/Vector-Smart-Object_150x-100x100.webp 100w\" sizes=\"(max-width: 56px) 100vw, 56px\" \/> <img loading=\"lazy\" decoding=\"async\" class=\"alignnone  wp-image-1727\" src=\"https:\/\/tthpharma.com\/wp-content\/uploads\/2025\/08\/360_F_589817083_iq2jX8gYocWYhe0gtdL1mPNJzN3C3KkM-300x300.jpg\" alt=\"\" width=\"59\" height=\"59\" srcset=\"https:\/\/tthpharma.com\/wp-content\/uploads\/2025\/08\/360_F_589817083_iq2jX8gYocWYhe0gtdL1mPNJzN3C3KkM-300x300.jpg 300w, https:\/\/tthpharma.com\/wp-content\/uploads\/2025\/08\/360_F_589817083_iq2jX8gYocWYhe0gtdL1mPNJzN3C3KkM-150x150.jpg 150w, https:\/\/tthpharma.com\/wp-content\/uploads\/2025\/08\/360_F_589817083_iq2jX8gYocWYhe0gtdL1mPNJzN3C3KkM-12x12.jpg 12w, https:\/\/tthpharma.com\/wp-content\/uploads\/2025\/08\/360_F_589817083_iq2jX8gYocWYhe0gtdL1mPNJzN3C3KkM-100x100.jpg 100w, https:\/\/tthpharma.com\/wp-content\/uploads\/2025\/08\/360_F_589817083_iq2jX8gYocWYhe0gtdL1mPNJzN3C3KkM.jpg 360w\" sizes=\"(max-width: 59px) 100vw, 59px\" \/><\/p>\n<\/div>","protected":false},"featured_media":1768,"comment_status":"open","ping_status":"closed","template":"","meta":[],"product_cat":[62,63],"product_tag":[],"acf":[],"_links":{"self":[{"href":"https:\/\/tthpharma.com\/en\/wp-json\/wp\/v2\/product\/1767"}],"collection":[{"href":"https:\/\/tthpharma.com\/en\/wp-json\/wp\/v2\/product"}],"about":[{"href":"https:\/\/tthpharma.com\/en\/wp-json\/wp\/v2\/types\/product"}],"replies":[{"embeddable":true,"href":"https:\/\/tthpharma.com\/en\/wp-json\/wp\/v2\/comments?post=1767"}],"wp:featuredmedia":[{"embeddable":true,"href":"https:\/\/tthpharma.com\/en\/wp-json\/wp\/v2\/media\/1768"}],"wp:attachment":[{"href":"https:\/\/tthpharma.com\/en\/wp-json\/wp\/v2\/media?parent=1767"}],"wp:term":[{"taxonomy":"product_cat","embeddable":true,"href":"https:\/\/tthpharma.com\/en\/wp-json\/wp\/v2\/product_cat?post=1767"},{"taxonomy":"product_tag","embeddable":true,"href":"https:\/\/tthpharma.com\/en\/wp-json\/wp\/v2\/product_tag?post=1767"}],"curies":[{"name":"wp","href":"https:\/\/api.w.org\/{rel}","templated":true}]}}