{"id":1763,"date":"2025-08-20T16:19:57","date_gmt":"2025-08-20T09:19:57","guid":{"rendered":"https:\/\/tthpharma.com\/?post_type=product&#038;p=1763"},"modified":"2025-08-20T16:19:58","modified_gmt":"2025-08-20T09:19:58","slug":"phan-bat-sang-wet-n-wild-megaglo-highlighting-powder-mau-blossom-glow","status":"publish","type":"product","link":"https:\/\/tthpharma.com\/en\/product\/phan-bat-sang-wet-n-wild-megaglo-highlighting-powder-mau-blossom-glow\/","title":{"rendered":"Wet N Wild MegaGlo Highlighting Powder -  Blossom Glow"},"content":{"rendered":"<p>L\u1ea5p l\u00e1nh v\u00e0 t\u1ecfa s\u00e1ng \u1edf m\u1ecdi v\u1ecb tr\u00ed c\u1ea7n thi\u1ebft v\u1edbi c\u00f4ng th\u1ee9c t\u01b0\u01a1ng t\u1ef1 nh\u01b0 Ph\u1ea5n b\u1eaft s\u00e1ng MegaGlo kh\u00f4ng th\u1ec3 thi\u1ebfu c\u1ee7a ch\u00fang t\u00f4i. Ph\u1ea5n b\u1eaft s\u00e1ng s\u1ed1 1 c\u1ee7a ch\u00fang t\u00f4i \u0111\u00e3 tr\u1edf l\u1ea1i theo y\u00eau c\u1ea7u c\u1ee7a r\u1ea5t nhi\u1ec1u ng\u01b0\u1eddi! L\u1edbp n\u1ec1n si\u00eau m\u1ecbn nh\u01b0 ng\u1ecdc trai v\u00e0 c\u00f4ng th\u1ee9c d\u1ec5 t\u00e1n \u0111\u1ec1u khi\u1ebfn s\u1ea3n ph\u1ea9m n\u00e0y tr\u1edf th\u00e0nh l\u1ef1a ch\u1ecdn y\u00eau th\u00edch c\u1ee7a nhi\u1ec1u ng\u01b0\u1eddi! Ph\u1ea5n m\u1ecbn m\u01b0\u1ee3t, c\u00f3 \u0111\u1ed9 b\u00e1m m\u00e0u cao mang l\u1ea1i hi\u1ec7u \u1ee9ng r\u1ea1ng r\u1ee1 to\u00e0n di\u1ec7n khi thoa l\u00ean x\u01b0\u01a1ng g\u00f2 m\u00e1, x\u01b0\u01a1ng ch\u00e2n m\u00e0y v\u00e0 x\u01b0\u01a1ng quai xanh.<\/p>","protected":false},"excerpt":{"rendered":"<div class=\"sku product-detail__gap-sm\"><strong><span dir=\"auto\">M\u00e3 s\u1ea3n ph\u1ea9m: E<\/span><span class=\"sku__value\"><span dir=\"auto\">319B<\/span><\/span><\/strong><\/div>\n<div class=\"product-area__rich-text-block product-detail__gap-sm rte\">\n<div class=\"metafield-rich_text_field\">\n<p><span dir=\"auto\"><br \/>\nL\u1ea5p l\u00e1nh v\u00e0 t\u1ecfa s\u00e1ng \u1edf m\u1ecdi v\u1ecb tr\u00ed c\u1ea7n thi\u1ebft v\u1edbi c\u00f4ng th\u1ee9c t\u01b0\u01a1ng t\u1ef1 nh\u01b0 Ph\u1ea5n b\u1eaft s\u00e1ng MegaGlo kh\u00f4ng th\u1ec3 thi\u1ebfu c\u1ee7a ch\u00fang t\u00f4i. Ph\u1ea5n b\u1eaft s\u00e1ng s\u1ed1 1 c\u1ee7a ch\u00fang t\u00f4i \u0111\u00e3 tr\u1edf l\u1ea1i theo y\u00eau c\u1ea7u c\u1ee7a r\u1ea5t nhi\u1ec1u ng\u01b0\u1eddi! L\u1edbp n\u1ec1n si\u00eau m\u1ecbn nh\u01b0 ng\u1ecdc trai v\u00e0 c\u00f4ng th\u1ee9c d\u1ec5 t\u00e1n \u0111\u1ec1u khi\u1ebfn s\u1ea3n ph\u1ea9m n\u00e0y tr\u1edf th\u00e0nh l\u1ef1a ch\u1ecdn y\u00eau th\u00edch c\u1ee7a nhi\u1ec1u ng\u01b0\u1eddi! Ph\u1ea5n m\u1ecbn m\u01b0\u1ee3t, c\u00f3 \u0111\u1ed9 b\u00e1m m\u00e0u cao mang l\u1ea1i hi\u1ec7u \u1ee9ng r\u1ea1ng r\u1ee1 to\u00e0n di\u1ec7n khi thoa l\u00ean x\u01b0\u01a1ng g\u00f2 m\u00e1, x\u01b0\u01a1ng ch\u00e2n m\u00e0y v\u00e0 x\u01b0\u01a1ng quai xanh.<\/p>\n<p><\/span><\/p>\n<p><img loading=\"lazy\" decoding=\"async\" class=\"alignnone size-full wp-image-1705\" src=\"https:\/\/tthpharma.com\/wp-content\/uploads\/2025\/08\/Vector-Smart-Object_150x.webp\" alt=\"\" width=\"104\" height=\"105\" srcset=\"https:\/\/tthpharma.com\/wp-content\/uploads\/2025\/08\/Vector-Smart-Object_150x.webp 104w, https:\/\/tthpharma.com\/wp-content\/uploads\/2025\/08\/Vector-Smart-Object_150x-12x12.webp 12w, https:\/\/tthpharma.com\/wp-content\/uploads\/2025\/08\/Vector-Smart-Object_150x-100x100.webp 100w\" sizes=\"(max-width: 104px) 100vw, 104px\" \/><\/p>\n<\/div>\n<\/div>","protected":false},"featured_media":1764,"comment_status":"open","ping_status":"closed","template":"","meta":[],"product_cat":[62,63],"product_tag":[],"acf":[],"_links":{"self":[{"href":"https:\/\/tthpharma.com\/en\/wp-json\/wp\/v2\/product\/1763"}],"collection":[{"href":"https:\/\/tthpharma.com\/en\/wp-json\/wp\/v2\/product"}],"about":[{"href":"https:\/\/tthpharma.com\/en\/wp-json\/wp\/v2\/types\/product"}],"replies":[{"embeddable":true,"href":"https:\/\/tthpharma.com\/en\/wp-json\/wp\/v2\/comments?post=1763"}],"wp:featuredmedia":[{"embeddable":true,"href":"https:\/\/tthpharma.com\/en\/wp-json\/wp\/v2\/media\/1764"}],"wp:attachment":[{"href":"https:\/\/tthpharma.com\/en\/wp-json\/wp\/v2\/media?parent=1763"}],"wp:term":[{"taxonomy":"product_cat","embeddable":true,"href":"https:\/\/tthpharma.com\/en\/wp-json\/wp\/v2\/product_cat?post=1763"},{"taxonomy":"product_tag","embeddable":true,"href":"https:\/\/tthpharma.com\/en\/wp-json\/wp\/v2\/product_tag?post=1763"}],"curies":[{"name":"wp","href":"https:\/\/api.w.org\/{rel}","templated":true}]}}