{"id":1756,"date":"2025-08-20T00:51:59","date_gmt":"2025-08-19T17:51:59","guid":{"rendered":"https:\/\/tthpharma.com\/?post_type=product&#038;p=1756"},"modified":"2025-08-20T00:51:59","modified_gmt":"2025-08-19T17:51:59","slug":"kem-lot-wet-n-wild-prime-focus-impossible-primer","status":"publish","type":"product","link":"https:\/\/tthpharma.com\/en\/product\/kem-lot-wet-n-wild-prime-focus-impossible-primer\/","title":{"rendered":"Wet N Wild Prime Focus Impossible Primer"},"content":{"rendered":"<div data-content-type=\"text\" data-appearance=\"default\" data-element=\"main\">\n<p><span dir=\"auto\">T\u1ea1i sao l\u1ea1i l\u00e0 Impossible? Kem l\u00f3t KH\u00d4NG CH\u1ee8A SILICONE \u0111\u1ea7u ti\u00ean thu\u1ed9c lo\u1ea1i n\u00e0y bi\u1ebfn tr\u00ed t\u01b0\u1edfng t\u01b0\u1ee3ng th\u00e0nh s\u1ef1 \u0111\u1ed5i m\u1edbi v\u1edbi hi\u1ec7u su\u1ea5t v\u00e0 l\u1ee3i \u00edch \u0111\u1ed9t ph\u00e1. L\u00e0m m\u1edd V\u00c0 d\u01b0\u1ee1ng \u1ea9m? \u0110\u00fang v\u1eady! V\u00e0 ch\u00fang t\u00f4i s\u1ebd n\u00f3i l\u1ea1i m\u1ed9t l\u1ea7n n\u1eefa cho nh\u1eefng ng\u01b0\u1eddi \u1edf ph\u00eda sau! C\u00f4ng th\u1ee9c \u0111\u1ed9t ph\u00e1 kh\u00f4ng ch\u1ee9a silicone n\u00e0y c\u00f3 kh\u1ea3 n\u0103ng thoa m\u01b0\u1ee3t m\u00e0, li\u1ec1n m\u1ea1ch theo truy\u1ec1n th\u1ed1ng \u0111\u1ea1t \u0111\u01b0\u1ee3c v\u1edbi silicone, gi\u00fap l\u00e0m m\u1edd v\u00e0 d\u01b0\u1ee1ng \u1ea9m cho da \u0111\u1ed3ng th\u1eddi l\u00e0m m\u1edd l\u1ed7 ch\u00e2n l\u00f4ng \u0111\u1ec3 c\u00f3 v\u1ebb ngo\u00e0i m\u1ec1m m\u1ea1i ho\u00e0n h\u1ea3o. V\u1edbi c\u00e1c th\u00e0nh ph\u1ea7n y\u00eau th\u00edch l\u00e0n da nh\u01b0 chi\u1ebft xu\u1ea5t qu\u1ea3 l\u00fd gai v\u00e0 hoa Jeju &#8211; m\u1ed9t ch\u1ea5t l\u00e0m s\u00e1ng t\u1ef1 nhi\u00ean &#8211; lo\u1ea1i kem l\u00f3t c\u00f3 th\u1ec3 l\u00e0m \u0111\u01b0\u1ee3c m\u1ecdi th\u1ee9 m\u1ed9t c\u00e1ch \u0111\u00e1ng kinh ng\u1ea1c v\u00e0 kh\u00f4ng t\u01b0\u1edfng n\u00e0y mang l\u1ea1i t\u1ea5t c\u1ea3 nh\u1eefng l\u1ee3i \u00edch m\u00e0 b\u1ea1n ch\u01b0a t\u1eebng ngh\u0129 \u0111\u1ebfn cho m\u1ed9t l\u00e0n da \u0111\u1eb9p h\u01a1n. T\u1eeb nh\u1eefng b\u1ed9 \u00f3c thi\u00ean t\u00e0i trong ph\u00f2ng th\u00ed nghi\u1ec7m c\u1ee7a ch\u00fang t\u00f4i \u0111\u1ebfn s\u1ef1 ph\u00f9 phi\u1ebfm \u0111\u01b0\u1ee3c c\u1ea3i thi\u1ec7n c\u1ee7a b\u1ea1n, lo\u1ea1i kem l\u00f3t n\u00e0y gi\u00fap b\u1ea1n c\u1ea3m th\u1ea5y t\u1ed1t nh\u01b0 v\u1ebb ngo\u00e0i c\u1ee7a m\u00ecnh!<\/span><\/p>\n<ul>\n<li>D\u01b0\u1ee1ng \u1ea9m v\u00e0 ki\u1ec3m so\u00e1t \u0111\u1ed9 b\u00f3ng m\u00e0 kh\u00f4ng l\u00e0m kh\u00f4 da<\/li>\n<li>K\u1ebft c\u1ea5u gi\u1ed1ng nh\u01b0 silicon \u0111\u00e0n h\u1ed3i KH\u00d4NG ch\u1ee9a silicon<\/li>\n<li>\u0110\u01b0\u1ee3c b\u00e0o ch\u1ebf v\u1edbi chi\u1ebft xu\u1ea5t hoa Jeju, m\u1ed9t ch\u1ea5t l\u00e0m s\u00e1ng v\u00e0 d\u01b0\u1ee1ng \u1ea9m t\u1ef1 nhi\u00ean<\/li>\n<li><span dir=\"auto\"><span dir=\"auto\">\u0110\u01b0\u1ee3c b\u00e0o ch\u1ebf v\u1edbi qu\u1ea3 l\u00fd gai, c\u00f3 h\u00e0m l\u01b0\u1ee3ng Vitamin C v\u00e0 ch\u1ea5t ch\u1ed1ng oxy h\u00f3a cao<\/span><\/span><\/li>\n<\/ul>\n<\/div>","protected":false},"excerpt":{"rendered":"<div class=\"sku product-detail__gap-sm\"><strong><span dir=\"auto\"><br \/>\nM\u00e3 s\u1ea3n ph\u1ea9m:\u00a0<\/span><span class=\"sku__value\"><span dir=\"auto\">1111905E<\/span><\/span><\/strong><\/div>\n<div class=\"product-area__rich-text-block product-detail__gap-sm rte\">\n<p><span dir=\"auto\"><br \/>\nT\u1ea1i sao l\u1ea1i l\u00e0 Impossible? Kem l\u00f3t KH\u00d4NG CH\u1ee8A SILICONE \u0111\u1ea7u ti\u00ean tr\u00ean th\u1ebf gi\u1edbi n\u00e0y v\u1eeba l\u00e0m m\u1edd khuy\u1ebft \u0111i\u1ec3m v\u1eeba d\u01b0\u1ee1ng \u1ea9m, mang l\u1ea1i l\u1edbp n\u1ec1n m\u01b0\u1ee3t m\u00e0, li\u1ec1n m\u1ea1ch nh\u01b0 th\u01b0\u1eddng th\u1ea5y v\u1edbi silicone. L\u00e0m m\u1edd l\u1ed7 ch\u00e2n l\u00f4ng, mang l\u1ea1i v\u1ebb ngo\u00e0i m\u1ec1m m\u1ea1i ho\u00e0n h\u1ea3o, \u0111\u1ed3ng th\u1eddi ch\u1ee9a c\u00e1c th\u00e0nh ph\u1ea7n d\u01b0\u1ee1ng da nh\u01b0 qu\u1ea3 l\u00fd gai v\u00e0 chi\u1ebft xu\u1ea5t hoa Jeju \u2013 m\u1ed9t ch\u1ea5t l\u00e0m s\u00e1ng t\u1ef1 nhi\u00ean. Kem l\u00f3t \u0111a n\u0103ng, tuy\u1ec7t v\u1eddi n\u00e0y mang \u0111\u1ebfn t\u1ea5t c\u1ea3 nh\u1eefng l\u1ee3i \u00edch m\u00e0 b\u1ea1n ch\u01b0a t\u1eebng ngh\u0129 \u0111\u1ebfn cho m\u1ed9t l\u00e0n da \u0111\u1eb9p! T\u1eeb nh\u1eefng chuy\u00ean gia ph\u00f2ng th\u00ed nghi\u1ec7m c\u1ee7a ch\u00fang t\u00f4i \u0111\u1ebfn v\u1ebb \u0111\u1eb9p ho\u00e0n h\u1ea3o c\u1ee7a b\u1ea1n, kem l\u00f3t n\u00e0y s\u1ebd gi\u00fap b\u1ea1n c\u1ea3m th\u1ea5y t\u1ef1 tin nh\u01b0 ch\u00ednh v\u1ebb ngo\u00e0i c\u1ee7a m\u00ecnh !<\/p>\n<p><\/span><\/p>\n<p><img loading=\"lazy\" decoding=\"async\" class=\"alignnone  wp-image-1707\" src=\"https:\/\/tthpharma.com\/wp-content\/uploads\/2025\/08\/Vector-Smart-Object-02_150x.webp\" alt=\"\" width=\"78\" height=\"79\" srcset=\"https:\/\/tthpharma.com\/wp-content\/uploads\/2025\/08\/Vector-Smart-Object-02_150x.webp 104w, https:\/\/tthpharma.com\/wp-content\/uploads\/2025\/08\/Vector-Smart-Object-02_150x-12x12.webp 12w, https:\/\/tthpharma.com\/wp-content\/uploads\/2025\/08\/Vector-Smart-Object-02_150x-100x100.webp 100w\" sizes=\"(max-width: 78px) 100vw, 78px\" \/> <img loading=\"lazy\" decoding=\"async\" class=\"alignnone  wp-image-1706\" src=\"https:\/\/tthpharma.com\/wp-content\/uploads\/2025\/08\/Vector-Smart-Object-01_150x.webp\" alt=\"\" width=\"81\" height=\"82\" srcset=\"https:\/\/tthpharma.com\/wp-content\/uploads\/2025\/08\/Vector-Smart-Object-01_150x.webp 104w, https:\/\/tthpharma.com\/wp-content\/uploads\/2025\/08\/Vector-Smart-Object-01_150x-12x12.webp 12w, https:\/\/tthpharma.com\/wp-content\/uploads\/2025\/08\/Vector-Smart-Object-01_150x-100x100.webp 100w\" sizes=\"(max-width: 81px) 100vw, 81px\" \/> <img loading=\"lazy\" decoding=\"async\" class=\"alignnone  wp-image-1705\" src=\"https:\/\/tthpharma.com\/wp-content\/uploads\/2025\/08\/Vector-Smart-Object_150x.webp\" alt=\"\" width=\"82\" height=\"83\" srcset=\"https:\/\/tthpharma.com\/wp-content\/uploads\/2025\/08\/Vector-Smart-Object_150x.webp 104w, https:\/\/tthpharma.com\/wp-content\/uploads\/2025\/08\/Vector-Smart-Object_150x-12x12.webp 12w, https:\/\/tthpharma.com\/wp-content\/uploads\/2025\/08\/Vector-Smart-Object_150x-100x100.webp 100w\" sizes=\"(max-width: 82px) 100vw, 82px\" \/><\/p>\n<\/div>","protected":false},"featured_media":1757,"comment_status":"open","ping_status":"closed","template":"","meta":[],"product_cat":[62,63],"product_tag":[],"acf":[],"_links":{"self":[{"href":"https:\/\/tthpharma.com\/en\/wp-json\/wp\/v2\/product\/1756"}],"collection":[{"href":"https:\/\/tthpharma.com\/en\/wp-json\/wp\/v2\/product"}],"about":[{"href":"https:\/\/tthpharma.com\/en\/wp-json\/wp\/v2\/types\/product"}],"replies":[{"embeddable":true,"href":"https:\/\/tthpharma.com\/en\/wp-json\/wp\/v2\/comments?post=1756"}],"wp:featuredmedia":[{"embeddable":true,"href":"https:\/\/tthpharma.com\/en\/wp-json\/wp\/v2\/media\/1757"}],"wp:attachment":[{"href":"https:\/\/tthpharma.com\/en\/wp-json\/wp\/v2\/media?parent=1756"}],"wp:term":[{"taxonomy":"product_cat","embeddable":true,"href":"https:\/\/tthpharma.com\/en\/wp-json\/wp\/v2\/product_cat?post=1756"},{"taxonomy":"product_tag","embeddable":true,"href":"https:\/\/tthpharma.com\/en\/wp-json\/wp\/v2\/product_tag?post=1756"}],"curies":[{"name":"wp","href":"https:\/\/api.w.org\/{rel}","templated":true}]}}