{"id":1748,"date":"2025-08-20T00:43:35","date_gmt":"2025-08-19T17:43:35","guid":{"rendered":"https:\/\/tthpharma.com\/?post_type=product&#038;p=1748"},"modified":"2025-08-21T10:20:56","modified_gmt":"2025-08-21T03:20:56","slug":"serum-lot-duong-am-wet-n-wild-prime-focus-primer-serum","status":"publish","type":"product","link":"https:\/\/tthpharma.com\/en\/product\/serum-lot-duong-am-wet-n-wild-prime-focus-primer-serum\/","title":{"rendered":"Wet N Wild Prime Focus Primer"},"content":{"rendered":"<p><span dir=\"auto\">Serum n\u1ec1n n\u01b0\u1edbc m\u1ecfng nh\u1eb9, si\u00eau d\u01b0\u1ee1ng \u1ea9m, gi\u00fap chu\u1ea9n b\u1ecb, l\u00e0m l\u1edbp l\u00f3t v\u00e0 l\u00e0m m\u1ecbn da, cho l\u1edbp trang \u0111i\u1ec3m l\u00e2u tr\u00f4i h\u01a1n. \u0110\u01b0\u1ee3c b\u00e0o ch\u1ebf v\u1edbi c\u00e1c th\u00e0nh ph\u1ea7n d\u01b0\u1ee1ng da, bao g\u1ed3m N\u01b0\u1edbc hoa h\u1ed3ng, Chi\u1ebft xu\u1ea5t l\u00e1 tr\u00e0 v\u00e0 Chi\u1ebft xu\u1ea5t tr\u00e0 xanh, gi\u00fap d\u01b0\u1ee1ng \u1ea9m v\u00e0 l\u00e0m m\u1ecbn da. K\u1ebft c\u1ea5u kem m\u1ecbn m\u01b0\u1ee3t t\u1ea1o n\u00ean l\u1edbp n\u1ec1n ho\u00e0n h\u1ea3o cho l\u00e0n da m\u1ecbn m\u00e0ng, \u0111\u1ec1u m\u00e0u, gi\u00fap l\u1edbp n\u1ec1n l\u01b0\u1edbt nh\u1eb9 nh\u00e0ng, cho l\u1edbp n\u1ec1n r\u1ea1ng r\u1ee1, ho\u00e0n h\u1ea3o.<\/span><\/p>\n<p>&nbsp;<\/p>\n<ul>\n<li><span dir=\"auto\">L\u00e0m m\u1edd v\u00e0 l\u00e0m m\u1ec1m c\u00e1c khuy\u1ebft \u0111i\u1ec3m<\/span><\/li>\n<li><span dir=\"auto\">Mang l\u1ea1i l\u00e0n da m\u1ec1m m\u1ea1i v\u00e0 \u1ea9m m\u01b0\u1ee3t m\u00e0 kh\u00f4ng \u0111\u1ec3 l\u1ea1i c\u1eb7n nh\u1eddn<\/span><\/li>\n<li><span dir=\"auto\">L\u00e0m m\u1ecbn da \u0111\u1ec3 l\u1edbp trang \u0111i\u1ec3m ho\u00e0n h\u1ea3o v\u00e0 l\u00e2u tr\u00f4i h\u01a1n<\/span><\/li>\n<li><span dir=\"auto\">Nh\u1eb9 v\u00e0 si\u00eau d\u01b0\u1ee1ng \u1ea9m<\/span><\/li>\n<\/ul>","protected":false},"excerpt":{"rendered":"<div class=\"sku product-detail__gap-sm\"><strong><span dir=\"auto\"><br \/>\nM\u00e3 s\u1ea3n ph\u1ea9m:\u00a0<\/span><span class=\"sku__value\"><span dir=\"auto\">1111598E<\/span><\/span><\/strong><\/div>\n<div class=\"product-area__rich-text-block product-detail__gap-sm rte\">\n<p><strong>Size:<\/strong> 1 oz ( 30 ml ) &amp; 2 oz ( 60 ml )<\/p>\n<p><span dir=\"auto\">Kem l\u00f3t 2 trong 1 nu\u00f4i d\u01b0\u1ee1ng l\u00e0n da, \u0111\u1ed3ng th\u1eddi chu\u1ea9n b\u1ecb cho l\u1edbp trang \u0111i\u1ec3m ho\u00e0n h\u1ea3o. K\u1ebft c\u1ea5u kem m\u1ecbn m\u01b0\u1ee3t t\u1ea1o n\u00ean l\u1edbp n\u1ec1n ho\u00e0n h\u1ea3o cho l\u00e0n da m\u1ecbn m\u00e0ng, \u0111\u1ec1u m\u00e0u.<\/span><\/p>\n<\/div>","protected":false},"featured_media":1751,"comment_status":"open","ping_status":"closed","template":"","meta":[],"product_cat":[62,63],"product_tag":[],"acf":[],"_links":{"self":[{"href":"https:\/\/tthpharma.com\/en\/wp-json\/wp\/v2\/product\/1748"}],"collection":[{"href":"https:\/\/tthpharma.com\/en\/wp-json\/wp\/v2\/product"}],"about":[{"href":"https:\/\/tthpharma.com\/en\/wp-json\/wp\/v2\/types\/product"}],"replies":[{"embeddable":true,"href":"https:\/\/tthpharma.com\/en\/wp-json\/wp\/v2\/comments?post=1748"}],"wp:featuredmedia":[{"embeddable":true,"href":"https:\/\/tthpharma.com\/en\/wp-json\/wp\/v2\/media\/1751"}],"wp:attachment":[{"href":"https:\/\/tthpharma.com\/en\/wp-json\/wp\/v2\/media?parent=1748"}],"wp:term":[{"taxonomy":"product_cat","embeddable":true,"href":"https:\/\/tthpharma.com\/en\/wp-json\/wp\/v2\/product_cat?post=1748"},{"taxonomy":"product_tag","embeddable":true,"href":"https:\/\/tthpharma.com\/en\/wp-json\/wp\/v2\/product_tag?post=1748"}],"curies":[{"name":"wp","href":"https:\/\/api.w.org\/{rel}","templated":true}]}}