{"id":1744,"date":"2025-08-19T16:08:31","date_gmt":"2025-08-19T09:08:31","guid":{"rendered":"https:\/\/tthpharma.com\/?post_type=product&#038;p=1744"},"modified":"2025-08-20T00:54:17","modified_gmt":"2025-08-19T17:54:17","slug":"xit-khoang-photo-focus-natural-finish-setting-mist","status":"publish","type":"product","link":"https:\/\/tthpharma.com\/en\/product\/xit-khoang-photo-focus-natural-finish-setting-mist\/","title":{"rendered":"Wet N Wild Photo Focus Natural Finish Setting Mist"},"content":{"rendered":"<p><span data-sheets-root=\"1\" data-sheets-value=\"{&quot;1&quot;:2,&quot;2&quot;:&quot;This Natural Finish Setting Mist delivers serious staying power! Gently sets and diffuses makeup while delivering a soft, natural-looking finish. Lightweight and ultra-comfortable, it\u2019s enriched with a soothing blend of vitamins B5 and E and has a long wearing effect for up to 24 hours wet n wild starts as everyone\u2019s first and remains a lifelong destination for vibrant and accessible beauty. Delivering over 40 years of trend-forward and all-inclusive innovations, we are your trusted beauty expert that will keep you looking fabulous without ever betraying your budget. From the bold \u2018n\u2019 bright to the neutral \u2018n\u2019 nuanced, we set out to spoil you with options while setting the gold standard of achievability. So go ahead, get your feet wet with us again and go wild with your imagination!\\n\\nwet n wild starts as everyone\u2019s first and remains a lifelong destination for vibrant and accessible beauty. Delivering over 40 years of trend-forward and all-inclusive innovations, we are your trusted beauty expert that will keep you looking fabulous without ever betraying your budget. From the bold \u2018n\u2019 bright to the neutral \u2018n\u2019 nuanced, we set out to spoil you with options while setting the gold standard of achievability. So go ahead, get your feet wet with us again and go wild with your imagination!&quot;}\" data-sheets-userformat=\"{&quot;2&quot;:33554945,&quot;3&quot;:{&quot;1&quot;:0},&quot;12&quot;:0,&quot;28&quot;:1}\"><span dir=\"auto\">X\u1ecbt kho\u00e1ng Natural Finish Setting Mist n\u00e0y mang l\u1ea1i hi\u1ec7u qu\u1ea3 b\u1ec1n m\u00e0u v\u01b0\u1ee3t tr\u1ed9i! Nh\u1eb9 nh\u00e0ng \u0111\u1ecbnh h\u00ecnh v\u00e0 khu\u1ebfch t\u00e1n l\u1edbp trang \u0111i\u1ec3m, \u0111\u1ed3ng th\u1eddi mang l\u1ea1i l\u1edbp n\u1ec1n m\u1ec1m m\u1ea1i, t\u1ef1 nhi\u00ean. Nh\u1eb9 nh\u00e0ng v\u00e0 c\u1ef1c k\u1ef3 tho\u1ea3i m\u00e1i, x\u1ecbt kho\u00e1ng n\u00e0y \u0111\u01b0\u1ee3c b\u1ed5 sung h\u1ed7n h\u1ee3p l\u00e0m d\u1ecbu da vitamin B5 v\u00e0 E, mang l\u1ea1i hi\u1ec7u qu\u1ea3 l\u00e2u tr\u00f4i l\u00ean \u0111\u1ebfn 24 gi\u1edd.<\/span><\/span><\/p>\n<p>&nbsp;<\/p>\n<ul>\n<li><strong><span dir=\"auto\">Gi\u1eef l\u1edbp trang \u0111i\u1ec3m \u0111\u1ebfn 24 gi\u1edd<\/span><\/strong><span dir=\"auto\">\u00a0: X\u1ecbt \u0111\u1ec1u l\u00ean l\u1edbp trang \u0111i\u1ec3m \u0111\u1ec3 gi\u1eef l\u1edbp trang \u0111i\u1ec3m l\u00e2u tr\u00f4i, v\u1edbi l\u1edbp n\u1ec1n satin t\u1ef1 nhi\u00ean!<\/span><\/li>\n<li><strong><span dir=\"auto\">Ho\u00e0n thi\u1ec7n t\u1ef1 nhi\u00ean<\/span><\/strong><span dir=\"auto\">\u00a0: Mang l\u1ea1i l\u1edbp n\u1ec1n ho\u00e0n h\u1ea3o kh\u00f4ng t\u00ec v\u1ebft v\u1edbi \u00e1nh s\u00e1ng d\u1ecbu nh\u1eb9.<\/span><\/li>\n<li><strong><span dir=\"auto\">C\u00f4ng th\u1ee9c nh\u1eb9<\/span><\/strong><span dir=\"auto\">\u00a0: Tho\u1ea3i m\u00e1i, nu\u00f4i d\u01b0\u1ee1ng v\u1edbi Vitamin B5 v\u00e0 Vitamin E, v\u00e0 nh\u1eb9.<\/span><\/li>\n<li><strong><span dir=\"auto\">D\u00e0nh cho m\u1ecdi lo\u1ea1i da<\/span><\/strong><span dir=\"auto\">\u00a0: D\u00f9 b\u1ea1n c\u00f3 l\u00e0n da kh\u00f4, da d\u1ea7u hay da h\u1ed7n h\u1ee3p, lo\u1ea1i x\u1ecbt kho\u00e1ng n\u00e0y \u0111\u1ec1u \u0111\u01b0\u1ee3c thi\u1ebft k\u1ebf d\u1ecbu nh\u1eb9.<\/span><\/li>\n<li><strong><span dir=\"auto\">Kh\u00f4ng th\u1eed nghi\u1ec7m tr\u00ean \u0111\u1ed9ng v\u1eadt<\/span><\/strong><span dir=\"auto\">\u00a0: c\u00e1c s\u1ea3n ph\u1ea9m trang \u0111i\u1ec3m wet n wild kh\u00f4ng bao gi\u1edd th\u1eed nghi\u1ec7m tr\u00ean \u0111\u1ed9ng v\u1eadt v\u00e0 lu\u00f4n kh\u00f4ng th\u1eed nghi\u1ec7m tr\u00ean \u0111\u1ed9ng v\u1eadt.<\/span><\/li>\n<\/ul>\n<p><span data-sheets-root=\"1\" data-sheets-value=\"{&quot;1&quot;:2,&quot;2&quot;:&quot;This Natural Finish Setting Mist delivers serious staying power! Gently sets and diffuses makeup while delivering a soft, natural-looking finish. Lightweight and ultra-comfortable, it\u2019s enriched with a soothing blend of vitamins B5 and E and has a long wearing effect for up to 24 hours wet n wild starts as everyone\u2019s first and remains a lifelong destination for vibrant and accessible beauty. Delivering over 40 years of trend-forward and all-inclusive innovations, we are your trusted beauty expert that will keep you looking fabulous without ever betraying your budget. From the bold \u2018n\u2019 bright to the neutral \u2018n\u2019 nuanced, we set out to spoil you with options while setting the gold standard of achievability. So go ahead, get your feet wet with us again and go wild with your imagination!\\n\\nwet n wild starts as everyone\u2019s first and remains a lifelong destination for vibrant and accessible beauty. Delivering over 40 years of trend-forward and all-inclusive innovations, we are your trusted beauty expert that will keep you looking fabulous without ever betraying your budget. From the bold \u2018n\u2019 bright to the neutral \u2018n\u2019 nuanced, we set out to spoil you with options while setting the gold standard of achievability. So go ahead, get your feet wet with us again and go wild with your imagination!&quot;}\" data-sheets-userformat=\"{&quot;2&quot;:33554945,&quot;3&quot;:{&quot;1&quot;:0},&quot;12&quot;:0,&quot;28&quot;:1}\"><span dir=\"auto\"><br \/>\nWet n Wild kh\u1edfi \u0111\u1ea7u l\u00e0 \u0111i\u1ec3m \u0111\u1ebfn \u0111\u1ea7u ti\u00ean c\u1ee7a m\u1ecdi ng\u01b0\u1eddi v\u00e0 v\u1eabn lu\u00f4n l\u00e0 \u0111i\u1ec3m \u0111\u1ebfn tr\u1ecdn \u0111\u1eddi cho v\u1ebb \u0111\u1eb9p r\u1ea1ng r\u1ee1 v\u00e0 d\u1ec5 ti\u1ebfp c\u1eadn. V\u1edbi h\u01a1n 40 n\u0103m kinh nghi\u1ec7m ti\u00ean phong v\u00e0 \u0111\u1ed5i m\u1edbi to\u00e0n di\u1ec7n, ch\u00fang t\u00f4i l\u00e0 chuy\u00ean gia l\u00e0m \u0111\u1eb9p \u0111\u00e1ng tin c\u1eady, gi\u00fap b\u1ea1n lu\u00f4n xinh \u0111\u1eb9p m\u00e0 kh\u00f4ng v\u01b0\u1ee3t qu\u00e1 ng\u00e2n s\u00e1ch. T\u1eeb nh\u1eefng gam m\u00e0u t\u00e1o b\u1ea1o v\u00e0 r\u1ef1c r\u1ee1 \u0111\u1ebfn nh\u1eefng gam m\u00e0u trung t\u00ednh v\u00e0 tinh t\u1ebf, ch\u00fang t\u00f4i mang \u0111\u1ebfn cho b\u1ea1n v\u00f4 v\u00e0n l\u1ef1a ch\u1ecdn, \u0111\u1ed3ng th\u1eddi \u0111\u1eb7t ra ti\u00eau chu\u1ea9n v\u00e0ng v\u1ec1 t\u00ednh kh\u1ea3 thi. V\u1eady n\u00ean, h\u00e3y c\u00f9ng ch\u00fang t\u00f4i tr\u1ea3i nghi\u1ec7m v\u00e0 th\u1ecfa s\u1ee9c s\u00e1ng t\u1ea1o!<\/span><\/span><\/p>","protected":false},"excerpt":{"rendered":"<div class=\"sku product-detail__gap-sm\">\n<p><strong><span dir=\"auto\">M\u00e3 s\u1ea3n ph\u1ea9m:\u00a0<\/span><\/strong><span class=\"sku__value\"><span dir=\"auto\"><strong>1116100E<\/strong><\/span><\/span><\/p>\n<p>X\u1ecbt kho\u00e1ng Natural Finish Setting Mist n\u00e0y c\u00f3 t\u00e1c d\u1ee5ng k\u00e9o d\u00e0i \u0111\u1ebfn 24 gi\u1edd! Nh\u1eb9 nh\u00e0ng \u0111\u1ecbnh h\u00ecnh v\u00e0 khu\u1ebfch t\u00e1n l\u1edbp trang \u0111i\u1ec3m, \u0111\u1ed3ng th\u1eddi mang l\u1ea1i l\u1edbp n\u1ec1n m\u1ec1m m\u1ea1i, t\u1ef1 nhi\u00ean. Nh\u1eb9 nh\u00e0ng v\u00e0 c\u1ef1c k\u1ef3 tho\u1ea3i m\u00e1i, x\u1ecbt kho\u00e1ng n\u00e0y \u0111\u01b0\u1ee3c b\u1ed5 sung h\u1ed7n h\u1ee3p l\u00e0m d\u1ecbu da g\u1ed3m vitamin B5 v\u00e0 E.<\/p>\n<\/div>","protected":false},"featured_media":1745,"comment_status":"open","ping_status":"closed","template":"","meta":[],"product_cat":[62,63],"product_tag":[],"acf":[],"_links":{"self":[{"href":"https:\/\/tthpharma.com\/en\/wp-json\/wp\/v2\/product\/1744"}],"collection":[{"href":"https:\/\/tthpharma.com\/en\/wp-json\/wp\/v2\/product"}],"about":[{"href":"https:\/\/tthpharma.com\/en\/wp-json\/wp\/v2\/types\/product"}],"replies":[{"embeddable":true,"href":"https:\/\/tthpharma.com\/en\/wp-json\/wp\/v2\/comments?post=1744"}],"wp:featuredmedia":[{"embeddable":true,"href":"https:\/\/tthpharma.com\/en\/wp-json\/wp\/v2\/media\/1745"}],"wp:attachment":[{"href":"https:\/\/tthpharma.com\/en\/wp-json\/wp\/v2\/media?parent=1744"}],"wp:term":[{"taxonomy":"product_cat","embeddable":true,"href":"https:\/\/tthpharma.com\/en\/wp-json\/wp\/v2\/product_cat?post=1744"},{"taxonomy":"product_tag","embeddable":true,"href":"https:\/\/tthpharma.com\/en\/wp-json\/wp\/v2\/product_tag?post=1744"}],"curies":[{"name":"wp","href":"https:\/\/api.w.org\/{rel}","templated":true}]}}