{"id":1736,"date":"2025-08-19T15:47:27","date_gmt":"2025-08-19T08:47:27","guid":{"rendered":"https:\/\/tthpharma.com\/?post_type=product&#038;p=1736"},"modified":"2025-08-19T15:47:27","modified_gmt":"2025-08-19T08:47:27","slug":"kem-lot-wet-n-wild-prime-focus-clingy-serum-primer","status":"publish","type":"product","link":"https:\/\/tthpharma.com\/en\/product\/kem-lot-wet-n-wild-prime-focus-clingy-serum-primer\/","title":{"rendered":"Wet N Wild Prime Focus Clingy Serum Primer"},"content":{"rendered":"<ul>\n<li><strong><span dir=\"auto\">T\u0103ng c\u01b0\u1eddng \u0111\u1ed9 s\u00e1ng:<\/span><\/strong><span dir=\"auto\">\u00a0Ch\u1ee9a 5% Niacinamide gi\u00fap t\u0103ng c\u01b0\u1eddng \u0111\u1ed9 r\u1ea1ng r\u1ee1 cho da v\u00e0 l\u00e0m \u0111\u1ec1u m\u00e0u da, mang l\u1ea1i l\u00e0n da s\u00e1ng m\u1ecbn.<\/span><\/li>\n<li><strong><span dir=\"auto\">D\u01b0\u1ee1ng \u1ea9m s\u00e2u:<\/span><\/strong><span dir=\"auto\">\u00a0\u0110\u01b0\u1ee3c b\u00e0o ch\u1ebf v\u1edbi 8% Glycerin \u0111\u1ec3 kh\u00f3a \u1ea9m, gi\u00fap l\u00e0n da c\u1ee7a b\u1ea1n c\u0103ng m\u1ecdng v\u00e0 ng\u1eadm n\u01b0\u1edbc su\u1ed1t c\u1ea3 ng\u00e0y.<\/span><\/li>\n<li><strong><span dir=\"auto\">L\u00e2u tr\u00f4i:<\/span><\/strong><span dir=\"auto\">\u00a0C\u00f3 \u0111\u01b0\u1ee3c l\u1edbp n\u1ec1n ho\u00e0n h\u1ea3o k\u00e9o d\u00e0i t\u1edbi 16 gi\u1edd, \u0111\u1ea3m b\u1ea3o l\u1edbp trang \u0111i\u1ec3m c\u1ee7a b\u1ea1n lu\u00f4n t\u01b0\u01a1i m\u1edbi v\u00e0 r\u1ea1ng r\u1ee1.<\/span><\/li>\n<li><strong><span dir=\"auto\">Th\u00e0nh ph\u1ea7n t\u1ed1t cho da:<\/span><\/strong><span dir=\"auto\">\u00a0Gi\u00e0u c\u00e1c \u0111\u1eb7c t\u00ednh nu\u00f4i d\u01b0\u1ee1ng kh\u00f4ng ch\u1ec9 gi\u00fap chu\u1ea9n b\u1ecb l\u00e0n da tr\u01b0\u1edbc khi trang \u0111i\u1ec3m m\u00e0 c\u00f2n gi\u00fap da kh\u1ecfe m\u1ea1nh h\u01a1n theo th\u1eddi gian.<\/span><\/li>\n<li><strong><span dir=\"auto\">Kh\u00f4ng th\u1eed nghi\u1ec7m tr\u00ean \u0111\u1ed9ng v\u1eadt:<\/span><\/strong><span dir=\"auto\">\u00a0c\u00e1c s\u1ea3n ph\u1ea9m trang \u0111i\u1ec3m wet n wild kh\u00f4ng bao gi\u1edd \u0111\u01b0\u1ee3c th\u1eed nghi\u1ec7m tr\u00ean \u0111\u1ed9ng v\u1eadt v\u00e0 lu\u00f4n kh\u00f4ng th\u1eed nghi\u1ec7m tr\u00ean \u0111\u1ed9ng v\u1eadt.<\/span><\/li>\n<\/ul>","protected":false},"excerpt":{"rendered":"<div class=\"sku product-detail__gap-sm\"><strong><span dir=\"auto\"><br \/>\nM\u00e3 s\u1ea3n ph\u1ea9m:\u00a0<\/span><span class=\"sku__value\"><span dir=\"auto\">1116690E<\/span><\/span><\/strong><\/div>\n<div class=\"product-area__rich-text-block product-detail__gap-sm rte\">\n<p><span dir=\"auto\"><br \/>\nH\u00e3y s\u1eb5n s\u00e0ng t\u1ecfa s\u00e1ng v\u1edbi Prime Focus Clingy Serum Primer c\u1ee7a ch\u00fang t\u00f4i! Kem l\u00f3t l\u00e2u tr\u00f4i n\u00e0y ch\u1ee9a 5% Niacinamide v\u00e0 8% Glycerin gi\u00fap l\u00e0m s\u00e1ng, d\u01b0\u1ee1ng \u1ea9m v\u00e0 mang l\u1ea1i cho b\u1ea1n l\u00e0n da c\u0103ng b\u00f3ng, m\u1ecbn m\u00e0ng. Ch\u1ec9 c\u1ea7n thoa m\u1ed9t l\u1edbp m\u1ecfng l\u00ean da s\u1ea1ch, \u0111\u1ec3 y\u00ean trong m\u1ed9t ph\u00fat, v\u00e0 b\u1ea1n \u0111\u00e3 s\u1eb5n s\u00e0ng cho l\u1edbp n\u1ec1n b\u1ec1n m\u00e0u l\u00ean \u0111\u1ebfn 16 gi\u1edd.<\/span><\/p>\n<p>&nbsp;<\/p>\n<\/div>\n<p><img loading=\"lazy\" decoding=\"async\" class=\"alignnone  wp-image-1707\" src=\"https:\/\/tthpharma.com\/wp-content\/uploads\/2025\/08\/Vector-Smart-Object-02_150x.webp\" alt=\"\" width=\"81\" height=\"82\" srcset=\"https:\/\/tthpharma.com\/wp-content\/uploads\/2025\/08\/Vector-Smart-Object-02_150x.webp 104w, https:\/\/tthpharma.com\/wp-content\/uploads\/2025\/08\/Vector-Smart-Object-02_150x-12x12.webp 12w, https:\/\/tthpharma.com\/wp-content\/uploads\/2025\/08\/Vector-Smart-Object-02_150x-100x100.webp 100w\" sizes=\"(max-width: 81px) 100vw, 81px\" \/> <img loading=\"lazy\" decoding=\"async\" class=\"alignnone  wp-image-1708\" src=\"https:\/\/tthpharma.com\/wp-content\/uploads\/2025\/08\/Vector-Smart-Object-10_150x.webp\" alt=\"\" width=\"84\" height=\"85\" srcset=\"https:\/\/tthpharma.com\/wp-content\/uploads\/2025\/08\/Vector-Smart-Object-10_150x.webp 104w, https:\/\/tthpharma.com\/wp-content\/uploads\/2025\/08\/Vector-Smart-Object-10_150x-12x12.webp 12w, https:\/\/tthpharma.com\/wp-content\/uploads\/2025\/08\/Vector-Smart-Object-10_150x-100x100.webp 100w\" sizes=\"(max-width: 84px) 100vw, 84px\" \/> <img loading=\"lazy\" decoding=\"async\" class=\"alignnone  wp-image-1706\" src=\"https:\/\/tthpharma.com\/wp-content\/uploads\/2025\/08\/Vector-Smart-Object-01_150x.webp\" alt=\"\" width=\"83\" height=\"84\" srcset=\"https:\/\/tthpharma.com\/wp-content\/uploads\/2025\/08\/Vector-Smart-Object-01_150x.webp 104w, https:\/\/tthpharma.com\/wp-content\/uploads\/2025\/08\/Vector-Smart-Object-01_150x-12x12.webp 12w, https:\/\/tthpharma.com\/wp-content\/uploads\/2025\/08\/Vector-Smart-Object-01_150x-100x100.webp 100w\" sizes=\"(max-width: 83px) 100vw, 83px\" \/> <img loading=\"lazy\" decoding=\"async\" class=\"alignnone  wp-image-1705\" src=\"https:\/\/tthpharma.com\/wp-content\/uploads\/2025\/08\/Vector-Smart-Object_150x.webp\" alt=\"\" width=\"87\" height=\"88\" srcset=\"https:\/\/tthpharma.com\/wp-content\/uploads\/2025\/08\/Vector-Smart-Object_150x.webp 104w, https:\/\/tthpharma.com\/wp-content\/uploads\/2025\/08\/Vector-Smart-Object_150x-12x12.webp 12w, https:\/\/tthpharma.com\/wp-content\/uploads\/2025\/08\/Vector-Smart-Object_150x-100x100.webp 100w\" sizes=\"(max-width: 87px) 100vw, 87px\" \/><\/p>","protected":false},"featured_media":1737,"comment_status":"open","ping_status":"closed","template":"","meta":[],"product_cat":[62,63],"product_tag":[],"acf":[],"_links":{"self":[{"href":"https:\/\/tthpharma.com\/en\/wp-json\/wp\/v2\/product\/1736"}],"collection":[{"href":"https:\/\/tthpharma.com\/en\/wp-json\/wp\/v2\/product"}],"about":[{"href":"https:\/\/tthpharma.com\/en\/wp-json\/wp\/v2\/types\/product"}],"replies":[{"embeddable":true,"href":"https:\/\/tthpharma.com\/en\/wp-json\/wp\/v2\/comments?post=1736"}],"wp:featuredmedia":[{"embeddable":true,"href":"https:\/\/tthpharma.com\/en\/wp-json\/wp\/v2\/media\/1737"}],"wp:attachment":[{"href":"https:\/\/tthpharma.com\/en\/wp-json\/wp\/v2\/media?parent=1736"}],"wp:term":[{"taxonomy":"product_cat","embeddable":true,"href":"https:\/\/tthpharma.com\/en\/wp-json\/wp\/v2\/product_cat?post=1736"},{"taxonomy":"product_tag","embeddable":true,"href":"https:\/\/tthpharma.com\/en\/wp-json\/wp\/v2\/product_tag?post=1736"}],"curies":[{"name":"wp","href":"https:\/\/api.w.org\/{rel}","templated":true}]}}