{"id":1725,"date":"2025-08-19T13:08:35","date_gmt":"2025-08-19T06:08:35","guid":{"rendered":"https:\/\/tthpharma.com\/?post_type=product&#038;p=1725"},"modified":"2025-08-19T13:47:37","modified_gmt":"2025-08-19T06:47:37","slug":"phan-ma-hong-wet-n-wild-color-icon-mau-mellow-wine","status":"publish","type":"product","link":"https:\/\/tthpharma.com\/en\/product\/phan-ma-hong-wet-n-wild-color-icon-mau-mellow-wine\/","title":{"rendered":"Wet N Wild Color Icon - Mellow Wine"},"content":{"rendered":"<p><span dir=\"auto\">C\u00f4ng th\u1ee9c m\u1edbi v\u00e0 c\u1ea3i ti\u1ebfn c\u1ee7a ch\u00fang t\u00f4i v\u1edbi nh\u1eefng t\u00f4ng m\u00e0u m\u00e1 h\u1ed3ng danh ti\u1ebfng v\u00e0 \u0111\u01b0\u1ee3c s\u0103n \u0111\u00f3n nh\u1ea5t. C\u00f4ng th\u1ee9c ph\u1ea5n n\u00e9n m\u1ec1m m\u1ecbn nh\u01b0 nhung, d\u1ec5 d\u00e0ng t\u00e1n \u0111\u1ec1u v\u00e0 cho ph\u00e9p b\u1ea1n thoa nhi\u1ec1u l\u1edbp m\u00e0u &#8211; t\u1eeb trong su\u1ed1t \u0111\u1ebfn \u0111\u1eadm. Ph\u1ea5n m\u00e1 h\u1ed3ng l\u00e2u tr\u00f4i, d\u1ec5 d\u00e0ng t\u00e1n \u0111\u1ec1u v\u00e0 cho hi\u1ec7u \u1ee9ng \u1eedng h\u1ed3ng t\u1ef1 nhi\u00ean, m\u1ecbn m\u00e0ng nh\u01b0 l\u1ee5a. C\u00e1c t\u00f4ng m\u00e0u \u0111a d\u1ea1ng t\u1eeb t\u00f4ng trung t\u00ednh nh\u1eb9 nh\u00e0ng \u0111\u1ebfn nh\u1eefng gam m\u00e0u n\u1ed5i b\u1eadt, ph\u00f9 h\u1ee3p v\u1edbi m\u1ecdi t\u00f4ng da.<\/span><\/p>\n<p>&nbsp;<\/p>\n<ul>\n<li><span dir=\"auto\">Hi\u1ec7u \u1ee9ng l\u1ea5y n\u00e9t m\u1ec1m<\/span><\/li>\n<li><span dir=\"auto\">M\u00e0u s\u1eafc l\u00e2u tr\u00f4i, c\u00f3 th\u1ec3 x\u00e2y d\u1ef1ng<\/span><\/li>\n<li><span dir=\"auto\">C\u00f4ng th\u1ee9c gi\u00e0u d\u01b0\u1ee1ng ch\u1ea5t \u0111\u01b0\u1ee3c b\u1ed5 sung d\u1ea7u Jojoba cho k\u1ebft c\u1ea5u m\u1ec1m m\u01b0\u1ee3t, m\u1ecbn m\u00e0ng<\/span><\/li>\n<\/ul>","protected":false},"excerpt":{"rendered":"<div class=\"sku product-detail__gap-sm\"><strong><span dir=\"auto\">M\u00e3 s\u1ea3n ph\u1ea9m:\u00a0<\/span><span class=\"sku__value\"><span dir=\"auto\">1111556E<\/span><\/span><\/strong><\/div>\n<div><\/div>\n<div><strong><span class=\"lv-option-label__name\"><span dir=\"auto\">M\u00e0u s\u1eafc <\/span><\/span><span class=\"lv-option-label__separator\"><span dir=\"auto\">:\u00a0<\/span><\/span><\/strong><span class=\"lv-option-label__selected\"><span dir=\"auto\">Mellow Wine<\/span><\/span><\/div>\n<div><\/div>\n<div class=\"sku product-detail__gap-sm\">Ph\u1ea5n m\u00e1 h\u1ed3ng m\u1ec1m m\u1ea1i nh\u01b0 nhung, d\u1ec5 d\u00e0ng t\u00e1n \u0111\u1ec1u \u0111\u1ec3 c\u00f3 m\u00e0u s\u1eafc \u0111\u1eb9p t\u1ef1 nhi\u00ean.<\/div>\n<div class=\"sku product-detail__gap-sm\"><\/div>\n<div><\/div>\n<div><img loading=\"lazy\" decoding=\"async\" class=\"alignnone size-full wp-image-1707\" src=\"https:\/\/tthpharma.com\/wp-content\/uploads\/2025\/08\/Vector-Smart-Object-02_150x.webp\" alt=\"\" width=\"104\" height=\"105\" srcset=\"https:\/\/tthpharma.com\/wp-content\/uploads\/2025\/08\/Vector-Smart-Object-02_150x.webp 104w, https:\/\/tthpharma.com\/wp-content\/uploads\/2025\/08\/Vector-Smart-Object-02_150x-12x12.webp 12w, https:\/\/tthpharma.com\/wp-content\/uploads\/2025\/08\/Vector-Smart-Object-02_150x-100x100.webp 100w\" sizes=\"(max-width: 104px) 100vw, 104px\" \/> <img loading=\"lazy\" decoding=\"async\" class=\"alignnone size-full wp-image-1708\" src=\"https:\/\/tthpharma.com\/wp-content\/uploads\/2025\/08\/Vector-Smart-Object-10_150x.webp\" alt=\"\" width=\"104\" height=\"105\" srcset=\"https:\/\/tthpharma.com\/wp-content\/uploads\/2025\/08\/Vector-Smart-Object-10_150x.webp 104w, https:\/\/tthpharma.com\/wp-content\/uploads\/2025\/08\/Vector-Smart-Object-10_150x-12x12.webp 12w, https:\/\/tthpharma.com\/wp-content\/uploads\/2025\/08\/Vector-Smart-Object-10_150x-100x100.webp 100w\" sizes=\"(max-width: 104px) 100vw, 104px\" \/> <img loading=\"lazy\" decoding=\"async\" class=\"alignnone size-full wp-image-1706\" src=\"https:\/\/tthpharma.com\/wp-content\/uploads\/2025\/08\/Vector-Smart-Object-01_150x.webp\" alt=\"\" width=\"104\" height=\"105\" srcset=\"https:\/\/tthpharma.com\/wp-content\/uploads\/2025\/08\/Vector-Smart-Object-01_150x.webp 104w, https:\/\/tthpharma.com\/wp-content\/uploads\/2025\/08\/Vector-Smart-Object-01_150x-12x12.webp 12w, https:\/\/tthpharma.com\/wp-content\/uploads\/2025\/08\/Vector-Smart-Object-01_150x-100x100.webp 100w\" sizes=\"(max-width: 104px) 100vw, 104px\" \/> <img loading=\"lazy\" decoding=\"async\" class=\"alignnone wp-image-1727\" src=\"https:\/\/tthpharma.com\/wp-content\/uploads\/2025\/08\/360_F_589817083_iq2jX8gYocWYhe0gtdL1mPNJzN3C3KkM-300x300.jpg\" alt=\"\" width=\"105\" height=\"105\" srcset=\"https:\/\/tthpharma.com\/wp-content\/uploads\/2025\/08\/360_F_589817083_iq2jX8gYocWYhe0gtdL1mPNJzN3C3KkM-300x300.jpg 300w, https:\/\/tthpharma.com\/wp-content\/uploads\/2025\/08\/360_F_589817083_iq2jX8gYocWYhe0gtdL1mPNJzN3C3KkM-150x150.jpg 150w, https:\/\/tthpharma.com\/wp-content\/uploads\/2025\/08\/360_F_589817083_iq2jX8gYocWYhe0gtdL1mPNJzN3C3KkM-12x12.jpg 12w, https:\/\/tthpharma.com\/wp-content\/uploads\/2025\/08\/360_F_589817083_iq2jX8gYocWYhe0gtdL1mPNJzN3C3KkM-100x100.jpg 100w, https:\/\/tthpharma.com\/wp-content\/uploads\/2025\/08\/360_F_589817083_iq2jX8gYocWYhe0gtdL1mPNJzN3C3KkM.jpg 360w\" sizes=\"(max-width: 105px) 100vw, 105px\" \/><\/div>","protected":false},"featured_media":1728,"comment_status":"open","ping_status":"closed","template":"","meta":[],"product_cat":[62,63],"product_tag":[],"acf":[],"_links":{"self":[{"href":"https:\/\/tthpharma.com\/en\/wp-json\/wp\/v2\/product\/1725"}],"collection":[{"href":"https:\/\/tthpharma.com\/en\/wp-json\/wp\/v2\/product"}],"about":[{"href":"https:\/\/tthpharma.com\/en\/wp-json\/wp\/v2\/types\/product"}],"replies":[{"embeddable":true,"href":"https:\/\/tthpharma.com\/en\/wp-json\/wp\/v2\/comments?post=1725"}],"wp:featuredmedia":[{"embeddable":true,"href":"https:\/\/tthpharma.com\/en\/wp-json\/wp\/v2\/media\/1728"}],"wp:attachment":[{"href":"https:\/\/tthpharma.com\/en\/wp-json\/wp\/v2\/media?parent=1725"}],"wp:term":[{"taxonomy":"product_cat","embeddable":true,"href":"https:\/\/tthpharma.com\/en\/wp-json\/wp\/v2\/product_cat?post=1725"},{"taxonomy":"product_tag","embeddable":true,"href":"https:\/\/tthpharma.com\/en\/wp-json\/wp\/v2\/product_tag?post=1725"}],"curies":[{"name":"wp","href":"https:\/\/api.w.org\/{rel}","templated":true}]}}