{"id":1704,"date":"2025-08-19T11:18:29","date_gmt":"2025-08-19T04:18:29","guid":{"rendered":"https:\/\/tthpharma.com\/?post_type=product&#038;p=1704"},"modified":"2025-08-19T13:44:10","modified_gmt":"2025-08-19T06:44:10","slug":"phan-ma-hong-wet-n-wild-color-icon-mau-bed-of-roses","status":"publish","type":"product","link":"https:\/\/tthpharma.com\/en\/product\/phan-ma-hong-wet-n-wild-color-icon-mau-bed-of-roses\/","title":{"rendered":"Wet N Wild Color Icon - Bed Of Roses"},"content":{"rendered":"<p><span data-sheets-value=\"{&quot;1&quot;:2,&quot;2&quot;:&quot;Achieve color perfection with the help of this highly pigmented blush. Velvety-soft and buildable, this pressed powder blush is easy to layer on your skin for a gorgeous flush of color across the cheeks. Build it up from sheer to bold as it seamlessly blends for a flawless finish. Whether you\u2019re a makeup newbie or a social media veteran, you\u2019ll understand in an instant why this blush is considered a \u201cColor Icon\u201d.\\n\\nwet n wild starts as everyone\u2019s first and remains a lifelong destination for vibrant and accessible beauty. Delivering over 40 years of trend-forward and all-inclusive innovations, we are your trusted beauty expert that will keep you looking fabulous without ever betraying your budget. From the bold \u2018n\u2019 bright to the neutral \u2018n\u2019 nuanced, we set out to spoil you with options while setting the gold standard of achievability. So go ahead, get your feet wet with us again and go wild with your imagination!&quot;}\" data-sheets-userformat=\"{&quot;2&quot;:33567489,&quot;3&quot;:{&quot;1&quot;:0},&quot;11&quot;:3,&quot;12&quot;:0,&quot;15&quot;:&quot;Century Gothic&quot;,&quot;16&quot;:10,&quot;28&quot;:1}\"><span dir=\"auto\">Ph\u1ea5n m\u00e1 h\u1ed3ng d\u1ea1ng n\u00e9n n\u00e0y s\u1ebd mang \u0111\u1ebfn cho b\u1ea1n m\u00e0u s\u1eafc ho\u00e0n h\u1ea3o v\u1edbi \u0111\u1ed9 l\u00ean m\u00e0u cao. M\u1ec1m m\u1ea1i nh\u01b0 nhung v\u00e0 d\u1ec5 t\u00e1n, ph\u1ea5n m\u00e1 h\u1ed3ng d\u1ea1ng n\u00e9n n\u00e0y d\u1ec5 d\u00e0ng thoa \u0111\u1ec1u l\u00ean da, cho b\u1ea1n m\u1ed9t \u0111\u00f4i m\u00e1 \u1eedng h\u1ed3ng r\u1ea1ng r\u1ee1. Ph\u1ea5n m\u00e1 h\u1ed3ng d\u1ec5 d\u00e0ng t\u00e1n \u0111\u1ec1u t\u1eeb t\u00f4ng trong su\u1ed1t \u0111\u1ebfn \u0111\u1eadm n\u00e9t, cho b\u1ea1n l\u1edbp n\u1ec1n ho\u00e0n h\u1ea3o kh\u00f4ng t\u00ec v\u1ebft. D\u00f9 b\u1ea1n l\u00e0 ng\u01b0\u1eddi m\u1edbi t\u1eadp t\u00e0nh trang \u0111i\u1ec3m hay \u0111\u00e3 l\u00e0 m\u1ed9t &#8220;k\u1ef3 c\u1ef1u&#8221; tr\u00ean m\u1ea1ng x\u00e3 h\u1ed9i, b\u1ea1n s\u1ebd hi\u1ec3u ngay t\u1ea1i sao ph\u1ea5n m\u00e1 h\u1ed3ng n\u00e0y l\u1ea1i \u0111\u01b0\u1ee3c m\u1ec7nh danh l\u00e0 &#8220;Bi\u1ec3u t\u01b0\u1ee3ng S\u1eafc m\u00e0u&#8221;.<\/span><br \/>\n<\/span><\/p>\n<p>&nbsp;<\/p>\n<ul>\n<li><span data-sheets-value=\"{&quot;1&quot;:2,&quot;2&quot;:&quot;Achieve color perfection with the help of this highly pigmented blush. Velvety-soft and buildable, this pressed powder blush is easy to layer on your skin for a gorgeous flush of color across the cheeks. Build it up from sheer to bold as it seamlessly blends for a flawless finish. Whether you\u2019re a makeup newbie or a social media veteran, you\u2019ll understand in an instant why this blush is considered a \u201cColor Icon\u201d.\\n\\nwet n wild starts as everyone\u2019s first and remains a lifelong destination for vibrant and accessible beauty. Delivering over 40 years of trend-forward and all-inclusive innovations, we are your trusted beauty expert that will keep you looking fabulous without ever betraying your budget. From the bold \u2018n\u2019 bright to the neutral \u2018n\u2019 nuanced, we set out to spoil you with options while setting the gold standard of achievability. So go ahead, get your feet wet with us again and go wild with your imagination!&quot;}\" data-sheets-userformat=\"{&quot;2&quot;:33567489,&quot;3&quot;:{&quot;1&quot;:0},&quot;11&quot;:3,&quot;12&quot;:0,&quot;15&quot;:&quot;Century Gothic&quot;,&quot;16&quot;:10,&quot;28&quot;:1}\"><strong><span dir=\"auto\">D\u1ec5 d\u00e0ng t\u00e1n \u0111\u1ec1u<\/span><\/strong><span dir=\"auto\">\u00a0: T\u1ea1o hi\u1ec7u \u1ee9ng r\u1ea1ng r\u1ee1 t\u1ef1 nhi\u00ean, \u0111i\u1ec3m xuy\u1ebft th\u00eam nh\u1eefng m\u1ea3ng m\u00e0u r\u1ef1c r\u1ee1 nh\u1edd kh\u1ea3 n\u0103ng t\u00e1n \u0111\u1ec1u m\u01b0\u1ee3t m\u00e0. Ph\u1ea5n m\u00e1 h\u1ed3ng m\u1ec1m m\u1ea1i nh\u01b0 nhung n\u00e0y ngay l\u1eadp t\u1ee9c t\u1ea1o n\u00ean l\u1edbp n\u1ec1n \u1eedng h\u1ed3ng t\u1ef1 nhi\u00ean, \u0111\u1eb9p m\u1eaft.<\/span><\/span><\/li>\n<li><span data-sheets-value=\"{&quot;1&quot;:2,&quot;2&quot;:&quot;Achieve color perfection with the help of this highly pigmented blush. Velvety-soft and buildable, this pressed powder blush is easy to layer on your skin for a gorgeous flush of color across the cheeks. Build it up from sheer to bold as it seamlessly blends for a flawless finish. Whether you\u2019re a makeup newbie or a social media veteran, you\u2019ll understand in an instant why this blush is considered a \u201cColor Icon\u201d.\\n\\nwet n wild starts as everyone\u2019s first and remains a lifelong destination for vibrant and accessible beauty. Delivering over 40 years of trend-forward and all-inclusive innovations, we are your trusted beauty expert that will keep you looking fabulous without ever betraying your budget. From the bold \u2018n\u2019 bright to the neutral \u2018n\u2019 nuanced, we set out to spoil you with options while setting the gold standard of achievability. So go ahead, get your feet wet with us again and go wild with your imagination!&quot;}\" data-sheets-userformat=\"{&quot;2&quot;:33567489,&quot;3&quot;:{&quot;1&quot;:0},&quot;11&quot;:3,&quot;12&quot;:0,&quot;15&quot;:&quot;Century Gothic&quot;,&quot;16&quot;:10,&quot;28&quot;:1}\"><strong><span dir=\"auto\">Hi\u1ec7u \u1ee9ng \u1eedng h\u1ed3ng<\/span><\/strong><span dir=\"auto\">\u00a0: Ph\u1ea5n m\u00e1 h\u1ed3ng d\u1ea1ng b\u1ed9t tuy\u1ec7t \u0111\u1eb9p n\u00e0y v\u1edbi c\u00e1c h\u1ea1t ph\u1ea5n m\u1ec1m m\u1ea1i h\u00f2a quy\u1ec7n ho\u00e0n h\u1ea3o v\u1edbi l\u00e0n da, mang l\u1ea1i v\u1ebb ngo\u00e0i m\u1ec1m m\u1ea1i, m\u1ecbn m\u00e0ng v\u00e0 t\u01b0\u01a1i t\u1eafn.<\/span><\/span><\/li>\n<li><span data-sheets-value=\"{&quot;1&quot;:2,&quot;2&quot;:&quot;Achieve color perfection with the help of this highly pigmented blush. Velvety-soft and buildable, this pressed powder blush is easy to layer on your skin for a gorgeous flush of color across the cheeks. Build it up from sheer to bold as it seamlessly blends for a flawless finish. Whether you\u2019re a makeup newbie or a social media veteran, you\u2019ll understand in an instant why this blush is considered a \u201cColor Icon\u201d.\\n\\nwet n wild starts as everyone\u2019s first and remains a lifelong destination for vibrant and accessible beauty. Delivering over 40 years of trend-forward and all-inclusive innovations, we are your trusted beauty expert that will keep you looking fabulous without ever betraying your budget. From the bold \u2018n\u2019 bright to the neutral \u2018n\u2019 nuanced, we set out to spoil you with options while setting the gold standard of achievability. So go ahead, get your feet wet with us again and go wild with your imagination!&quot;}\" data-sheets-userformat=\"{&quot;2&quot;:33567489,&quot;3&quot;:{&quot;1&quot;:0},&quot;11&quot;:3,&quot;12&quot;:0,&quot;15&quot;:&quot;Century Gothic&quot;,&quot;16&quot;:10,&quot;28&quot;:1}\"><strong><span dir=\"auto\">M\u00e0u s\u1eafc c\u00f3 th\u1ec3 t\u00f9y ch\u1ec9nh<\/span><\/strong><span dir=\"auto\">\u00a0: B\u1eaft \u0111\u1ea7u t\u1eeb t\u00f4ng m\u00e0u nh\u1ea1t v\u00e0 t\u0103ng d\u1ea7n l\u00ean m\u00e0u \u0111\u1eadm h\u01a1n \u0111\u1ec3 t\u1ea1o ra b\u1ea5t k\u1ef3 phong c\u00e1ch n\u00e0o b\u1ea1n mu\u1ed1n.<\/span><\/span><\/li>\n<li><span data-sheets-value=\"{&quot;1&quot;:2,&quot;2&quot;:&quot;Achieve color perfection with the help of this highly pigmented blush. Velvety-soft and buildable, this pressed powder blush is easy to layer on your skin for a gorgeous flush of color across the cheeks. Build it up from sheer to bold as it seamlessly blends for a flawless finish. Whether you\u2019re a makeup newbie or a social media veteran, you\u2019ll understand in an instant why this blush is considered a \u201cColor Icon\u201d.\\n\\nwet n wild starts as everyone\u2019s first and remains a lifelong destination for vibrant and accessible beauty. Delivering over 40 years of trend-forward and all-inclusive innovations, we are your trusted beauty expert that will keep you looking fabulous without ever betraying your budget. From the bold \u2018n\u2019 bright to the neutral \u2018n\u2019 nuanced, we set out to spoil you with options while setting the gold standard of achievability. So go ahead, get your feet wet with us again and go wild with your imagination!&quot;}\" data-sheets-userformat=\"{&quot;2&quot;:33567489,&quot;3&quot;:{&quot;1&quot;:0},&quot;11&quot;:3,&quot;12&quot;:0,&quot;15&quot;:&quot;Century Gothic&quot;,&quot;16&quot;:10,&quot;28&quot;:1}\"><strong><span dir=\"auto\">M\u1ecbn m\u00e0ng sang tr\u1ecdng<\/span><\/strong><span dir=\"auto\">\u00a0: Ph\u1ea5n m\u00e1 h\u1ed3ng n\u00e0y c\u00f3 k\u1ebft c\u1ea5u m\u1ecbn m\u00e0ng, m\u01b0\u1ee3t m\u00e0, d\u1ec5 thoa v\u00e0 mang l\u1ea1i c\u1ea3m gi\u00e1c tuy\u1ec7t v\u1eddi.<\/span><\/span><\/li>\n<li><span data-sheets-value=\"{&quot;1&quot;:2,&quot;2&quot;:&quot;Achieve color perfection with the help of this highly pigmented blush. Velvety-soft and buildable, this pressed powder blush is easy to layer on your skin for a gorgeous flush of color across the cheeks. Build it up from sheer to bold as it seamlessly blends for a flawless finish. Whether you\u2019re a makeup newbie or a social media veteran, you\u2019ll understand in an instant why this blush is considered a \u201cColor Icon\u201d.\\n\\nwet n wild starts as everyone\u2019s first and remains a lifelong destination for vibrant and accessible beauty. Delivering over 40 years of trend-forward and all-inclusive innovations, we are your trusted beauty expert that will keep you looking fabulous without ever betraying your budget. From the bold \u2018n\u2019 bright to the neutral \u2018n\u2019 nuanced, we set out to spoil you with options while setting the gold standard of achievability. So go ahead, get your feet wet with us again and go wild with your imagination!&quot;}\" data-sheets-userformat=\"{&quot;2&quot;:33567489,&quot;3&quot;:{&quot;1&quot;:0},&quot;11&quot;:3,&quot;12&quot;:0,&quot;15&quot;:&quot;Century Gothic&quot;,&quot;16&quot;:10,&quot;28&quot;:1}\"><strong><span dir=\"auto\">Kh\u00f4ng th\u1eed nghi\u1ec7m tr\u00ean \u0111\u1ed9ng v\u1eadt<\/span><\/strong><span dir=\"auto\">\u00a0: c\u00e1c s\u1ea3n ph\u1ea9m trang \u0111i\u1ec3m wet n wild kh\u00f4ng bao gi\u1edd th\u1eed nghi\u1ec7m tr\u00ean \u0111\u1ed9ng v\u1eadt v\u00e0 lu\u00f4n kh\u00f4ng th\u1eed nghi\u1ec7m tr\u00ean \u0111\u1ed9ng v\u1eadt.<\/span><\/span><\/li>\n<\/ul>\n<p><span data-sheets-value=\"{&quot;1&quot;:2,&quot;2&quot;:&quot;Achieve color perfection with the help of this highly pigmented blush. Velvety-soft and buildable, this pressed powder blush is easy to layer on your skin for a gorgeous flush of color across the cheeks. Build it up from sheer to bold as it seamlessly blends for a flawless finish. Whether you\u2019re a makeup newbie or a social media veteran, you\u2019ll understand in an instant why this blush is considered a \u201cColor Icon\u201d.\\n\\nwet n wild starts as everyone\u2019s first and remains a lifelong destination for vibrant and accessible beauty. Delivering over 40 years of trend-forward and all-inclusive innovations, we are your trusted beauty expert that will keep you looking fabulous without ever betraying your budget. From the bold \u2018n\u2019 bright to the neutral \u2018n\u2019 nuanced, we set out to spoil you with options while setting the gold standard of achievability. So go ahead, get your feet wet with us again and go wild with your imagination!&quot;}\" data-sheets-userformat=\"{&quot;2&quot;:33567489,&quot;3&quot;:{&quot;1&quot;:0},&quot;11&quot;:3,&quot;12&quot;:0,&quot;15&quot;:&quot;Century Gothic&quot;,&quot;16&quot;:10,&quot;28&quot;:1}\"><span dir=\"auto\">Wet n Wild kh\u1edfi \u0111\u1ea7u l\u00e0 \u0111i\u1ec3m \u0111\u1ebfn \u0111\u1ea7u ti\u00ean c\u1ee7a m\u1ecdi ng\u01b0\u1eddi v\u00e0 v\u1eabn lu\u00f4n l\u00e0 \u0111i\u1ec3m \u0111\u1ebfn tr\u1ecdn \u0111\u1eddi cho v\u1ebb \u0111\u1eb9p r\u1ea1ng r\u1ee1 v\u00e0 d\u1ec5 ti\u1ebfp c\u1eadn. V\u1edbi h\u01a1n 40 n\u0103m kinh nghi\u1ec7m ti\u00ean phong v\u00e0 \u0111\u1ed5i m\u1edbi to\u00e0n di\u1ec7n, ch\u00fang t\u00f4i l\u00e0 chuy\u00ean gia l\u00e0m \u0111\u1eb9p \u0111\u00e1ng tin c\u1eady, gi\u00fap b\u1ea1n lu\u00f4n xinh \u0111\u1eb9p m\u00e0 kh\u00f4ng v\u01b0\u1ee3t qu\u00e1 ng\u00e2n s\u00e1ch. T\u1eeb nh\u1eefng gam m\u00e0u t\u00e1o b\u1ea1o v\u00e0 r\u1ef1c r\u1ee1 \u0111\u1ebfn nh\u1eefng gam m\u00e0u trung t\u00ednh v\u00e0 tinh t\u1ebf, ch\u00fang t\u00f4i mang \u0111\u1ebfn cho b\u1ea1n v\u00f4 v\u00e0n l\u1ef1a ch\u1ecdn, \u0111\u1ed3ng th\u1eddi \u0111\u1eb7t ra ti\u00eau chu\u1ea9n v\u00e0ng v\u1ec1 t\u00ednh kh\u1ea3 thi. V\u1eady n\u00ean, h\u00e3y c\u00f9ng ch\u00fang t\u00f4i tr\u1ea3i nghi\u1ec7m v\u00e0 th\u1ecfa s\u1ee9c s\u00e1ng t\u1ea1o!<\/span><\/span><\/p>","protected":false},"excerpt":{"rendered":"<div><\/div>\n<div class=\"sku product-detail__gap-sm\"><strong><span dir=\"auto\">M\u00e3 s\u1ea3n ph\u1ea9m:\u00a0<\/span><span class=\"sku__value\"><span dir=\"auto\">1115484E<\/span><\/span><\/strong><\/div>\n<div><\/div>\n<div><strong>M\u00e0u s\u1eafc:<\/strong> Bed of Roses<\/p>\n<p>Ph\u1ea5n m\u00e1 h\u1ed3ng d\u1ea1ng n\u00e9n n\u00e0y s\u1ebd mang \u0111\u1ebfn cho b\u1ea1n m\u00e0u s\u1eafc ho\u00e0n h\u1ea3o v\u1edbi \u0111\u1ed9 l\u00ean m\u00e0u cao. M\u1ec1m m\u1ea1i nh\u01b0 nhung v\u00e0 d\u1ec5 t\u00e1n, ph\u1ea5n m\u00e1 h\u1ed3ng d\u1ea1ng n\u00e9n n\u00e0y d\u1ec5 d\u00e0ng thoa \u0111\u1ec1u l\u00ean da, cho b\u1ea1n m\u1ed9t \u0111\u00f4i m\u00e1 \u1eedng h\u1ed3ng r\u1ea1ng r\u1ee1. Ph\u1ea5n m\u00e1 h\u1ed3ng d\u1ec5 d\u00e0ng t\u00e1n \u0111\u1ec1u t\u1eeb t\u00f4ng trong su\u1ed1t \u0111\u1ebfn \u0111\u1eadm n\u00e9t, cho b\u1ea1n l\u1edbp n\u1ec1n ho\u00e0n h\u1ea3o kh\u00f4ng t\u00ec v\u1ebft. D\u00f9 b\u1ea1n l\u00e0 ng\u01b0\u1eddi m\u1edbi t\u1eadp t\u00e0nh trang \u0111i\u1ec3m hay \u0111\u00e3 l\u00e0 m\u1ed9t &#8220;k\u1ef3 c\u1ef1u&#8221; tr\u00ean m\u1ea1ng x\u00e3 h\u1ed9i, b\u1ea1n s\u1ebd hi\u1ec3u ngay t\u1ea1i sao ph\u1ea5n m\u00e1 h\u1ed3ng n\u00e0y l\u1ea1i \u0111\u01b0\u1ee3c m\u1ec7nh danh l\u00e0 &#8220;Bi\u1ec3u t\u01b0\u1ee3ng S\u1eafc m\u00e0u&#8221;.<\/p><\/div>\n<div class=\"product-area__rich-text-block product-detail__gap-sm rte\">\n<p>&nbsp;<\/p>\n<p><img loading=\"lazy\" decoding=\"async\" class=\"alignnone size-full wp-image-1707\" src=\"https:\/\/tthpharma.com\/wp-content\/uploads\/2025\/08\/Vector-Smart-Object-02_150x.webp\" alt=\"\" width=\"104\" height=\"105\" srcset=\"https:\/\/tthpharma.com\/wp-content\/uploads\/2025\/08\/Vector-Smart-Object-02_150x.webp 104w, https:\/\/tthpharma.com\/wp-content\/uploads\/2025\/08\/Vector-Smart-Object-02_150x-12x12.webp 12w, https:\/\/tthpharma.com\/wp-content\/uploads\/2025\/08\/Vector-Smart-Object-02_150x-100x100.webp 100w\" sizes=\"(max-width: 104px) 100vw, 104px\" \/> <img loading=\"lazy\" decoding=\"async\" class=\"alignnone size-full wp-image-1706\" src=\"https:\/\/tthpharma.com\/wp-content\/uploads\/2025\/08\/Vector-Smart-Object-01_150x.webp\" alt=\"\" width=\"104\" height=\"105\" srcset=\"https:\/\/tthpharma.com\/wp-content\/uploads\/2025\/08\/Vector-Smart-Object-01_150x.webp 104w, https:\/\/tthpharma.com\/wp-content\/uploads\/2025\/08\/Vector-Smart-Object-01_150x-12x12.webp 12w, https:\/\/tthpharma.com\/wp-content\/uploads\/2025\/08\/Vector-Smart-Object-01_150x-100x100.webp 100w\" sizes=\"(max-width: 104px) 100vw, 104px\" \/> <img loading=\"lazy\" decoding=\"async\" class=\"alignnone size-full wp-image-1708\" src=\"https:\/\/tthpharma.com\/wp-content\/uploads\/2025\/08\/Vector-Smart-Object-10_150x.webp\" alt=\"\" width=\"104\" height=\"105\" srcset=\"https:\/\/tthpharma.com\/wp-content\/uploads\/2025\/08\/Vector-Smart-Object-10_150x.webp 104w, https:\/\/tthpharma.com\/wp-content\/uploads\/2025\/08\/Vector-Smart-Object-10_150x-12x12.webp 12w, https:\/\/tthpharma.com\/wp-content\/uploads\/2025\/08\/Vector-Smart-Object-10_150x-100x100.webp 100w\" sizes=\"(max-width: 104px) 100vw, 104px\" \/> <img loading=\"lazy\" decoding=\"async\" class=\"alignnone size-full wp-image-1705\" src=\"https:\/\/tthpharma.com\/wp-content\/uploads\/2025\/08\/Vector-Smart-Object_150x.webp\" alt=\"\" width=\"104\" height=\"105\" srcset=\"https:\/\/tthpharma.com\/wp-content\/uploads\/2025\/08\/Vector-Smart-Object_150x.webp 104w, https:\/\/tthpharma.com\/wp-content\/uploads\/2025\/08\/Vector-Smart-Object_150x-12x12.webp 12w, https:\/\/tthpharma.com\/wp-content\/uploads\/2025\/08\/Vector-Smart-Object_150x-100x100.webp 100w\" sizes=\"(max-width: 104px) 100vw, 104px\" \/> <img loading=\"lazy\" decoding=\"async\" class=\"alignnone  wp-image-1727\" src=\"https:\/\/tthpharma.com\/wp-content\/uploads\/2025\/08\/360_F_589817083_iq2jX8gYocWYhe0gtdL1mPNJzN3C3KkM-300x300.jpg\" alt=\"\" width=\"107\" height=\"107\" srcset=\"https:\/\/tthpharma.com\/wp-content\/uploads\/2025\/08\/360_F_589817083_iq2jX8gYocWYhe0gtdL1mPNJzN3C3KkM-300x300.jpg 300w, https:\/\/tthpharma.com\/wp-content\/uploads\/2025\/08\/360_F_589817083_iq2jX8gYocWYhe0gtdL1mPNJzN3C3KkM-150x150.jpg 150w, https:\/\/tthpharma.com\/wp-content\/uploads\/2025\/08\/360_F_589817083_iq2jX8gYocWYhe0gtdL1mPNJzN3C3KkM-12x12.jpg 12w, https:\/\/tthpharma.com\/wp-content\/uploads\/2025\/08\/360_F_589817083_iq2jX8gYocWYhe0gtdL1mPNJzN3C3KkM-100x100.jpg 100w, https:\/\/tthpharma.com\/wp-content\/uploads\/2025\/08\/360_F_589817083_iq2jX8gYocWYhe0gtdL1mPNJzN3C3KkM.jpg 360w\" sizes=\"(max-width: 107px) 100vw, 107px\" \/><\/p>\n<\/div>","protected":false},"featured_media":1709,"comment_status":"open","ping_status":"closed","template":"","meta":[],"product_cat":[62,63],"product_tag":[],"acf":[],"_links":{"self":[{"href":"https:\/\/tthpharma.com\/en\/wp-json\/wp\/v2\/product\/1704"}],"collection":[{"href":"https:\/\/tthpharma.com\/en\/wp-json\/wp\/v2\/product"}],"about":[{"href":"https:\/\/tthpharma.com\/en\/wp-json\/wp\/v2\/types\/product"}],"replies":[{"embeddable":true,"href":"https:\/\/tthpharma.com\/en\/wp-json\/wp\/v2\/comments?post=1704"}],"wp:featuredmedia":[{"embeddable":true,"href":"https:\/\/tthpharma.com\/en\/wp-json\/wp\/v2\/media\/1709"}],"wp:attachment":[{"href":"https:\/\/tthpharma.com\/en\/wp-json\/wp\/v2\/media?parent=1704"}],"wp:term":[{"taxonomy":"product_cat","embeddable":true,"href":"https:\/\/tthpharma.com\/en\/wp-json\/wp\/v2\/product_cat?post=1704"},{"taxonomy":"product_tag","embeddable":true,"href":"https:\/\/tthpharma.com\/en\/wp-json\/wp\/v2\/product_tag?post=1704"}],"curies":[{"name":"wp","href":"https:\/\/api.w.org\/{rel}","templated":true}]}}