{"id":1697,"date":"2025-08-18T17:06:15","date_gmt":"2025-08-18T10:06:15","guid":{"rendered":"https:\/\/tthpharma.com\/?post_type=product&#038;p=1697"},"modified":"2025-08-19T13:39:42","modified_gmt":"2025-08-19T06:39:42","slug":"phan-phu-bare-focus-clarifying-finishing-powder-mau-translucent","status":"publish","type":"product","link":"https:\/\/tthpharma.com\/en\/product\/phan-phu-bare-focus-clarifying-finishing-powder-mau-translucent\/","title":{"rendered":"Wet N Wild Bare Focus Clarifying Finishing Powder - Translucent"},"content":{"rendered":"<p><span dir=\"auto\">Ph\u1ea5n ph\u1ee7 Bare Focus Clarifying Finishing Powder c\u1ee7a Wet n Wild mang \u0111\u1ebfn v\u1ebb ngo\u00e0i r\u1ea1ng r\u1ee1, b\u00f3ng b\u1ea9y. \u0110\u01b0\u1ee3c b\u00e0o ch\u1ebf t\u1ec9 m\u1ec9 v\u1edbi h\u1ed7n h\u1ee3p vitamin v\u00e0 chi\u1ebft xu\u1ea5t ph\u1ee5c h\u1ed3i, lo\u1ea1i ph\u1ea5n ph\u1ee7 n\u00e0y ph\u00f9 h\u1ee3p v\u1edbi m\u1ecdi lo\u1ea1i da, gi\u00fap l\u1edbp trang \u0111i\u1ec3m lu\u00f4n t\u01b0\u01a1i t\u1eafn, \u0111\u1ed3ng th\u1eddi mang l\u1ea1i l\u00e0n da t\u01b0\u01a1i t\u1eafn h\u01a1n. Ch\u1ec9 c\u1ea7n thoa ph\u1ea5n l\u00ean v\u00e0 t\u1eadn h\u01b0\u1edfng v\u1ebb ngo\u00e0i ho\u00e0n h\u1ea3o v\u1edbi l\u1edbp n\u1ec1n l\u00ec tuy\u1ec7t \u0111\u1eb9p.<\/span><\/p>\n<p>&nbsp;<\/p>\n<ul>\n<li><strong><span dir=\"auto\">Ph\u1ea5n ph\u1ee7 l\u00ec che ph\u1ee7 nh\u1eb9<\/span><\/strong><span dir=\"auto\">\u00a0: Ho\u00e0n thi\u1ec7n v\u1ebb ngo\u00e0i c\u1ee7a b\u1ea1n v\u1edbi l\u1edbp n\u1ec1n l\u00ec v\u1edbi ph\u1ea5n ph\u1ee7 l\u00ec che ph\u1ee7 nh\u1eb9 n\u00e0y.<\/span><\/li>\n<li><strong><span dir=\"auto\">L\u00e0m s\u00e1ng v\u00e0 tinh ch\u1ec9nh<\/span><\/strong><span dir=\"auto\">\u00a0: C\u00e1c th\u00e0nh ph\u1ea7n nh\u01b0 Chi\u1ebft xu\u1ea5t c\u00e2y tr\u00e0 v\u00e0 c\u00e2y ph\u1ec9 gi\u00fap l\u00e0m s\u00e1ng da \u0111\u1ed3ng th\u1eddi gi\u1ea3m m\u1ea9n \u0111\u1ecf v\u00e0 l\u1ed7 ch\u00e2n l\u00f4ng to, gi\u00fap da m\u1eb7t b\u1ea1n t\u01b0\u01a1i t\u1eafn v\u00e0 s\u0103n ch\u1eafc.<\/span><\/li>\n<li><strong><span dir=\"auto\">Th\u00e0nh ph\u1ea7n t\u1ed1t cho da<\/span><\/strong><span dir=\"auto\">\u00a0: \u0110\u01b0\u1ee3c t\u1ea1o th\u00e0nh t\u1eeb h\u1ed7n h\u1ee3p d\u01b0\u1ee1ng ch\u1ea5t l\u00e0m d\u1ecbu nh\u01b0 Chi\u1ebft xu\u1ea5t hoa c\u00fac, H\u1eafc mai bi\u1ec3n, Y\u1ebfn m\u1ea1ch, Collagen th\u1ef1c v\u1eadt, D\u1ea7u khuynh di\u1ec7p v\u00e0 Vitamin E, lo\u1ea1i ph\u1ea5n ph\u1ee7 n\u00e0y gi\u00fap l\u00e0m m\u1ec1m v\u00e0 d\u01b0\u1ee1ng \u1ea9m cho da, \u0111\u1ed3ng th\u1eddi gi\u00fap da ng\u1eadm n\u01b0\u1edbc h\u01a1n, tr\u00f4ng c\u0103ng m\u1ecdng v\u00e0 \u0111\u00e0n h\u1ed3i h\u01a1n.<\/span><\/li>\n<li><strong><span dir=\"auto\">D\u00e0nh cho m\u1ecdi lo\u1ea1i da<\/span><\/strong><span dir=\"auto\">\u00a0: Cho d\u00f9 b\u1ea1n c\u00f3 l\u00e0n da kh\u00f4, da d\u1ea7u hay da h\u1ed7n h\u1ee3p, lo\u1ea1i ph\u1ea5n ph\u1ee7 n\u00e0y \u0111\u1ec1u c\u00f3 t\u00e1c d\u1ee5ng tuy\u1ec7t v\u1eddi tr\u00ean m\u1ecdi lo\u1ea1i da.<\/span><\/li>\n<li><strong><span dir=\"auto\">Kh\u00f4ng th\u1eed nghi\u1ec7m tr\u00ean \u0111\u1ed9ng v\u1eadt v\u00e0 thu\u1ea7n chay<\/span><\/strong><span dir=\"auto\">\u00a0: c\u00e1c s\u1ea3n ph\u1ea9m trang \u0111i\u1ec3m wet n wild kh\u00f4ng bao gi\u1edd th\u1eed nghi\u1ec7m tr\u00ean \u0111\u1ed9ng v\u1eadt v\u00e0 lu\u00f4n kh\u00f4ng th\u1eed nghi\u1ec7m tr\u00ean \u0111\u1ed9ng v\u1eadt.<\/span><\/li>\n<\/ul>","protected":false},"excerpt":{"rendered":"<div><\/div>\n<div class=\"sku product-detail__gap-sm\"><strong><span dir=\"auto\">M\u00e3 s\u1ea3n ph\u1ea9m:\u00a0<\/span><span class=\"sku__value\"><span dir=\"auto\">1114478E<\/span><\/span><\/strong><\/div>\n<div><\/div>\n<div><strong>M\u00e0u s\u1eafc:<\/strong> Translucent ( Trong su\u1ed1t )<\/p>\n<\/div>\n<div>Ph\u1ea5n ph\u1ee7 Bare Focus Clarifying Finishing Powder c\u1ee7a Wet n Wild mang \u0111\u1ebfn v\u1ebb ngo\u00e0i r\u1ea1ng r\u1ee1, b\u00f3ng b\u1ea9y. \u0110\u01b0\u1ee3c b\u00e0o ch\u1ebf t\u1ec9 m\u1ec9 v\u1edbi h\u1ed7n h\u1ee3p vitamin v\u00e0 chi\u1ebft xu\u1ea5t ph\u1ee5c h\u1ed3i, lo\u1ea1i ph\u1ea5n ph\u1ee7 n\u00e0y ph\u00f9 h\u1ee3p v\u1edbi m\u1ecdi lo\u1ea1i da, gi\u00fap l\u1edbp trang \u0111i\u1ec3m lu\u00f4n t\u01b0\u01a1i t\u1eafn, \u0111\u1ed3ng th\u1eddi mang l\u1ea1i l\u00e0n da t\u01b0\u01a1i t\u1eafn h\u01a1n. Ch\u1ec9 c\u1ea7n thoa ph\u1ea5n l\u00ean v\u00e0 t\u1eadn h\u01b0\u1edfng v\u1ebb ngo\u00e0i ho\u00e0n h\u1ea3o v\u1edbi l\u1edbp n\u1ec1n l\u00ec tuy\u1ec7t \u0111\u1eb9p.<\/div>\n<div><\/div>\n<div><img loading=\"lazy\" decoding=\"async\" class=\"alignnone size-full wp-image-1707\" src=\"https:\/\/tthpharma.com\/wp-content\/uploads\/2025\/08\/Vector-Smart-Object-02_150x.webp\" alt=\"\" width=\"104\" height=\"105\" srcset=\"https:\/\/tthpharma.com\/wp-content\/uploads\/2025\/08\/Vector-Smart-Object-02_150x.webp 104w, https:\/\/tthpharma.com\/wp-content\/uploads\/2025\/08\/Vector-Smart-Object-02_150x-12x12.webp 12w, https:\/\/tthpharma.com\/wp-content\/uploads\/2025\/08\/Vector-Smart-Object-02_150x-100x100.webp 100w\" sizes=\"(max-width: 104px) 100vw, 104px\" \/> <img loading=\"lazy\" decoding=\"async\" class=\"alignnone size-full wp-image-1708\" src=\"https:\/\/tthpharma.com\/wp-content\/uploads\/2025\/08\/Vector-Smart-Object-10_150x.webp\" alt=\"\" width=\"104\" height=\"105\" srcset=\"https:\/\/tthpharma.com\/wp-content\/uploads\/2025\/08\/Vector-Smart-Object-10_150x.webp 104w, https:\/\/tthpharma.com\/wp-content\/uploads\/2025\/08\/Vector-Smart-Object-10_150x-12x12.webp 12w, https:\/\/tthpharma.com\/wp-content\/uploads\/2025\/08\/Vector-Smart-Object-10_150x-100x100.webp 100w\" sizes=\"(max-width: 104px) 100vw, 104px\" \/> <img loading=\"lazy\" decoding=\"async\" class=\"alignnone size-full wp-image-1706\" src=\"https:\/\/tthpharma.com\/wp-content\/uploads\/2025\/08\/Vector-Smart-Object-01_150x.webp\" alt=\"\" width=\"104\" height=\"105\" srcset=\"https:\/\/tthpharma.com\/wp-content\/uploads\/2025\/08\/Vector-Smart-Object-01_150x.webp 104w, https:\/\/tthpharma.com\/wp-content\/uploads\/2025\/08\/Vector-Smart-Object-01_150x-12x12.webp 12w, https:\/\/tthpharma.com\/wp-content\/uploads\/2025\/08\/Vector-Smart-Object-01_150x-100x100.webp 100w\" sizes=\"(max-width: 104px) 100vw, 104px\" \/> <img loading=\"lazy\" decoding=\"async\" class=\"alignnone size-full wp-image-1705\" src=\"https:\/\/tthpharma.com\/wp-content\/uploads\/2025\/08\/Vector-Smart-Object_150x.webp\" alt=\"\" width=\"104\" height=\"105\" srcset=\"https:\/\/tthpharma.com\/wp-content\/uploads\/2025\/08\/Vector-Smart-Object_150x.webp 104w, https:\/\/tthpharma.com\/wp-content\/uploads\/2025\/08\/Vector-Smart-Object_150x-12x12.webp 12w, https:\/\/tthpharma.com\/wp-content\/uploads\/2025\/08\/Vector-Smart-Object_150x-100x100.webp 100w\" sizes=\"(max-width: 104px) 100vw, 104px\" \/><\/div>","protected":false},"featured_media":1698,"comment_status":"open","ping_status":"closed","template":"","meta":[],"product_cat":[62,63],"product_tag":[],"acf":[],"_links":{"self":[{"href":"https:\/\/tthpharma.com\/en\/wp-json\/wp\/v2\/product\/1697"}],"collection":[{"href":"https:\/\/tthpharma.com\/en\/wp-json\/wp\/v2\/product"}],"about":[{"href":"https:\/\/tthpharma.com\/en\/wp-json\/wp\/v2\/types\/product"}],"replies":[{"embeddable":true,"href":"https:\/\/tthpharma.com\/en\/wp-json\/wp\/v2\/comments?post=1697"}],"wp:featuredmedia":[{"embeddable":true,"href":"https:\/\/tthpharma.com\/en\/wp-json\/wp\/v2\/media\/1698"}],"wp:attachment":[{"href":"https:\/\/tthpharma.com\/en\/wp-json\/wp\/v2\/media?parent=1697"}],"wp:term":[{"taxonomy":"product_cat","embeddable":true,"href":"https:\/\/tthpharma.com\/en\/wp-json\/wp\/v2\/product_cat?post=1697"},{"taxonomy":"product_tag","embeddable":true,"href":"https:\/\/tthpharma.com\/en\/wp-json\/wp\/v2\/product_tag?post=1697"}],"curies":[{"name":"wp","href":"https:\/\/api.w.org\/{rel}","templated":true}]}}