{"id":1671,"date":"2025-08-17T17:15:58","date_gmt":"2025-08-17T10:15:58","guid":{"rendered":"https:\/\/tthpharma.com\/?post_type=product&#038;p=1671"},"modified":"2025-09-11T11:30:47","modified_gmt":"2025-09-11T04:30:47","slug":"phan-phu-dang-bot-photo-focus-loose-powder-transluent","status":"publish","type":"product","link":"https:\/\/tthpharma.com\/en\/product\/phan-phu-dang-bot-photo-focus-loose-powder-transluent\/","title":{"rendered":"Wet N Wild Photo Focus Loose Setting Powder - Transluent"},"content":{"rendered":"<div class=\"product-area__rich-text-block product-detail__gap-sm rte\">\n<p><span dir=\"auto\">Ch\u00fang t\u00f4i g\u1ecdi c\u00f4 \u1ea5y l\u00e0 &#8220;th\u1ee3 \u0111a n\u0103ng&#8221;. Ph\u1ea5n ph\u1ee7 d\u1ea1ng b\u1ed9t Photo Focus Loose Setting Powder, m\u1ed9t lo\u1ea1i ph\u1ea5n ph\u1ee7 m\u1ecfng nh\u1eb9 nh\u01b0 l\u1ee5a, c\u00f3 th\u1ec3 d\u00f9ng \u0111\u1ec3 c\u1ed1 \u0111\u1ecbnh, l\u00e0m m\u1edd, th\u1ea5m d\u1ea7u ho\u1eb7c t\u1ea1o kh\u1ed1i. Ho\u00e0n thi\u1ec7n l\u1edbp n\u1ec1n v\u1edbi ph\u1ea5n ph\u1ee7 c\u1ee7a ch\u00fang t\u00f4i \u0111\u1ec3 t\u1ea1o hi\u1ec7u \u1ee9ng m\u1ec1m m\u1ecbn v\u00e0 l\u00e0m m\u1edd c\u00e1c n\u1ebfp nh\u0103n v\u00e0 khuy\u1ebft \u0111i\u1ec3m m\u1ed9t c\u00e1ch tinh t\u1ebf.<\/span><\/p>\n<p>&nbsp;<\/p>\n<p><span dir=\"auto\">C\u00f3 s\u1eb5n m\u00e0u: Translucent &#8211; th\u00edch h\u1ee3p cho t\u00f4ng da s\u00e1ng \u0111\u1ebfn trung b\u00ecnh v\u00e0 r\u00e1m n\u1eafng; <\/span><span dir=\"auto\">Banana &#8211; ph\u00f9 h\u1ee3p v\u1edbi m\u1ecdi t\u00f4ng da<\/span><\/p>\n<\/div>","protected":false},"excerpt":{"rendered":"<div><\/div>\n<div class=\"sku product-detail__gap-sm\"><strong><span dir=\"auto\">M\u00e3 s\u1ea3n ph\u1ea9m: E<\/span><span class=\"sku__value\"><span dir=\"auto\">520B<\/span><\/span><\/strong><\/div>\n<div class=\"product-area__rich-text-block product-detail__gap-sm rte\">\n<p><span dir=\"auto\">M\u00e0u s\u1eafc: Transluent ( Trong su\u1ed1t )<\/span><\/p>\n<p>Ch\u00fang t\u00f4i g\u1ecdi c\u00f4 \u1ea5y l\u00e0 &#8220;th\u1ee3 \u0111a n\u0103ng&#8221;. Ph\u1ea5n ph\u1ee7 d\u1ea1ng b\u1ed9t Photo Focus Loose Setting Powder, m\u1ed9t lo\u1ea1i ph\u1ea5n ph\u1ee7 m\u1ecfng nh\u1eb9 nh\u01b0 l\u1ee5a, c\u00f3 th\u1ec3 d\u00f9ng \u0111\u1ec3 c\u1ed1 \u0111\u1ecbnh, l\u00e0m m\u1edd, th\u1ea5m d\u1ea7u ho\u1eb7c t\u1ea1o kh\u1ed1i. Ho\u00e0n thi\u1ec7n l\u1edbp n\u1ec1n v\u1edbi ph\u1ea5n ph\u1ee7 c\u1ee7a ch\u00fang t\u00f4i \u0111\u1ec3 t\u1ea1o hi\u1ec7u \u1ee9ng m\u1ec1m m\u1ecbn v\u00e0 l\u00e0m m\u1edd c\u00e1c n\u1ebfp nh\u0103n v\u00e0 khuy\u1ebft \u0111i\u1ec3m m\u1ed9t c\u00e1ch tinh t\u1ebf.<\/p>\n<p><span dir=\"auto\">C\u00f3 s\u1eb5n m\u00e0u Translucent &#8211; th\u00edch h\u1ee3p cho t\u00f4ng da s\u00e1ng \u0111\u1ebfn trung b\u00ecnh v\u00e0 r\u00e1m n\u1eafng; <\/span><span dir=\"auto\">Banana &#8211; ph\u00f9 h\u1ee3p v\u1edbi m\u1ecdi t\u00f4ng da.<\/span><\/p>\n<p>&nbsp;<\/p>\n<p><img loading=\"lazy\" decoding=\"async\" class=\"alignnone size-full wp-image-1707\" src=\"https:\/\/tthpharma.com\/wp-content\/uploads\/2025\/08\/Vector-Smart-Object-02_150x.webp\" alt=\"\" width=\"104\" height=\"105\" srcset=\"https:\/\/tthpharma.com\/wp-content\/uploads\/2025\/08\/Vector-Smart-Object-02_150x.webp 104w, https:\/\/tthpharma.com\/wp-content\/uploads\/2025\/08\/Vector-Smart-Object-02_150x-12x12.webp 12w, https:\/\/tthpharma.com\/wp-content\/uploads\/2025\/08\/Vector-Smart-Object-02_150x-100x100.webp 100w\" sizes=\"(max-width: 104px) 100vw, 104px\" \/>\u00a0<img loading=\"lazy\" decoding=\"async\" class=\"alignnone size-full wp-image-1708\" src=\"https:\/\/tthpharma.com\/wp-content\/uploads\/2025\/08\/Vector-Smart-Object-10_150x.webp\" alt=\"\" width=\"104\" height=\"105\" srcset=\"https:\/\/tthpharma.com\/wp-content\/uploads\/2025\/08\/Vector-Smart-Object-10_150x.webp 104w, https:\/\/tthpharma.com\/wp-content\/uploads\/2025\/08\/Vector-Smart-Object-10_150x-12x12.webp 12w, https:\/\/tthpharma.com\/wp-content\/uploads\/2025\/08\/Vector-Smart-Object-10_150x-100x100.webp 100w\" sizes=\"(max-width: 104px) 100vw, 104px\" \/> <img loading=\"lazy\" decoding=\"async\" class=\"alignnone wp-image-1727\" src=\"https:\/\/tthpharma.com\/wp-content\/uploads\/2025\/08\/360_F_589817083_iq2jX8gYocWYhe0gtdL1mPNJzN3C3KkM-300x300.jpg\" alt=\"\" width=\"105\" height=\"105\" srcset=\"https:\/\/tthpharma.com\/wp-content\/uploads\/2025\/08\/360_F_589817083_iq2jX8gYocWYhe0gtdL1mPNJzN3C3KkM-300x300.jpg 300w, https:\/\/tthpharma.com\/wp-content\/uploads\/2025\/08\/360_F_589817083_iq2jX8gYocWYhe0gtdL1mPNJzN3C3KkM-150x150.jpg 150w, https:\/\/tthpharma.com\/wp-content\/uploads\/2025\/08\/360_F_589817083_iq2jX8gYocWYhe0gtdL1mPNJzN3C3KkM-12x12.jpg 12w, https:\/\/tthpharma.com\/wp-content\/uploads\/2025\/08\/360_F_589817083_iq2jX8gYocWYhe0gtdL1mPNJzN3C3KkM-100x100.jpg 100w, https:\/\/tthpharma.com\/wp-content\/uploads\/2025\/08\/360_F_589817083_iq2jX8gYocWYhe0gtdL1mPNJzN3C3KkM.jpg 360w\" sizes=\"(max-width: 105px) 100vw, 105px\" \/><\/p>\n<\/div>","protected":false},"featured_media":2012,"comment_status":"open","ping_status":"closed","template":"","meta":[],"product_cat":[62,63],"product_tag":[],"acf":[],"_links":{"self":[{"href":"https:\/\/tthpharma.com\/en\/wp-json\/wp\/v2\/product\/1671"}],"collection":[{"href":"https:\/\/tthpharma.com\/en\/wp-json\/wp\/v2\/product"}],"about":[{"href":"https:\/\/tthpharma.com\/en\/wp-json\/wp\/v2\/types\/product"}],"replies":[{"embeddable":true,"href":"https:\/\/tthpharma.com\/en\/wp-json\/wp\/v2\/comments?post=1671"}],"wp:featuredmedia":[{"embeddable":true,"href":"https:\/\/tthpharma.com\/en\/wp-json\/wp\/v2\/media\/2012"}],"wp:attachment":[{"href":"https:\/\/tthpharma.com\/en\/wp-json\/wp\/v2\/media?parent=1671"}],"wp:term":[{"taxonomy":"product_cat","embeddable":true,"href":"https:\/\/tthpharma.com\/en\/wp-json\/wp\/v2\/product_cat?post=1671"},{"taxonomy":"product_tag","embeddable":true,"href":"https:\/\/tthpharma.com\/en\/wp-json\/wp\/v2\/product_tag?post=1671"}],"curies":[{"name":"wp","href":"https:\/\/api.w.org\/{rel}","templated":true}]}}