{"id":1645,"date":"2025-08-17T11:43:06","date_gmt":"2025-08-17T04:43:06","guid":{"rendered":"https:\/\/tthpharma.com\/?post_type=product&#038;p=1645"},"modified":"2025-08-19T13:24:58","modified_gmt":"2025-08-19T06:24:58","slug":"phan-phu-dang-bot-photo-focus-loose-setting-powder-hong-mem","status":"publish","type":"product","link":"https:\/\/tthpharma.com\/en\/product\/phan-phu-dang-bot-photo-focus-loose-setting-powder-hong-mem\/","title":{"rendered":"Wet N Wild Photo Focus Loose Setting Powder - Soft Pink"},"content":{"rendered":"<div class=\"product-area__rich-text-block product-detail__gap-sm rte\">\n<p><span dir=\"auto\">Ch\u00e0o m\u1eebng b\u1ea1n \u0111\u1ebfn v\u1edbi Ph\u1ea5n ph\u1ee7 d\u1ea1ng b\u1ed9t Photo Focus Loose Setting Powder, m\u00e0u s\u1eafc m\u1edbi nh\u1ea5t trong d\u00f2ng s\u1ea3n ph\u1ea9m s\u1ed1 1 c\u1ee7a ch\u00fang t\u00f4i ! C\u00f4ng th\u1ee9c m\u1ecfng nh\u1eb9, m\u01b0\u1ee3t m\u00e0 n\u00e0y gi\u00fap l\u1edbp trang \u0111i\u1ec3m c\u1ee7a b\u1ea1n t\u1ecfa s\u00e1ng v\u1edbi <strong>s\u1eafc h\u1ed3ng<\/strong> r\u1ea1ng r\u1ee1, t\u00f4n l\u00ean v\u1ebb r\u1ea1ng r\u1ee1 t\u1ef1 nhi\u00ean. D\u1ec5 d\u00e0ng t\u00e1n \u0111\u1ec1u, s\u1ea3n ph\u1ea9m l\u00e0m m\u1edd khuy\u1ebft \u0111i\u1ec3m, gi\u1ea3m thi\u1ec3u \u0111\u1ed9 b\u00f3ng nh\u1eddn v\u00e0 gi\u1eef cho l\u1edbp n\u1ec1n m\u1ecbn m\u00e0ng su\u1ed1t c\u1ea3 ng\u00e0y. T\u1ecfa s\u00e1ng r\u1ea1ng r\u1ee1, th\u1eadt l\u1ed9ng l\u1eaby !<\/span><\/p>\n<\/div>","protected":false},"excerpt":{"rendered":"<div class=\"sku product-detail__gap-sm\"><strong><span dir=\"auto\">M\u00e3 s\u1ea3n ph\u1ea9m:\u00a0<\/span><span class=\"sku__value\"><span dir=\"auto\">1116513E<\/span><\/span><\/strong><\/div>\n<div class=\"product-area__rich-text-block product-detail__gap-sm rte\">\n<p><span dir=\"auto\"><strong>M\u00e0u s\u1eafc:<\/strong> Soft Pink ( H\u1ed3ng nh\u1ea1t )<\/p>\n<p><\/span><span dir=\"auto\">Ch\u00e0o m\u1eebng b\u1ea1n \u0111\u1ebfn v\u1edbi Ph\u1ea5n ph\u1ee7 d\u1ea1ng b\u1ed9t Photo Focus Loose Setting Powder, m\u00e0u s\u1eafc m\u1edbi nh\u1ea5t trong d\u00f2ng s\u1ea3n ph\u1ea9m s\u1ed1 1 c\u1ee7a ch\u00fang t\u00f4i ! C\u00f4ng th\u1ee9c m\u1ecfng nh\u1eb9, m\u01b0\u1ee3t m\u00e0 n\u00e0y gi\u00fap l\u1edbp trang \u0111i\u1ec3m c\u1ee7a b\u1ea1n t\u1ecfa s\u00e1ng v\u1edbi s\u1eafc h\u1ed3ng r\u1ea1ng r\u1ee1, t\u00f4n l\u00ean v\u1ebb r\u1ea1ng r\u1ee1 t\u1ef1 nhi\u00ean. D\u1ec5 d\u00e0ng t\u00e1n \u0111\u1ec1u, s\u1ea3n ph\u1ea9m l\u00e0m m\u1edd khuy\u1ebft \u0111i\u1ec3m, gi\u1ea3m thi\u1ec3u \u0111\u1ed9 b\u00f3ng nh\u1eddn v\u00e0 gi\u1eef cho l\u1edbp n\u1ec1n m\u1ecbn m\u00e0ng su\u1ed1t c\u1ea3 ng\u00e0y. T\u1ecfa s\u00e1ng r\u1ea1ng r\u1ee1, th\u1eadt l\u1ed9ng l\u1eaby !<\/span><\/p>\n<p>&nbsp;<\/p>\n<p><img loading=\"lazy\" decoding=\"async\" class=\"alignnone size-full wp-image-1707\" src=\"https:\/\/tthpharma.com\/wp-content\/uploads\/2025\/08\/Vector-Smart-Object-02_150x.webp\" alt=\"\" width=\"104\" height=\"105\" srcset=\"https:\/\/tthpharma.com\/wp-content\/uploads\/2025\/08\/Vector-Smart-Object-02_150x.webp 104w, https:\/\/tthpharma.com\/wp-content\/uploads\/2025\/08\/Vector-Smart-Object-02_150x-12x12.webp 12w, https:\/\/tthpharma.com\/wp-content\/uploads\/2025\/08\/Vector-Smart-Object-02_150x-100x100.webp 100w\" sizes=\"(max-width: 104px) 100vw, 104px\" \/>\u00a0<img loading=\"lazy\" decoding=\"async\" class=\"alignnone size-full wp-image-1708\" src=\"https:\/\/tthpharma.com\/wp-content\/uploads\/2025\/08\/Vector-Smart-Object-10_150x.webp\" alt=\"\" width=\"104\" height=\"105\" srcset=\"https:\/\/tthpharma.com\/wp-content\/uploads\/2025\/08\/Vector-Smart-Object-10_150x.webp 104w, https:\/\/tthpharma.com\/wp-content\/uploads\/2025\/08\/Vector-Smart-Object-10_150x-12x12.webp 12w, https:\/\/tthpharma.com\/wp-content\/uploads\/2025\/08\/Vector-Smart-Object-10_150x-100x100.webp 100w\" sizes=\"(max-width: 104px) 100vw, 104px\" \/> <img loading=\"lazy\" decoding=\"async\" class=\"alignnone size-full wp-image-1706\" src=\"https:\/\/tthpharma.com\/wp-content\/uploads\/2025\/08\/Vector-Smart-Object-01_150x.webp\" alt=\"\" width=\"104\" height=\"105\" srcset=\"https:\/\/tthpharma.com\/wp-content\/uploads\/2025\/08\/Vector-Smart-Object-01_150x.webp 104w, https:\/\/tthpharma.com\/wp-content\/uploads\/2025\/08\/Vector-Smart-Object-01_150x-12x12.webp 12w, https:\/\/tthpharma.com\/wp-content\/uploads\/2025\/08\/Vector-Smart-Object-01_150x-100x100.webp 100w\" sizes=\"(max-width: 104px) 100vw, 104px\" \/><\/p>\n<\/div>","protected":false},"featured_media":1646,"comment_status":"open","ping_status":"closed","template":"","meta":[],"product_cat":[62,63],"product_tag":[],"acf":[],"_links":{"self":[{"href":"https:\/\/tthpharma.com\/en\/wp-json\/wp\/v2\/product\/1645"}],"collection":[{"href":"https:\/\/tthpharma.com\/en\/wp-json\/wp\/v2\/product"}],"about":[{"href":"https:\/\/tthpharma.com\/en\/wp-json\/wp\/v2\/types\/product"}],"replies":[{"embeddable":true,"href":"https:\/\/tthpharma.com\/en\/wp-json\/wp\/v2\/comments?post=1645"}],"wp:featuredmedia":[{"embeddable":true,"href":"https:\/\/tthpharma.com\/en\/wp-json\/wp\/v2\/media\/1646"}],"wp:attachment":[{"href":"https:\/\/tthpharma.com\/en\/wp-json\/wp\/v2\/media?parent=1645"}],"wp:term":[{"taxonomy":"product_cat","embeddable":true,"href":"https:\/\/tthpharma.com\/en\/wp-json\/wp\/v2\/product_cat?post=1645"},{"taxonomy":"product_tag","embeddable":true,"href":"https:\/\/tthpharma.com\/en\/wp-json\/wp\/v2\/product_tag?post=1645"}],"curies":[{"name":"wp","href":"https:\/\/api.w.org\/{rel}","templated":true}]}}