{"id":236,"date":"2023-12-15T09:17:33","date_gmt":"2023-12-15T09:17:33","guid":{"rendered":"http:\/\/tthpharma.123websitedev.com\/?page_id=236"},"modified":"2024-08-17T14:44:29","modified_gmt":"2024-08-17T07:44:29","slug":"gioi-thieu","status":"publish","type":"page","link":"https:\/\/tthpharma.com\/en\/gioi-thieu\/","title":{"rendered":"ABOUT US"},"content":{"rendered":"<div data-elementor-type=\"wp-page\" data-elementor-id=\"236\" class=\"elementor elementor-236\" data-elementor-post-type=\"page\">\n\t\t\t\t\t\t\t<div class=\"elementor-element elementor-element-7b9bffb e-con-full e-flex e-con\" data-id=\"7b9bffb\" data-element_type=\"container\" data-settings=\"{&quot;content_width&quot;:&quot;full&quot;}\">\n\t\t\t\t<div class=\"elementor-element elementor-element-7e5070c elementor-widget elementor-widget-template\" data-id=\"7e5070c\" data-element_type=\"widget\" data-widget_type=\"template.default\">\n\t\t\t\t<div class=\"elementor-widget-container\">\n\t\t\t\t\t<div class=\"elementor-template\">\n\t\t\t\t\t<div data-elementor-type=\"page\" data-elementor-id=\"520\" class=\"elementor elementor-520\" data-elementor-post-type=\"elementor_library\">\n\t\t\t\t\t\t\t<div class=\"elementor-element elementor-element-1ce8ec0 e-con-full e-flex e-con\" data-id=\"1ce8ec0\" data-element_type=\"container\" data-settings=\"{&quot;content_width&quot;:&quot;full&quot;}\">\n\t\t<div class=\"elementor-element elementor-element-6e8a89c e-con-full e-flex e-con\" data-id=\"6e8a89c\" data-element_type=\"container\" data-settings=\"{&quot;content_width&quot;:&quot;full&quot;,&quot;background_background&quot;:&quot;slideshow&quot;,&quot;background_slideshow_gallery&quot;:[{&quot;id&quot;:1560,&quot;url&quot;:&quot;https:\\\/\\\/tthpharma.com\\\/wp-content\\\/uploads\\\/2024\\\/08\\\/TTH-01-2.png&quot;},{&quot;id&quot;:1561,&quot;url&quot;:&quot;https:\\\/\\\/tthpharma.com\\\/wp-content\\\/uploads\\\/2024\\\/08\\\/Website-Banner_Desktop-1-1.jpg&quot;},{&quot;id&quot;:1656,&quot;url&quot;:&quot;https:\\\/\\\/tthpharma.com\\\/wp-content\\\/uploads\\\/2025\\\/08\\\/Wet-n-Wild-Logo-History.jpg&quot;}],&quot;background_slideshow_loop&quot;:&quot;yes&quot;,&quot;background_slideshow_slide_duration&quot;:5000,&quot;background_slideshow_slide_transition&quot;:&quot;fade&quot;,&quot;background_slideshow_transition_duration&quot;:500,&quot;background_motion_fx_devices&quot;:[&quot;desktop&quot;,&quot;tablet&quot;,&quot;mobile&quot;]}\">\n\t\t\t\t<\/div>\n\t\t\t\t<\/div>\n\t\t<div class=\"elementor-element elementor-element-8edf853 e-flex e-con-boxed e-con\" data-id=\"8edf853\" data-element_type=\"container\" data-settings=\"{&quot;content_width&quot;:&quot;boxed&quot;}\">\n\t\t\t\t\t<div class=\"e-con-inner\">\n\t\t\t\t\t<\/div>\n\t\t\t\t<\/div>\n\t\t\t\t\t\t\t<\/div>\n\t\t\t\t<\/div>\n\t\t\t\t<\/div>\n\t\t\t\t<\/div>\n\t\t\t\t<\/div>\n\t\t<div class=\"elementor-element elementor-element-fff5089 e-flex e-con-boxed e-con\" data-id=\"fff5089\" data-element_type=\"container\" id=\"content\" data-settings=\"{&quot;content_width&quot;:&quot;boxed&quot;}\">\n\t\t\t\t\t<div class=\"e-con-inner\">\n\t\t\t\t<div class=\"elementor-element elementor-element-1e0fc44 elementor-widget__width-initial elementor-invisible elementor-widget elementor-widget-heading\" data-id=\"1e0fc44\" data-element_type=\"widget\" data-settings=\"{&quot;_animation&quot;:&quot;fadeIn&quot;}\" data-widget_type=\"heading.default\">\n\t\t\t\t<div class=\"elementor-widget-container\">\n\t\t\t<style>\/*! elementor - v3.15.0 - 02-08-2023 *\/\n.elementor-heading-title{padding:0;margin:0;line-height:1}.elementor-widget-heading .elementor-heading-title[class*=elementor-size-]>a{color:inherit;font-size:inherit;line-height:inherit}.elementor-widget-heading .elementor-heading-title.elementor-size-small{font-size:15px}.elementor-widget-heading .elementor-heading-title.elementor-size-medium{font-size:19px}.elementor-widget-heading .elementor-heading-title.elementor-size-large{font-size:29px}.elementor-widget-heading .elementor-heading-title.elementor-size-xl{font-size:39px}.elementor-widget-heading .elementor-heading-title.elementor-size-xxl{font-size:59px}<\/style><h2 class=\"elementor-heading-title elementor-size-default\">Who are we\n<\/h2>\t\t<\/div>\n\t\t\t\t<\/div>\n\t\t\t\t<div class=\"elementor-element elementor-element-8381a04 elementor-widget__width-initial elementor-widget-mobile__width-inherit elementor-widget elementor-widget-text-editor\" data-id=\"8381a04\" data-element_type=\"widget\" data-widget_type=\"text-editor.default\">\n\t\t\t\t<div class=\"elementor-widget-container\">\n\t\t\t<style>\/*! elementor - v3.15.0 - 02-08-2023 *\/\n.elementor-widget-text-editor.elementor-drop-cap-view-stacked .elementor-drop-cap{background-color:#69727d;color:#fff}.elementor-widget-text-editor.elementor-drop-cap-view-framed .elementor-drop-cap{color:#69727d;border:3px solid;background-color:transparent}.elementor-widget-text-editor:not(.elementor-drop-cap-view-default) .elementor-drop-cap{margin-top:8px}.elementor-widget-text-editor:not(.elementor-drop-cap-view-default) .elementor-drop-cap-letter{width:1em;height:1em}.elementor-widget-text-editor .elementor-drop-cap{float:left;text-align:center;line-height:1;font-size:50px}.elementor-widget-text-editor .elementor-drop-cap-letter{display:inline-block}<\/style>\t\t\t\t<p><strong>\u00a0<\/strong><\/p><p><strong>1. GENERAL INTRODUCTION:<\/strong><\/p><p><strong>TTH PHARMACEUTICALS \u2013 COSMETICS DISTRIBUTION COMPANY LIMITED<\/strong> (TTH Pharma Co., Ltd) is one of the leading companies in the field of cosmetics distribution in Vietnam. Established in 2010, we are currently proud to be the non-exclusive distributor of many cosmetics brands in the world and the exclusive distributor of the Timeless Skincare brand in the markets of Vietnam, Laos, and Cambodia.<\/p><p>Through the development model on a large-scale system,\u00a0<strong>TTH Pharma<\/strong>\u00a0is now one of the leading providers of authentic cosmetics, with numerous branches situated in bustling, easily accessible locations throughout Ho Chi Minh City. Furthermore, to stay ahead of market trends, we are significantly expanding our presence on e-commerce platforms, facilitating seamless access and purchase of beauty care products for our customers.<\/p><p>At <strong>TTH Pharma<\/strong>, customers will be served by a team of knowledgeable and enthusiastic professionals. Our specialists possess not only extensive knowledge of cosmetics but also a deep understanding of the functions and benefits of each product. They are ready to provide consultation and assist customers in selecting the most suitable products for their needs and skin types. The dedication and professionalism of the TTH team are the key factors that have helped us build trust and satisfaction among our customers.<\/p><p><strong>\u00a0<\/strong><\/p><p><strong>2. FORMATION AND DEVELOPMENT OF TTH PHARMA<br \/><\/strong><\/p><p>Over more than a decade of development, <strong>TTH Pharma<\/strong> has continuously strived to provide customers with the best products and services, contributing to the enhancement of the quality of life and beauty of the community.<\/p><p>\u00a0<\/p><p><strong>3. WHY SHOULD YOU COOPERATE WITH US<\/strong><\/p><ul><li>We are the exclusive distributor of Timeless Skincare brand in Vietnam, Laos, and Cambodia markets.<\/li><li>We have a chain of retail stores and potential cosmetic partners in the Vietnamese market<\/li><li>We have many years of experience in the cosmetics industry.<\/li><li>We have a team of well-trained professionals with in-depth knowledge of cosmetics and the market.<\/li><li>Our import products always meet international standards at the most reasonable price.<\/li><li>Our company achieved Top\u2026 in distributing high-quality authentic cosmetics.<\/li><\/ul><p><strong>\u00a0<\/strong><\/p><p><strong>4. VISION- MISSION- CORE VALUES<\/strong><strong>\u00a0<\/strong><\/p><p><strong>4.1- Vision <\/strong><\/p><p><strong>TTH Pharma<\/strong> not only focuses on strong growth in wholesale and retail but also aims to become the exclusive distributor in Vietnam for international brands. We strive to build strategic partnerships with renowned cosmetics brands like Timeless Skincare to bring high-quality and reliable products to Vietnamese consumers.<\/p><p><strong>4.2- Mission <\/strong><\/p><p>The mission of <strong>TTH Pharma<\/strong> is bring to Vietnamese consumers international-standard cosmetics at the most competitive prices. We are committed to consistently importing and distributing reputable products that meet the growing beauty needs of our customers as well as contributing to enhancing the quality of life and beauty within the community.<\/p><p><strong>4.3- Core Values<\/strong><\/p><p>With the Slogan \"Awaken Beauty\", we believe that hidden beauty is always in every person and our mission is to help customers discover and maximize that beauty through cosmetic products. High quality and professional service<\/p><ul><li><strong>Quality<\/strong>: We are committed to delivering the best products and services to consumers. Each product at <strong>TTH Pharma<\/strong> are strictly tested and evaluated to ensure they meet the highest quality standards.<\/li><li><strong>Responsibility<\/strong>: <strong>TTH Pharma<\/strong> is committed to bringing the highest value to customers, the community, and the environment. Our team operates with a strong sense of responsibility, ensuring customer satisfaction and actively contributing to sustainable social development.<\/li><\/ul><p><strong>\u00a0<\/strong><\/p><p><strong>5. HUMAN RESOURCES<\/strong><\/p><ul><li>Sale Staff &amp; Delivery Staff: 50 persons<\/li><li>Marketing Staff: 20 persons<\/li><li>Customer Service Staff: 20 persons<\/li><li>Accountant: 4 persons<\/li><\/ul><p><strong>\u00a0<\/strong><\/p><p><strong>6. CONTACT INFORMATION<\/strong><\/p><ul><li>Head Office: 265\/7 No Trang Long Street, Binh Loi Trung Ward, Ho Chi Minh City, Vietnam<\/li><li>Tel: (+84) 888803338<\/li><li>Email: info@tthpharma.com<\/li><li>Website: www.tthpharma.com<\/li><\/ul>\t\t\t\t\t\t<\/div>\n\t\t\t\t<\/div>\n\t\t\t\t\t<\/div>\n\t\t\t\t<\/div>\n\t\t\t\t\t\t\t<\/div>","protected":false},"excerpt":{"rendered":"<p>Ch\u00fang t\u00f4i l\u00e0 ai \u00a0 1. GI\u1edaI THI\u1ec6U CHUNG: C\u00d4NG TY TNHH D\u01af\u1ee2C &#8211; M\u1ef8 PH\u1ea8M TTH (TTH Pharma Co., Ltd) l\u00e0 m\u1ed9t trong nh\u1eefng c\u00f4ng ty h\u00e0ng \u0111\u1ea7u trong l\u0129nh v\u1ef1c ph\u00e2n ph\u1ed1i m\u1ef9 ph\u1ea9m t\u1ea1i Vi\u1ec7t Nam. \u0110\u01b0\u1ee3c th\u00e0nh l\u1eadp v\u00e0o n\u0103m 2010, ch\u00fang t\u00f4i t\u1ef1 h\u00e0o l\u00e0 \u0111\u1ea1i l\u00fd c\u1ee7a nhi\u1ec1u nh\u00e3n [&hellip;]<\/p>","protected":false},"author":1,"featured_media":0,"parent":0,"menu_order":7,"comment_status":"closed","ping_status":"closed","template":"","meta":{"footnotes":""},"blocksy_meta":"","acf":[],"_links":{"self":[{"href":"https:\/\/tthpharma.com\/en\/wp-json\/wp\/v2\/pages\/236"}],"collection":[{"href":"https:\/\/tthpharma.com\/en\/wp-json\/wp\/v2\/pages"}],"about":[{"href":"https:\/\/tthpharma.com\/en\/wp-json\/wp\/v2\/types\/page"}],"author":[{"embeddable":true,"href":"https:\/\/tthpharma.com\/en\/wp-json\/wp\/v2\/users\/1"}],"replies":[{"embeddable":true,"href":"https:\/\/tthpharma.com\/en\/wp-json\/wp\/v2\/comments?post=236"}],"version-history":[{"count":67,"href":"https:\/\/tthpharma.com\/en\/wp-json\/wp\/v2\/pages\/236\/revisions"}],"predecessor-version":[{"id":1606,"href":"https:\/\/tthpharma.com\/en\/wp-json\/wp\/v2\/pages\/236\/revisions\/1606"}],"wp:attachment":[{"href":"https:\/\/tthpharma.com\/en\/wp-json\/wp\/v2\/media?parent=236"}],"curies":[{"name":"wp","href":"https:\/\/api.w.org\/{rel}","templated":true}]}}